{"id":6510,"date":"2024-09-01T13:38:41","date_gmt":"2024-09-01T12:38:41","guid":{"rendered":"https:\/\/butterfly-editions.com\/?post_type=product&#038;p=6510"},"modified":"2026-01-28T11:28:09","modified_gmt":"2026-01-28T10:28:09","slug":"la-rose-des-vents-de-isla-a","status":"publish","type":"product","link":"https:\/\/butterfly-editions.com\/index.php\/produit\/la-rose-des-vents-de-isla-a\/","title":{"rendered":"La rose des vents"},"content":{"rendered":"<p>La vingtaine, Milyia est une \u00e9tudiante comme les autres, un brin espi\u00e8gle profitant de chaque instant aupr\u00e8s de sa meilleure amie Karys, et de sa grand-m\u00e8re, Iris. Pourtant, la jeune femme cache de profondes f\u00ealures au fond de son c\u0153ur.<br \/>\nSuite au d\u00e9c\u00e8s de sa m\u00e8re, elle s&rsquo;astreint \u00e0 rester sur une voie qui n&rsquo;est pas la sienne.<br \/>\nJusque-l\u00e0 Milyia n&rsquo;a \u00e9prouv\u00e9 aucune difficult\u00e9 \u00e0 suivre son chemin, mais deux rencontres inattendues vont faire voler en \u00e9clats toutes ses certitudes et l&rsquo;obliger, malgr\u00e9 elle, \u00e0 sortir de sa zone de confort.<br \/>\nSi l&rsquo;une la pousse \u00e0 ressentir de nouveau, l&rsquo;autre risque de lui faire briser la seule promesse qu&rsquo;elle s&rsquo;est faite : ne jamais tomber amoureuse.<br \/>\n<em>Tous les risques valent-ils le coup d&rsquo;\u00eatre pris ? Jusqu&rsquo;o\u00f9 sera-t-elle pr\u00eate \u00e0 aller ?<\/em><\/p>\n<hr \/>\n<p>\u00ab\u00a0Il y a des romans qui parfois vous chamboulent et vous font perdre la t\u00eate. De tout les romans que j&rsquo;ai lus pas un seul ne m&rsquo;a autant boulevers\u00e9e que celui-ci. Cette histoire n&rsquo;est pas une simple romance, elle est tout simplement un message d&rsquo;espoir.\u00a0\u00bb cclevasion<\/p>\n","protected":false},"excerpt":{"rendered":"<p>La vingtaine, Milyia est une \u00e9tudiante comme les autres, un brin espi\u00e8gle profitant de chaque instant aupr\u00e8s de sa meilleure amie Karys, et de sa grand-m\u00e8re, Iris. Pourtant, la jeune femme cache de profondes f\u00ealures au fond de son c\u0153ur. Suite au d\u00e9c\u00e8s de sa m\u00e8re, elle s&rsquo;astreint \u00e0 rester sur une voie qui n&rsquo;est [&hellip;]<\/p>\n","protected":false},"featured_media":6565,"comment_status":"open","ping_status":"closed","template":"","meta":{"_acf_changed":false,"content-type":""},"product_brand":[],"product_cat":[461],"product_tag":[],"class_list":{"0":"post-6510","1":"product","2":"type-product","3":"status-publish","4":"has-post-thumbnail","6":"product_cat-romance-contemporaine","8":"first","9":"instock","10":"sold-individually","11":"taxable","12":"shipping-taxable","13":"purchasable","14":"product-type-variable"},"acf":{"auteur":"Isla A.","date_parution":"20180129","bestseller":false,"librairie":false},"aioseo_notices":[],"_links":{"self":[{"href":"https:\/\/butterfly-editions.com\/index.php\/wp-json\/wp\/v2\/product\/6510","targetHints":{"allow":["GET"]}}],"collection":[{"href":"https:\/\/butterfly-editions.com\/index.php\/wp-json\/wp\/v2\/product"}],"about":[{"href":"https:\/\/butterfly-editions.com\/index.php\/wp-json\/wp\/v2\/types\/product"}],"replies":[{"embeddable":true,"href":"https:\/\/butterfly-editions.com\/index.php\/wp-json\/wp\/v2\/comments?post=6510"}],"wp:featuredmedia":[{"embeddable":true,"href":"https:\/\/butterfly-editions.com\/index.php\/wp-json\/wp\/v2\/media\/6565"}],"wp:attachment":[{"href":"https:\/\/butterfly-editions.com\/index.php\/wp-json\/wp\/v2\/media?parent=6510"}],"wp:term":[{"taxonomy":"product_brand","embeddable":true,"href":"https:\/\/butterfly-editions.com\/index.php\/wp-json\/wp\/v2\/product_brand?post=6510"},{"taxonomy":"product_cat","embeddable":true,"href":"https:\/\/butterfly-editions.com\/index.php\/wp-json\/wp\/v2\/product_cat?post=6510"},{"taxonomy":"product_tag","embeddable":true,"href":"https:\/\/butterfly-editions.com\/index.php\/wp-json\/wp\/v2\/product_tag?post=6510"}],"curies":[{"name":"wp","href":"https:\/\/api.w.org\/{rel}","templated":true}]}}