{"id":6509,"date":"2024-09-01T13:38:41","date_gmt":"2024-09-01T12:38:41","guid":{"rendered":"https:\/\/butterfly-editions.com\/?post_type=product&#038;p=6509"},"modified":"2026-01-28T11:24:59","modified_gmt":"2026-01-28T10:24:59","slug":"confidences-tome-2-de-emilie-billon","status":"publish","type":"product","link":"https:\/\/butterfly-editions.com\/index.php\/produit\/confidences-tome-2-de-emilie-billon\/","title":{"rendered":"Confidences T2"},"content":{"rendered":"<p>Holly, mari\u00e9e \u00e0 Joshua depuis plusieurs ann\u00e9es et m\u00e8re de famille, va tout remettre en question lorsqu\u2019elle prend conscience qu\u2019elle ne veut plus passer \u00e0 c\u00f4t\u00e9 de sa vie.<br \/>\nLa rencontre d\u2019un autre homme va la contraindre \u00e0 voir les choses sous un autre angle et revoir toutes ses perspectives. Elle ne d\u00e9sire plus \u00eatre spectatrice de son existence et s\u2019interroge sur la direction qu\u2019elle doit, \u00e0 pr\u00e9sent, prendre.<br \/>\nLa vie est-elle faite de raison ou de passion ? Le bonheur est-il une l\u00e9gende ? Quel est le but de notre existence ? O\u00f9 sont pass\u00e9s nos r\u00eaves ? Gr\u00e2ce \u00e0 l\u2019aide du docteur Ana Berget-Castell, Holly va tenter de r\u00e9pondre \u00e0 toutes ces questions et reprendre sa vie en main.<br \/>\nQuel chemin va emprunter Holly ? A-t-on toujours le choix ?<\/p>\n<div id=\"richProductInformation_feature_div\" class=\"celwidget\" data-feature-name=\"richProductInformation\" data-csa-c-id=\"b27tmy-282sjt-giqord-oqi624\" data-cel-widget=\"richProductInformation_feature_div\"><\/div>\n<div data-csa-c-id=\"19wyq6-cgerxe-l6z22f-r8purq\" data-cel-widget=\"rich_product_information\"><\/div>\n","protected":false},"excerpt":{"rendered":"<p>Holly, mari\u00e9e \u00e0 Joshua depuis plusieurs ann\u00e9es et m\u00e8re de famille, va tout remettre en question lorsqu\u2019elle prend conscience qu\u2019elle ne veut plus passer \u00e0 c\u00f4t\u00e9 de sa vie. La rencontre d\u2019un autre homme va la contraindre \u00e0 voir les choses sous un autre angle et revoir toutes ses perspectives. Elle ne d\u00e9sire plus \u00eatre [&hellip;]<\/p>\n","protected":false},"featured_media":6600,"comment_status":"open","ping_status":"closed","template":"","meta":{"_acf_changed":false,"content-type":""},"product_brand":[],"product_cat":[461],"product_tag":[],"class_list":{"0":"post-6509","1":"product","2":"type-product","3":"status-publish","4":"has-post-thumbnail","6":"product_cat-romance-contemporaine","8":"first","9":"outofstock","10":"sold-individually","11":"taxable","12":"shipping-taxable","13":"purchasable","14":"product-type-variable"},"acf":{"auteur":"Emilie Billon","date_parution":"20180912","bestseller":false,"librairie":false},"aioseo_notices":[],"_links":{"self":[{"href":"https:\/\/butterfly-editions.com\/index.php\/wp-json\/wp\/v2\/product\/6509","targetHints":{"allow":["GET"]}}],"collection":[{"href":"https:\/\/butterfly-editions.com\/index.php\/wp-json\/wp\/v2\/product"}],"about":[{"href":"https:\/\/butterfly-editions.com\/index.php\/wp-json\/wp\/v2\/types\/product"}],"replies":[{"embeddable":true,"href":"https:\/\/butterfly-editions.com\/index.php\/wp-json\/wp\/v2\/comments?post=6509"}],"wp:featuredmedia":[{"embeddable":true,"href":"https:\/\/butterfly-editions.com\/index.php\/wp-json\/wp\/v2\/media\/6600"}],"wp:attachment":[{"href":"https:\/\/butterfly-editions.com\/index.php\/wp-json\/wp\/v2\/media?parent=6509"}],"wp:term":[{"taxonomy":"product_brand","embeddable":true,"href":"https:\/\/butterfly-editions.com\/index.php\/wp-json\/wp\/v2\/product_brand?post=6509"},{"taxonomy":"product_cat","embeddable":true,"href":"https:\/\/butterfly-editions.com\/index.php\/wp-json\/wp\/v2\/product_cat?post=6509"},{"taxonomy":"product_tag","embeddable":true,"href":"https:\/\/butterfly-editions.com\/index.php\/wp-json\/wp\/v2\/product_tag?post=6509"}],"curies":[{"name":"wp","href":"https:\/\/api.w.org\/{rel}","templated":true}]}}