{"id":6507,"date":"2024-09-01T13:38:41","date_gmt":"2024-09-01T12:38:41","guid":{"rendered":"https:\/\/butterfly-editions.com\/?post_type=product&#038;p=6507"},"modified":"2026-01-27T16:33:53","modified_gmt":"2026-01-27T15:33:53","slug":"babysitting-love-de-diane-hart","status":"publish","type":"product","link":"https:\/\/butterfly-editions.com\/index.php\/produit\/babysitting-love-de-diane-hart\/","title":{"rendered":"Babysitting Love"},"content":{"rendered":"<p>A presque vingt-huit ans, Savannah Shawn est pr\u00eate \u00e0 tout pour prouver \u00e0 son p\u00e8re surprotecteur qu&rsquo;elle peut se d\u00e9brouiller sans lui. Quitte \u00e0 partir vivre \u00e0 Londres, \u00e0 accepter un job de baby-sitter et \u00e0 cohabiter avec Callahan O\u2019Shea, un acteur vraiment tr\u00e8s sexy et&#8230; mari\u00e9.<\/p>\n<p>Mari\u00e9 et p\u00e8re d\u2019un petit gar\u00e7on, Callahan a tout pour \u00eatre heureux. Seulement, les apparences sont trompeuses. Prisonnier d\u2019une vie qui ne le satisfait plus, l\u2019acteur de trente-trois ans n\u2019est plus que l\u2019ombre de lui-m\u00eame, jusqu\u2019au jour o\u00f9 la nouvelle et irr\u00e9sistible baby-sitter de son fils s\u2019installe au dernier \u00e9tage de sa maison londonienne&#8230;<\/p>\n<p>Entre eux, l\u2019attirance est imm\u00e9diate, inexorable&#8230; interdite. Mais comment succomber \u00e0 la tentation quand cette derni\u00e8re implique de devoir briser tous les principes qu\u2019ils se sont jusqu\u2019alors impos\u00e9s ? Fous de d\u00e9sir, Savannah et Callahan parviendront-ils \u00e0 passer outre ? Arriveront-ils \u00e0 surmonter les nombreux obstacles qui les guettent afin de pouvoir vivre librement leur histoire ?<\/p>\n<hr \/>\n<p>\u00ab\u00a0J\u2019ai eu un r\u00e9el coup de c\u0153ur pour ces personnages, pour l\u2019histoire et surtout pour la plume de Diane Hart qui est fluide, belle et qui sait nous tenir en haleine. Je ne peux que vous conseiller cette romance.\u00a0\u00bb addictivesbooks<\/p>\n<div id=\"richProductInformation_feature_div\" class=\"celwidget\" data-feature-name=\"richProductInformation\" data-csa-c-id=\"b27tmy-282sjt-giqord-oqi624\" data-cel-widget=\"richProductInformation_feature_div\"><\/div>\n","protected":false},"excerpt":{"rendered":"<p>A presque vingt-huit ans, Savannah Shawn est pr\u00eate \u00e0 tout pour prouver \u00e0 son p\u00e8re surprotecteur qu&rsquo;elle peut se d\u00e9brouiller sans lui. Quitte \u00e0 partir vivre \u00e0 Londres, \u00e0 accepter un job de baby-sitter et \u00e0 cohabiter avec Callahan O\u2019Shea, un acteur vraiment tr\u00e8s sexy et&#8230; mari\u00e9. Mari\u00e9 et p\u00e8re d\u2019un petit gar\u00e7on, Callahan a [&hellip;]<\/p>\n","protected":false},"featured_media":6682,"comment_status":"open","ping_status":"closed","template":"","meta":{"_acf_changed":false,"content-type":""},"product_brand":[],"product_cat":[461],"product_tag":[491],"class_list":{"0":"post-6507","1":"product","2":"type-product","3":"status-publish","4":"has-post-thumbnail","6":"product_cat-romance-contemporaine","7":"product_tag-spicy","9":"first","10":"instock","11":"sold-individually","12":"taxable","13":"shipping-taxable","14":"purchasable","15":"product-type-variable"},"acf":{"auteur":"Diane Hart","date_parution":"20171002","bestseller":true,"librairie":false},"aioseo_notices":[],"_links":{"self":[{"href":"https:\/\/butterfly-editions.com\/index.php\/wp-json\/wp\/v2\/product\/6507","targetHints":{"allow":["GET"]}}],"collection":[{"href":"https:\/\/butterfly-editions.com\/index.php\/wp-json\/wp\/v2\/product"}],"about":[{"href":"https:\/\/butterfly-editions.com\/index.php\/wp-json\/wp\/v2\/types\/product"}],"replies":[{"embeddable":true,"href":"https:\/\/butterfly-editions.com\/index.php\/wp-json\/wp\/v2\/comments?post=6507"}],"wp:featuredmedia":[{"embeddable":true,"href":"https:\/\/butterfly-editions.com\/index.php\/wp-json\/wp\/v2\/media\/6682"}],"wp:attachment":[{"href":"https:\/\/butterfly-editions.com\/index.php\/wp-json\/wp\/v2\/media?parent=6507"}],"wp:term":[{"taxonomy":"product_brand","embeddable":true,"href":"https:\/\/butterfly-editions.com\/index.php\/wp-json\/wp\/v2\/product_brand?post=6507"},{"taxonomy":"product_cat","embeddable":true,"href":"https:\/\/butterfly-editions.com\/index.php\/wp-json\/wp\/v2\/product_cat?post=6507"},{"taxonomy":"product_tag","embeddable":true,"href":"https:\/\/butterfly-editions.com\/index.php\/wp-json\/wp\/v2\/product_tag?post=6507"}],"curies":[{"name":"wp","href":"https:\/\/api.w.org\/{rel}","templated":true}]}}