{"id":6504,"date":"2024-09-01T13:38:40","date_gmt":"2024-09-01T12:38:40","guid":{"rendered":"https:\/\/butterfly-editions.com\/?post_type=product&#038;p=6504"},"modified":"2026-01-28T10:56:19","modified_gmt":"2026-01-28T09:56:19","slug":"lenfer-en-11-lettres-de-jean-marie-roth","status":"publish","type":"product","link":"https:\/\/butterfly-editions.com\/index.php\/produit\/lenfer-en-11-lettres-de-jean-marie-roth\/","title":{"rendered":"L&rsquo;enfer en 11 lettres"},"content":{"rendered":"<p>Lorsque la police arriva sur les lieux, le drame fut d\u00e9j\u00e0 consomm\u00e9&#8230;<br \/>\nEx-mannequin vedette, d&rsquo;une ineffable beaut\u00e9, Mona vit avec sa fille, Sarah, dans une magnifique villa sur les hauteurs d&rsquo;Annecy.<br \/>\nIncarn\u00e9 par Roman, chirurgien de la clinique de la ville, un travail, l&rsquo;amour&#8230; le bonheur se pr\u00e9sente rapidement dans la vie de la jeune femme.<br \/>\nUne in\u00e9luctable descente aux enfers, \u00e9galement. L&rsquo;enqu\u00eate provoqu\u00e9e par quelque drame, men\u00e9e par un lieutenant totalement hors norme, d\u00e9voilera bien des secrets, mais c&rsquo;est en vase clos, entre les trois protagonistes, que se jouera le pire.<\/p>\n<p>Le pire et l&rsquo;indicible, pour un d\u00e9nouement des plus stup\u00e9fiant, redoutable et implacable.<\/p>\n<div id=\"richProductInformation_feature_div\" class=\"celwidget\" data-feature-name=\"richProductInformation\" data-csa-c-id=\"b27tmy-282sjt-giqord-oqi624\" data-cel-widget=\"richProductInformation_feature_div\"><\/div>\n","protected":false},"excerpt":{"rendered":"<p>Lorsque la police arriva sur les lieux, le drame fut d\u00e9j\u00e0 consomm\u00e9&#8230; Ex-mannequin vedette, d&rsquo;une ineffable beaut\u00e9, Mona vit avec sa fille, Sarah, dans une magnifique villa sur les hauteurs d&rsquo;Annecy. Incarn\u00e9 par Roman, chirurgien de la clinique de la ville, un travail, l&rsquo;amour&#8230; le bonheur se pr\u00e9sente rapidement dans la vie de la jeune [&hellip;]<\/p>\n","protected":false},"featured_media":6551,"comment_status":"open","ping_status":"closed","template":"","meta":{"_acf_changed":false,"content-type":""},"product_brand":[],"product_cat":[526],"product_tag":[],"class_list":{"0":"post-6504","1":"product","2":"type-product","3":"status-publish","4":"has-post-thumbnail","6":"product_cat-thriller","8":"first","9":"instock","10":"sold-individually","11":"taxable","12":"shipping-taxable","13":"purchasable","14":"product-type-variable"},"acf":{"auteur":"Jean-Marie Roth","date_parution":"20171123","bestseller":false,"librairie":false},"aioseo_notices":[],"_links":{"self":[{"href":"https:\/\/butterfly-editions.com\/index.php\/wp-json\/wp\/v2\/product\/6504","targetHints":{"allow":["GET"]}}],"collection":[{"href":"https:\/\/butterfly-editions.com\/index.php\/wp-json\/wp\/v2\/product"}],"about":[{"href":"https:\/\/butterfly-editions.com\/index.php\/wp-json\/wp\/v2\/types\/product"}],"replies":[{"embeddable":true,"href":"https:\/\/butterfly-editions.com\/index.php\/wp-json\/wp\/v2\/comments?post=6504"}],"wp:featuredmedia":[{"embeddable":true,"href":"https:\/\/butterfly-editions.com\/index.php\/wp-json\/wp\/v2\/media\/6551"}],"wp:attachment":[{"href":"https:\/\/butterfly-editions.com\/index.php\/wp-json\/wp\/v2\/media?parent=6504"}],"wp:term":[{"taxonomy":"product_brand","embeddable":true,"href":"https:\/\/butterfly-editions.com\/index.php\/wp-json\/wp\/v2\/product_brand?post=6504"},{"taxonomy":"product_cat","embeddable":true,"href":"https:\/\/butterfly-editions.com\/index.php\/wp-json\/wp\/v2\/product_cat?post=6504"},{"taxonomy":"product_tag","embeddable":true,"href":"https:\/\/butterfly-editions.com\/index.php\/wp-json\/wp\/v2\/product_tag?post=6504"}],"curies":[{"name":"wp","href":"https:\/\/api.w.org\/{rel}","templated":true}]}}