{"id":6502,"date":"2024-09-01T13:38:40","date_gmt":"2024-09-01T12:38:40","guid":{"rendered":"https:\/\/butterfly-editions.com\/?post_type=product&#038;p=6502"},"modified":"2024-09-01T13:43:45","modified_gmt":"2024-09-01T12:43:45","slug":"out-of-control-kim-de-julie-will","status":"publish","type":"product","link":"https:\/\/butterfly-editions.com\/index.php\/produit\/out-of-control-kim-de-julie-will\/","title":{"rendered":"Out of control Kim de Julie Will"},"content":{"rendered":"<p><strong>Il est arrogant, insupportable, irritable&#8230; mais surtout tr\u00e8s sexy.<\/strong><\/p>\n<p>Kim est t\u00eatue, d\u00e9termin\u00e9e et constamment dans le contr\u00f4le. Tenniswoman num\u00e9ro 1 du campus de Kansas University, elle orchestre sa vie autour de sa pratique sportive et de ses r\u00e9sultats. M\u00eame sa relation amoureuse avec sa petite amie, Lexie, passe au second plan.<\/p>\n<p>Et ce n\u2019est certainement pas Finn Bates, nouvel \u00e9tudiant dont le passe-temps favori est de la faire sortir de ses gonds, qui contrecarrera ses projets.<\/p>\n<p><em>Entre affrontements, piques et d\u00e9sir, le jeune homme est loin d\u2019avoir dit son dernier mot&#8230;<\/em><\/p>\n<p>Il s&rsquo;agit d&rsquo;une r\u00e9\u00e9dition, enti\u00e8rement retravaill\u00e9e.<\/p>\n<div id=\"richProductInformation_feature_div\" class=\"celwidget\" data-feature-name=\"richProductInformation\" data-csa-c-id=\"b27tmy-282sjt-giqord-oqi624\" data-cel-widget=\"richProductInformation_feature_div\">\n<div id=\"rich_product_information\" class=\"a-section a-spacing-none celwidget\" data-csa-c-id=\"19wyq6-cgerxe-l6z22f-r8purq\" data-cel-widget=\"rich_product_information\"><a href=\"https:\/\/www.amazon.fr\/Out-control-Julie-Will-ebook\/dp\/B08TCCYZV8\/ref=sr_1_2?__mk_fr_FR=%C3%85M%C3%85%C5%BD%C3%95%C3%91&amp;keywords=out+of+control&amp;qid=1638971653&amp;sr=8-2\"><img loading=\"lazy\" decoding=\"async\" class=\"n3VNCb alignleft\" src=\"https:\/\/logos-world.net\/wp-content\/uploads\/2020\/03\/Amazon-Kindle-Symbol.png\" alt=\"Amazon Kindle Logo, history, meaning, symbol, PNG\" width=\"94\" height=\"53\" data-noaft=\"1\" \/><\/a><a href=\"https:\/\/play.google.com\/store\/books\/details\/Julie_Will_Out_of_control?id=tgMWEAAAQBAJ\"><img loading=\"lazy\" decoding=\"async\" class=\"alignleft\" src=\"https:\/\/upload.wikimedia.org\/wikipedia\/commons\/3\/3b\/Google_livres.png\" alt=\"\" width=\"106\" height=\"40\" \/><\/a><a href=\"https:\/\/www.kobo.com\/fr\/fr\/ebook\/out-of-control-108\"><img loading=\"lazy\" decoding=\"async\" class=\"alignleft\" src=\"https:\/\/download.logo.wine\/logo\/Kobo_eReader\/Kobo_eReader-Logo.wine.png\" alt=\"\" width=\"90\" height=\"60\" \/><\/a><a href=\"https:\/\/books.apple.com\/fr\/book\/out-of-control\/id1549661972\"><img loading=\"lazy\" decoding=\"async\" class=\"alignleft\" src=\"https:\/\/support.apple.com\/content\/dam\/edam\/applecare\/images\/en_US\/social\/thumbnail\/ios11-ibooks-app_2x.png\" alt=\"\" width=\"52\" height=\"52\" \/><\/a><\/div>\n<\/div>\n<div data-csa-c-id=\"19wyq6-cgerxe-l6z22f-r8purq\" data-cel-widget=\"rich_product_information\"><\/div>\n<div data-csa-c-id=\"19wyq6-cgerxe-l6z22f-r8purq\" data-cel-widget=\"rich_product_information\"><\/div>\n","protected":false},"excerpt":{"rendered":"<p>Il est arrogant, insupportable, irritable&#8230; mais surtout tr\u00e8s sexy. Kim est t\u00eatue, d\u00e9termin\u00e9e et constamment dans le contr\u00f4le. Tenniswoman num\u00e9ro 1 du campus de Kansas University, elle orchestre sa vie autour de sa pratique sportive et de ses r\u00e9sultats. M\u00eame sa relation amoureuse avec sa petite amie, Lexie, passe au second plan. Et ce n\u2019est [&hellip;]<\/p>\n","protected":false},"featured_media":6708,"comment_status":"open","ping_status":"closed","template":"","meta":{"_acf_changed":false,"content-type":""},"product_brand":[],"product_cat":[59],"product_tag":[],"class_list":{"0":"post-6502","1":"product","2":"type-product","3":"status-publish","4":"has-post-thumbnail","6":"product_cat-non-classe","8":"first","9":"instock","10":"taxable","11":"shipping-taxable","12":"purchasable","13":"product-type-simple"},"acf":{"auteur":"","date_parution":null,"bestseller":false,"librairie":false},"aioseo_notices":[],"_links":{"self":[{"href":"https:\/\/butterfly-editions.com\/index.php\/wp-json\/wp\/v2\/product\/6502","targetHints":{"allow":["GET"]}}],"collection":[{"href":"https:\/\/butterfly-editions.com\/index.php\/wp-json\/wp\/v2\/product"}],"about":[{"href":"https:\/\/butterfly-editions.com\/index.php\/wp-json\/wp\/v2\/types\/product"}],"replies":[{"embeddable":true,"href":"https:\/\/butterfly-editions.com\/index.php\/wp-json\/wp\/v2\/comments?post=6502"}],"wp:featuredmedia":[{"embeddable":true,"href":"https:\/\/butterfly-editions.com\/index.php\/wp-json\/wp\/v2\/media\/6708"}],"wp:attachment":[{"href":"https:\/\/butterfly-editions.com\/index.php\/wp-json\/wp\/v2\/media?parent=6502"}],"wp:term":[{"taxonomy":"product_brand","embeddable":true,"href":"https:\/\/butterfly-editions.com\/index.php\/wp-json\/wp\/v2\/product_brand?post=6502"},{"taxonomy":"product_cat","embeddable":true,"href":"https:\/\/butterfly-editions.com\/index.php\/wp-json\/wp\/v2\/product_cat?post=6502"},{"taxonomy":"product_tag","embeddable":true,"href":"https:\/\/butterfly-editions.com\/index.php\/wp-json\/wp\/v2\/product_tag?post=6502"}],"curies":[{"name":"wp","href":"https:\/\/api.w.org\/{rel}","templated":true}]}}