{"id":6500,"date":"2024-09-01T13:38:40","date_gmt":"2024-09-01T12:38:40","guid":{"rendered":"https:\/\/butterfly-editions.com\/?post_type=product&#038;p=6500"},"modified":"2026-01-27T12:03:40","modified_gmt":"2026-01-27T11:03:40","slug":"fearless-alive-tome-2-de-nina-lena","status":"publish","type":"product","link":"https:\/\/butterfly-editions.com\/index.php\/produit\/fearless-alive-tome-2-de-nina-lena\/","title":{"rendered":"Fearless T2 &#8211; Alive"},"content":{"rendered":"<p>La vie est, para\u00eet-il, un \u00e9ternel recommencement. La mienne est un v\u00e9ritable d\u00e9sordre.<br \/>\nIl faut une force incroyable pour repartir, tout reconstruire&#8230; Mais, \u00e0 partir d\u2019aujourd\u2019hui, j\u2019ai d\u00e9cid\u00e9 de ne plus regarder en arri\u00e8re, ne plus essayer de combattre, ne plus faire confiance au destin.<br \/>\nMe l\u00e2cher. Respirer.<br \/>\nJe suis pr\u00eate \u00e0 suivre cette nouvelle trajectoire. Plus de tour pour me barrer le chemin, plus de roi pour tomber sous son charme, plus de pion pour m\u2019utiliser.<br \/>\nEn suis-je capable ? Seul le temps me le dira.<br \/>\nTristan est mort.<br \/>\nAlexandro est parti, mais je suis vivante, c\u2019est tout ce que je dois retenir.<\/p>\n<div id=\"richProductInformation_feature_div\" class=\"celwidget\" data-feature-name=\"richProductInformation\" data-csa-c-id=\"b27tmy-282sjt-giqord-oqi624\" data-cel-widget=\"richProductInformation_feature_div\"><\/div>\n<div data-csa-c-id=\"19wyq6-cgerxe-l6z22f-r8purq\" data-cel-widget=\"rich_product_information\"><\/div>\n","protected":false},"excerpt":{"rendered":"<p>La vie est, para\u00eet-il, un \u00e9ternel recommencement. La mienne est un v\u00e9ritable d\u00e9sordre. Il faut une force incroyable pour repartir, tout reconstruire&#8230; Mais, \u00e0 partir d\u2019aujourd\u2019hui, j\u2019ai d\u00e9cid\u00e9 de ne plus regarder en arri\u00e8re, ne plus essayer de combattre, ne plus faire confiance au destin. Me l\u00e2cher. Respirer. Je suis pr\u00eate \u00e0 suivre cette nouvelle [&hellip;]<\/p>\n","protected":false},"featured_media":6601,"comment_status":"open","ping_status":"closed","template":"","meta":{"_acf_changed":false,"content-type":""},"product_brand":[],"product_cat":[461],"product_tag":[475],"class_list":{"0":"post-6500","1":"product","2":"type-product","3":"status-publish","4":"has-post-thumbnail","6":"product_cat-romance-contemporaine","7":"product_tag-reconstruction","9":"first","10":"outofstock","11":"sold-individually","12":"taxable","13":"shipping-taxable","14":"purchasable","15":"product-type-variable"},"acf":{"auteur":"Nina Lena","date_parution":"20170629","bestseller":false,"librairie":false},"aioseo_notices":[],"_links":{"self":[{"href":"https:\/\/butterfly-editions.com\/index.php\/wp-json\/wp\/v2\/product\/6500","targetHints":{"allow":["GET"]}}],"collection":[{"href":"https:\/\/butterfly-editions.com\/index.php\/wp-json\/wp\/v2\/product"}],"about":[{"href":"https:\/\/butterfly-editions.com\/index.php\/wp-json\/wp\/v2\/types\/product"}],"replies":[{"embeddable":true,"href":"https:\/\/butterfly-editions.com\/index.php\/wp-json\/wp\/v2\/comments?post=6500"}],"wp:featuredmedia":[{"embeddable":true,"href":"https:\/\/butterfly-editions.com\/index.php\/wp-json\/wp\/v2\/media\/6601"}],"wp:attachment":[{"href":"https:\/\/butterfly-editions.com\/index.php\/wp-json\/wp\/v2\/media?parent=6500"}],"wp:term":[{"taxonomy":"product_brand","embeddable":true,"href":"https:\/\/butterfly-editions.com\/index.php\/wp-json\/wp\/v2\/product_brand?post=6500"},{"taxonomy":"product_cat","embeddable":true,"href":"https:\/\/butterfly-editions.com\/index.php\/wp-json\/wp\/v2\/product_cat?post=6500"},{"taxonomy":"product_tag","embeddable":true,"href":"https:\/\/butterfly-editions.com\/index.php\/wp-json\/wp\/v2\/product_tag?post=6500"}],"curies":[{"name":"wp","href":"https:\/\/api.w.org\/{rel}","templated":true}]}}