{"id":6499,"date":"2024-09-01T13:38:40","date_gmt":"2024-09-01T12:38:40","guid":{"rendered":"https:\/\/butterfly-editions.com\/?post_type=product&#038;p=6499"},"modified":"2026-01-27T11:55:53","modified_gmt":"2026-01-27T10:55:53","slug":"fearless-broken-de-nina-lena","status":"publish","type":"product","link":"https:\/\/butterfly-editions.com\/index.php\/produit\/fearless-broken-de-nina-lena\/","title":{"rendered":"Fearless T1 &#8211; Broken"},"content":{"rendered":"<p>En deux ans, Sarah est devenue ce que l&rsquo;on appelle \u00ab\u00a0une \u00e2me en peine\u00a0\u00bb. D\u00e9soeuvr\u00e9e et ab\u00eem\u00e9e. Depuis la mort de son petit ami, elle aspire et vampirise tout ce qu&rsquo;il y a de bon et de fort en elle pour ne laisser que le vide abriter d\u00e9sormais son coeur. Son existence s&rsquo;apparente \u00e0 un puits sans fond. N&rsquo;ayant plus la force de combattre les peurs qui serpentent autour d&rsquo;elle, Sarah d\u00e9cide de se r\u00e9fugier au coeur de la capitale. Un pari fou qui la m\u00e8nera tout droit vers Alexandro. Une nouvelle trajectoire qui pourrait s&rsquo;av\u00e9rer tout aussi dangereuse et \u00e9nigmatique. Saura-t-elle prendre le bon chemin avant que les fant\u00f4mes d&rsquo;une vie pass\u00e9e se r\u00e9inventent sur la route qu&rsquo;elle tente de tracer ?<\/p>\n<div id=\"richProductInformation_feature_div\" class=\"celwidget\" data-feature-name=\"richProductInformation\" data-csa-c-id=\"b27tmy-282sjt-giqord-oqi624\" data-cel-widget=\"richProductInformation_feature_div\"><\/div>\n<div data-csa-c-id=\"19wyq6-cgerxe-l6z22f-r8purq\" data-cel-widget=\"rich_product_information\"><\/div>\n","protected":false},"excerpt":{"rendered":"<p>En deux ans, Sarah est devenue ce que l&rsquo;on appelle \u00ab\u00a0une \u00e2me en peine\u00a0\u00bb. D\u00e9soeuvr\u00e9e et ab\u00eem\u00e9e. Depuis la mort de son petit ami, elle aspire et vampirise tout ce qu&rsquo;il y a de bon et de fort en elle pour ne laisser que le vide abriter d\u00e9sormais son coeur. Son existence s&rsquo;apparente \u00e0 un [&hellip;]<\/p>\n","protected":false},"featured_media":6549,"comment_status":"open","ping_status":"closed","template":"","meta":{"_acf_changed":false,"content-type":""},"product_brand":[],"product_cat":[461],"product_tag":[475],"class_list":{"0":"post-6499","1":"product","2":"type-product","3":"status-publish","4":"has-post-thumbnail","6":"product_cat-romance-contemporaine","7":"product_tag-reconstruction","9":"first","10":"outofstock","11":"sold-individually","12":"taxable","13":"shipping-taxable","14":"purchasable","15":"product-type-variable"},"acf":{"auteur":"Nina Lena","date_parution":"20170629","bestseller":false,"librairie":false},"aioseo_notices":[],"_links":{"self":[{"href":"https:\/\/butterfly-editions.com\/index.php\/wp-json\/wp\/v2\/product\/6499","targetHints":{"allow":["GET"]}}],"collection":[{"href":"https:\/\/butterfly-editions.com\/index.php\/wp-json\/wp\/v2\/product"}],"about":[{"href":"https:\/\/butterfly-editions.com\/index.php\/wp-json\/wp\/v2\/types\/product"}],"replies":[{"embeddable":true,"href":"https:\/\/butterfly-editions.com\/index.php\/wp-json\/wp\/v2\/comments?post=6499"}],"wp:featuredmedia":[{"embeddable":true,"href":"https:\/\/butterfly-editions.com\/index.php\/wp-json\/wp\/v2\/media\/6549"}],"wp:attachment":[{"href":"https:\/\/butterfly-editions.com\/index.php\/wp-json\/wp\/v2\/media?parent=6499"}],"wp:term":[{"taxonomy":"product_brand","embeddable":true,"href":"https:\/\/butterfly-editions.com\/index.php\/wp-json\/wp\/v2\/product_brand?post=6499"},{"taxonomy":"product_cat","embeddable":true,"href":"https:\/\/butterfly-editions.com\/index.php\/wp-json\/wp\/v2\/product_cat?post=6499"},{"taxonomy":"product_tag","embeddable":true,"href":"https:\/\/butterfly-editions.com\/index.php\/wp-json\/wp\/v2\/product_tag?post=6499"}],"curies":[{"name":"wp","href":"https:\/\/api.w.org\/{rel}","templated":true}]}}