{"id":6498,"date":"2024-09-01T13:38:40","date_gmt":"2024-09-01T12:38:40","guid":{"rendered":"https:\/\/butterfly-editions.com\/?post_type=product&#038;p=6498"},"modified":"2026-01-27T11:40:24","modified_gmt":"2026-01-27T10:40:24","slug":"a-bout-portant-de-madilie-v","status":"publish","type":"product","link":"https:\/\/butterfly-editions.com\/index.php\/produit\/a-bout-portant-de-madilie-v\/","title":{"rendered":"\u00c0 bout portant"},"content":{"rendered":"<p>\u00ab Tu es ma plus belle lumi\u00e8re dans l\u2019obscurit\u00e9. \u00bb<\/p>\n<p>Joan est ce que l\u2019on appelle une femme de caract\u00e8re. Forte et ambitieuse, elle m\u00e8ne sa vie comme bon lui semble. Le jour, \u00e9tudiante dans une \u00e9cole d\u2019arts r\u00e9put\u00e9e, elle devient, la nuit, un v\u00e9ritable pi\u00e8ge \u00e0 hommes et n\u2019h\u00e9site pas \u00e0 le revendiquer haut et fort.<br \/>\nMais son temp\u00e9rament de feu, son instinct de chasseuse, vont la mener droit vers Ma\u00ebl.<br \/>\nCet homme, d\u2019apparence froide, aux yeux sombres et myst\u00e9rieux, \u00e9veillera en elle des choses auxquelles elle ne croyait plus.<br \/>\nTotalement sous son emprise, Joan se donne \u00e0 ce beau brun t\u00e9n\u00e9breux sans se douter un seul instant que certains secrets m\u00e9riteraient de rester enfouis. Co\u00fbte que co\u00fbte&#8230;<br \/>\nCommence alors un jeu dangereux d\u2019o\u00f9 personne ne ressortira v\u00e9ritablement indemne.<br \/>\nDeux joueurs, un seul vainqueur pour une partie acharn\u00e9e, boulevers\u00e9e par un adversaire de taille.<\/p>\n<div id=\"richProductInformation_feature_div\" class=\"celwidget\" data-feature-name=\"richProductInformation\" data-csa-c-id=\"b27tmy-282sjt-giqord-oqi624\" data-cel-widget=\"richProductInformation_feature_div\"><\/div>\n<div data-csa-c-id=\"19wyq6-cgerxe-l6z22f-r8purq\" data-cel-widget=\"rich_product_information\"><\/div>\n","protected":false},"excerpt":{"rendered":"<p>\u00ab Tu es ma plus belle lumi\u00e8re dans l\u2019obscurit\u00e9. \u00bb Joan est ce que l\u2019on appelle une femme de caract\u00e8re. Forte et ambitieuse, elle m\u00e8ne sa vie comme bon lui semble. Le jour, \u00e9tudiante dans une \u00e9cole d\u2019arts r\u00e9put\u00e9e, elle devient, la nuit, un v\u00e9ritable pi\u00e8ge \u00e0 hommes et n\u2019h\u00e9site pas \u00e0 le revendiquer haut [&hellip;]<\/p>\n","protected":false},"featured_media":6580,"comment_status":"open","ping_status":"closed","template":"","meta":{"_acf_changed":false,"content-type":""},"product_brand":[],"product_cat":[466],"product_tag":[516,515],"class_list":{"0":"post-6498","1":"product","2":"type-product","3":"status-publish","4":"has-post-thumbnail","6":"product_cat-romance-sombre","7":"product_tag-maladies","8":"product_tag-sad-end","10":"first","11":"instock","12":"sold-individually","13":"taxable","14":"shipping-taxable","15":"purchasable","16":"product-type-variable"},"acf":{"auteur":"MadiLie V.","date_parution":"20180928","bestseller":false,"librairie":false},"aioseo_notices":[],"_links":{"self":[{"href":"https:\/\/butterfly-editions.com\/index.php\/wp-json\/wp\/v2\/product\/6498","targetHints":{"allow":["GET"]}}],"collection":[{"href":"https:\/\/butterfly-editions.com\/index.php\/wp-json\/wp\/v2\/product"}],"about":[{"href":"https:\/\/butterfly-editions.com\/index.php\/wp-json\/wp\/v2\/types\/product"}],"replies":[{"embeddable":true,"href":"https:\/\/butterfly-editions.com\/index.php\/wp-json\/wp\/v2\/comments?post=6498"}],"wp:featuredmedia":[{"embeddable":true,"href":"https:\/\/butterfly-editions.com\/index.php\/wp-json\/wp\/v2\/media\/6580"}],"wp:attachment":[{"href":"https:\/\/butterfly-editions.com\/index.php\/wp-json\/wp\/v2\/media?parent=6498"}],"wp:term":[{"taxonomy":"product_brand","embeddable":true,"href":"https:\/\/butterfly-editions.com\/index.php\/wp-json\/wp\/v2\/product_brand?post=6498"},{"taxonomy":"product_cat","embeddable":true,"href":"https:\/\/butterfly-editions.com\/index.php\/wp-json\/wp\/v2\/product_cat?post=6498"},{"taxonomy":"product_tag","embeddable":true,"href":"https:\/\/butterfly-editions.com\/index.php\/wp-json\/wp\/v2\/product_tag?post=6498"}],"curies":[{"name":"wp","href":"https:\/\/api.w.org\/{rel}","templated":true}]}}