{"id":6495,"date":"2024-09-01T13:38:40","date_gmt":"2024-09-01T12:38:40","guid":{"rendered":"https:\/\/butterfly-editions.com\/?post_type=product&#038;p=6495"},"modified":"2026-01-27T11:28:45","modified_gmt":"2026-01-27T10:28:45","slug":"nurse-for-you-de-madilie-v","status":"publish","type":"product","link":"https:\/\/butterfly-editions.com\/index.php\/produit\/nurse-for-you-de-madilie-v\/","title":{"rendered":"For You T1 &#8211; Nurse for You"},"content":{"rendered":"<p>Erine est une jeune femme plut\u00f4t discr\u00e8te, que la vie n\u2019a pas \u00e9pargn\u00e9e. Infirmi\u00e8re dans un h\u00f4pital londonien, elle semble \u00e9panouie. Fianc\u00e9e, un travail qu\u2019elle aime, elle a enfin r\u00e9ussi \u00e0 remettre sa vie sur pied.<br \/>\nMais ce matin-l\u00e0 va changer son existence \u00e0 tout jamais.<br \/>\nIL va changer son existence.<br \/>\nJames, acteur mondialement connu, entour\u00e9 de fans, sillonnant la plan\u00e8te, va donner un autre sens au mot \u00ab vivre \u00bb.<br \/>\nLeur diff\u00e9rence sera leur force.<br \/>\nUn d\u00e9but de romance, un second souffle pour chacun d\u2019eux, mieux encore, une revanche sur le pass\u00e9.<br \/>\nSeulement qu\u2019en est-il quand il resurgit et nous impose un choix ?<br \/>\nErine va en faire les frais. Ils vont se chercher, se d\u00e9couvrir, s\u2019aimer, se d\u00e9chirer.<br \/>\nEt vous ? Que feriez-vous \u00e0 sa place ?<\/p>\n<div id=\"richProductInformation_feature_div\" class=\"celwidget\" data-feature-name=\"richProductInformation\" data-csa-c-id=\"b27tmy-282sjt-giqord-oqi624\" data-cel-widget=\"richProductInformation_feature_div\"><\/div>\n","protected":false},"excerpt":{"rendered":"<p>Erine est une jeune femme plut\u00f4t discr\u00e8te, que la vie n\u2019a pas \u00e9pargn\u00e9e. Infirmi\u00e8re dans un h\u00f4pital londonien, elle semble \u00e9panouie. Fianc\u00e9e, un travail qu\u2019elle aime, elle a enfin r\u00e9ussi \u00e0 remettre sa vie sur pied. Mais ce matin-l\u00e0 va changer son existence \u00e0 tout jamais. IL va changer son existence. James, acteur mondialement connu, [&hellip;]<\/p>\n","protected":false},"featured_media":6548,"comment_status":"open","ping_status":"closed","template":"","meta":{"_acf_changed":false,"content-type":""},"product_brand":[],"product_cat":[461],"product_tag":[505,493,494,490,491,508],"class_list":{"0":"post-6495","1":"product","2":"type-product","3":"status-publish","4":"has-post-thumbnail","6":"product_cat-romance-contemporaine","7":"product_tag-acteur","8":"product_tag-bad-boy","9":"product_tag-desir","10":"product_tag-passion","11":"product_tag-spicy","12":"product_tag-star","14":"first","15":"instock","16":"sold-individually","17":"taxable","18":"shipping-taxable","19":"purchasable","20":"product-type-variable"},"acf":{"auteur":"MadiLie V.","date_parution":"20170620","bestseller":false,"librairie":false},"aioseo_notices":[],"_links":{"self":[{"href":"https:\/\/butterfly-editions.com\/index.php\/wp-json\/wp\/v2\/product\/6495","targetHints":{"allow":["GET"]}}],"collection":[{"href":"https:\/\/butterfly-editions.com\/index.php\/wp-json\/wp\/v2\/product"}],"about":[{"href":"https:\/\/butterfly-editions.com\/index.php\/wp-json\/wp\/v2\/types\/product"}],"replies":[{"embeddable":true,"href":"https:\/\/butterfly-editions.com\/index.php\/wp-json\/wp\/v2\/comments?post=6495"}],"wp:featuredmedia":[{"embeddable":true,"href":"https:\/\/butterfly-editions.com\/index.php\/wp-json\/wp\/v2\/media\/6548"}],"wp:attachment":[{"href":"https:\/\/butterfly-editions.com\/index.php\/wp-json\/wp\/v2\/media?parent=6495"}],"wp:term":[{"taxonomy":"product_brand","embeddable":true,"href":"https:\/\/butterfly-editions.com\/index.php\/wp-json\/wp\/v2\/product_brand?post=6495"},{"taxonomy":"product_cat","embeddable":true,"href":"https:\/\/butterfly-editions.com\/index.php\/wp-json\/wp\/v2\/product_cat?post=6495"},{"taxonomy":"product_tag","embeddable":true,"href":"https:\/\/butterfly-editions.com\/index.php\/wp-json\/wp\/v2\/product_tag?post=6495"}],"curies":[{"name":"wp","href":"https:\/\/api.w.org\/{rel}","templated":true}]}}