{"id":6494,"date":"2024-09-01T13:38:39","date_gmt":"2024-09-01T12:38:39","guid":{"rendered":"https:\/\/butterfly-editions.com\/?post_type=product&#038;p=6494"},"modified":"2026-01-27T09:40:30","modified_gmt":"2026-01-27T08:40:30","slug":"jamais-2-sans-trois-iii-de-milyi-kind","status":"publish","type":"product","link":"https:\/\/butterfly-editions.com\/index.php\/produit\/jamais-2-sans-trois-iii-de-milyi-kind\/","title":{"rendered":"Jamais 2 sans trois T3"},"content":{"rendered":"<p>Lorsque leur V\u00e9n\u00e9neuse retourne chez ses Affreux, elle ne trouve qu&rsquo;un appartement d\u00e9sert\u00e9.<br \/>\nVide d&rsquo;eux, vide de sens. Sans un mot pour expliquer leur d\u00e9part pr\u00e9cipit\u00e9. La laissant seule face \u00e0 elle-m\u00eame et son chagrin. Quatorze mois plus tard, la vie a repris son cours et ses droits sur son semblant d&rsquo;existence.<br \/>\nMais la jeune femme arrivera-t-elle \u00e0 avancer en abandonnant le pass\u00e9 derri\u00e8re elle alors que tant de questions sont rest\u00e9es sans r\u00e9ponses ?<br \/>\nQuelle place peut-elle donner \u00e0 Finn ?<br \/>\n\u00c0 quoi joue Nikla\u00f9s, lui d\u00e9sormais mutique face \u00e0 ses propres secrets ?<br \/>\nEt surtout, que sont devenus Vadim et Andrea ?<br \/>\nCapucine peut-elle r\u00e9ellement faire une croix sur leur Jamais deux sans trois ?<\/p>\n<div id=\"richProductInformation_feature_div\" class=\"celwidget\" data-feature-name=\"richProductInformation\" data-csa-c-id=\"b27tmy-282sjt-giqord-oqi624\" data-cel-widget=\"richProductInformation_feature_div\"><\/div>\n<div data-csa-c-id=\"19wyq6-cgerxe-l6z22f-r8purq\" data-cel-widget=\"rich_product_information\"><\/div>\n","protected":false},"excerpt":{"rendered":"<p>Lorsque leur V\u00e9n\u00e9neuse retourne chez ses Affreux, elle ne trouve qu&rsquo;un appartement d\u00e9sert\u00e9. Vide d&rsquo;eux, vide de sens. Sans un mot pour expliquer leur d\u00e9part pr\u00e9cipit\u00e9. La laissant seule face \u00e0 elle-m\u00eame et son chagrin. Quatorze mois plus tard, la vie a repris son cours et ses droits sur son semblant d&rsquo;existence. Mais la jeune [&hellip;]<\/p>\n","protected":false},"featured_media":6564,"comment_status":"open","ping_status":"closed","template":"","meta":{"_acf_changed":false,"content-type":""},"product_brand":[],"product_cat":[461],"product_tag":[490,491,509],"class_list":{"0":"post-6494","1":"product","2":"type-product","3":"status-publish","4":"has-post-thumbnail","6":"product_cat-romance-contemporaine","7":"product_tag-passion","8":"product_tag-spicy","9":"product_tag-trouple","11":"first","12":"instock","13":"sold-individually","14":"taxable","15":"shipping-taxable","16":"purchasable","17":"product-type-variable"},"acf":{"auteur":"Milyi Kind","date_parution":"20171215","bestseller":false,"librairie":false},"aioseo_notices":[],"_links":{"self":[{"href":"https:\/\/butterfly-editions.com\/index.php\/wp-json\/wp\/v2\/product\/6494","targetHints":{"allow":["GET"]}}],"collection":[{"href":"https:\/\/butterfly-editions.com\/index.php\/wp-json\/wp\/v2\/product"}],"about":[{"href":"https:\/\/butterfly-editions.com\/index.php\/wp-json\/wp\/v2\/types\/product"}],"replies":[{"embeddable":true,"href":"https:\/\/butterfly-editions.com\/index.php\/wp-json\/wp\/v2\/comments?post=6494"}],"wp:featuredmedia":[{"embeddable":true,"href":"https:\/\/butterfly-editions.com\/index.php\/wp-json\/wp\/v2\/media\/6564"}],"wp:attachment":[{"href":"https:\/\/butterfly-editions.com\/index.php\/wp-json\/wp\/v2\/media?parent=6494"}],"wp:term":[{"taxonomy":"product_brand","embeddable":true,"href":"https:\/\/butterfly-editions.com\/index.php\/wp-json\/wp\/v2\/product_brand?post=6494"},{"taxonomy":"product_cat","embeddable":true,"href":"https:\/\/butterfly-editions.com\/index.php\/wp-json\/wp\/v2\/product_cat?post=6494"},{"taxonomy":"product_tag","embeddable":true,"href":"https:\/\/butterfly-editions.com\/index.php\/wp-json\/wp\/v2\/product_tag?post=6494"}],"curies":[{"name":"wp","href":"https:\/\/api.w.org\/{rel}","templated":true}]}}