{"id":6493,"date":"2024-09-01T13:38:39","date_gmt":"2024-09-01T12:38:39","guid":{"rendered":"https:\/\/butterfly-editions.com\/?post_type=product&#038;p=6493"},"modified":"2026-01-28T11:50:42","modified_gmt":"2026-01-28T10:50:42","slug":"another-shine-de-mel-d","status":"publish","type":"product","link":"https:\/\/butterfly-editions.com\/index.php\/produit\/another-shine-de-mel-d\/","title":{"rendered":"Another Shine"},"content":{"rendered":"<p><strong>Ils se cherchent. Ils s&rsquo;attirent. Ils se d\u00e9fient.<\/strong><\/p>\n<p>Apr\u00e8s dix ans loin des siens, Andrew revient \u00e0 Londres plus fort, mais aussi bien plus sombre que jamais. L&rsquo;amour ? Tr\u00e8s peu pour lui. Il a d\u00e9j\u00e0 assez donn\u00e9 par le pass\u00e9.<\/p>\n<p>Apr\u00e8s des ann\u00e9es de mensonges, Alyanna quitte le Portugal pour retrouver sa m\u00e8re. Direction Londres. Elle est pr\u00eate \u00e0 tout. Quitte \u00e0 vendre son \u00e2me au Diable. L&rsquo;amour ? Ce n&rsquo;est, de loin, pas sa pr\u00e9occupation premi\u00e8re, elle n&rsquo;est pas venue pour \u00e7a.<\/p>\n<p>Quand la jeune femme accepte de travailler comme assistante dans un cabinet d&rsquo;avocats, elle ne se doute pas un seul instant que son patron, Andrew Kyle, sera autant imbuvable. Entre eux, c&rsquo;est explosif d\u00e8s la premi\u00e8re rencontre. Ils s&rsquo;attirent autant qu&rsquo;il se d\u00e9testent.<\/p>\n<p><em>Ne dit-on pas qu&rsquo;entre l&rsquo;amour et la haine, il n&rsquo;y a qu&rsquo;un pas ?<\/em><\/p>\n<div id=\"richProductInformation_feature_div\" class=\"celwidget\" data-feature-name=\"richProductInformation\" data-csa-c-id=\"b27tmy-282sjt-giqord-oqi624\" data-cel-widget=\"richProductInformation_feature_div\"><\/div>\n<div data-csa-c-id=\"19wyq6-cgerxe-l6z22f-r8purq\" data-cel-widget=\"rich_product_information\"><\/div>\n","protected":false},"excerpt":{"rendered":"<p>Ils se cherchent. Ils s&rsquo;attirent. Ils se d\u00e9fient. Apr\u00e8s dix ans loin des siens, Andrew revient \u00e0 Londres plus fort, mais aussi bien plus sombre que jamais. L&rsquo;amour ? Tr\u00e8s peu pour lui. Il a d\u00e9j\u00e0 assez donn\u00e9 par le pass\u00e9. Apr\u00e8s des ann\u00e9es de mensonges, Alyanna quitte le Portugal pour retrouver sa m\u00e8re. Direction [&hellip;]<\/p>\n","protected":false},"featured_media":6632,"comment_status":"open","ping_status":"closed","template":"","meta":{"_acf_changed":false,"content-type":""},"product_brand":[],"product_cat":[461],"product_tag":[],"class_list":{"0":"post-6493","1":"product","2":"type-product","3":"status-publish","4":"has-post-thumbnail","6":"product_cat-romance-contemporaine","8":"first","9":"outofstock","10":"sold-individually","11":"taxable","12":"shipping-taxable","13":"purchasable","14":"product-type-variable"},"acf":{"auteur":"Mel D. ","date_parution":"20200521","bestseller":true,"librairie":false},"aioseo_notices":[],"_links":{"self":[{"href":"https:\/\/butterfly-editions.com\/index.php\/wp-json\/wp\/v2\/product\/6493","targetHints":{"allow":["GET"]}}],"collection":[{"href":"https:\/\/butterfly-editions.com\/index.php\/wp-json\/wp\/v2\/product"}],"about":[{"href":"https:\/\/butterfly-editions.com\/index.php\/wp-json\/wp\/v2\/types\/product"}],"replies":[{"embeddable":true,"href":"https:\/\/butterfly-editions.com\/index.php\/wp-json\/wp\/v2\/comments?post=6493"}],"wp:featuredmedia":[{"embeddable":true,"href":"https:\/\/butterfly-editions.com\/index.php\/wp-json\/wp\/v2\/media\/6632"}],"wp:attachment":[{"href":"https:\/\/butterfly-editions.com\/index.php\/wp-json\/wp\/v2\/media?parent=6493"}],"wp:term":[{"taxonomy":"product_brand","embeddable":true,"href":"https:\/\/butterfly-editions.com\/index.php\/wp-json\/wp\/v2\/product_brand?post=6493"},{"taxonomy":"product_cat","embeddable":true,"href":"https:\/\/butterfly-editions.com\/index.php\/wp-json\/wp\/v2\/product_cat?post=6493"},{"taxonomy":"product_tag","embeddable":true,"href":"https:\/\/butterfly-editions.com\/index.php\/wp-json\/wp\/v2\/product_tag?post=6493"}],"curies":[{"name":"wp","href":"https:\/\/api.w.org\/{rel}","templated":true}]}}