{"id":6492,"date":"2024-09-01T13:38:39","date_gmt":"2024-09-01T12:38:39","guid":{"rendered":"https:\/\/butterfly-editions.com\/?post_type=product&#038;p=6492"},"modified":"2026-01-28T11:51:20","modified_gmt":"2026-01-28T10:51:20","slug":"another-choice-de-mel-d","status":"publish","type":"product","link":"https:\/\/butterfly-editions.com\/index.php\/produit\/another-choice-de-mel-d\/","title":{"rendered":"Another Choice"},"content":{"rendered":"<p>Lorsque Rylee est oblig\u00e9e d&rsquo;accepter un nouveau travail \u00e0 Londres, elle ne s&rsquo;attend certainement pas \u00e0 devoir s\u00e9journer chez Jason. Cet homme hautain et col\u00e9rique, mais \u00e9galement le plus s\u00e9duisant qu&rsquo;elle n&rsquo;ait jamais connu ! Malgr\u00e9 l&rsquo;attirance physique qu&rsquo;elle \u00e9prouve pour lui, elle s&rsquo;interdit de tomber amoureuse. C&rsquo;est une limite qu&rsquo;elle ne peut, malheureusement, pas franchir. Lorsque Jason est contraint d&rsquo;h\u00e9berger Rylee pour trois mois, il met tout en oeuvre pour ne pas c\u00e9der \u00e0 la tentation et briser la promesse qu&rsquo;il a faite, il y a seize ans. Se montrer odieux est la seule fa\u00e7on pour lui de refouler ses sentiments. Seront-ils capables d&rsquo;honorer leurs engagements sans se d\u00e9truire ? Quand leur pass\u00e9 est encore trop pr\u00e9sent et que tant de vies sont en jeu, quel choix leur reste-t-il ?<\/p>\n<div id=\"richProductInformation_feature_div\" class=\"celwidget\" data-feature-name=\"richProductInformation\" data-csa-c-id=\"b27tmy-282sjt-giqord-oqi624\" data-cel-widget=\"richProductInformation_feature_div\"><\/div>\n<div data-csa-c-id=\"19wyq6-cgerxe-l6z22f-r8purq\" data-cel-widget=\"rich_product_information\"><\/div>\n","protected":false},"excerpt":{"rendered":"<p>Lorsque Rylee est oblig\u00e9e d&rsquo;accepter un nouveau travail \u00e0 Londres, elle ne s&rsquo;attend certainement pas \u00e0 devoir s\u00e9journer chez Jason. Cet homme hautain et col\u00e9rique, mais \u00e9galement le plus s\u00e9duisant qu&rsquo;elle n&rsquo;ait jamais connu ! Malgr\u00e9 l&rsquo;attirance physique qu&rsquo;elle \u00e9prouve pour lui, elle s&rsquo;interdit de tomber amoureuse. C&rsquo;est une limite qu&rsquo;elle ne peut, malheureusement, pas [&hellip;]<\/p>\n","protected":false},"featured_media":6573,"comment_status":"open","ping_status":"closed","template":"","meta":{"_acf_changed":false,"content-type":""},"product_brand":[],"product_cat":[461],"product_tag":[],"class_list":{"0":"post-6492","1":"product","2":"type-product","3":"status-publish","4":"has-post-thumbnail","6":"product_cat-romance-contemporaine","8":"first","9":"outofstock","10":"sold-individually","11":"taxable","12":"shipping-taxable","13":"purchasable","14":"product-type-variable"},"acf":{"auteur":"Mel D. ","date_parution":"20180328","bestseller":true,"librairie":false},"aioseo_notices":[],"_links":{"self":[{"href":"https:\/\/butterfly-editions.com\/index.php\/wp-json\/wp\/v2\/product\/6492","targetHints":{"allow":["GET"]}}],"collection":[{"href":"https:\/\/butterfly-editions.com\/index.php\/wp-json\/wp\/v2\/product"}],"about":[{"href":"https:\/\/butterfly-editions.com\/index.php\/wp-json\/wp\/v2\/types\/product"}],"replies":[{"embeddable":true,"href":"https:\/\/butterfly-editions.com\/index.php\/wp-json\/wp\/v2\/comments?post=6492"}],"wp:featuredmedia":[{"embeddable":true,"href":"https:\/\/butterfly-editions.com\/index.php\/wp-json\/wp\/v2\/media\/6573"}],"wp:attachment":[{"href":"https:\/\/butterfly-editions.com\/index.php\/wp-json\/wp\/v2\/media?parent=6492"}],"wp:term":[{"taxonomy":"product_brand","embeddable":true,"href":"https:\/\/butterfly-editions.com\/index.php\/wp-json\/wp\/v2\/product_brand?post=6492"},{"taxonomy":"product_cat","embeddable":true,"href":"https:\/\/butterfly-editions.com\/index.php\/wp-json\/wp\/v2\/product_cat?post=6492"},{"taxonomy":"product_tag","embeddable":true,"href":"https:\/\/butterfly-editions.com\/index.php\/wp-json\/wp\/v2\/product_tag?post=6492"}],"curies":[{"name":"wp","href":"https:\/\/api.w.org\/{rel}","templated":true}]}}