{"id":6491,"date":"2024-09-01T13:38:39","date_gmt":"2024-09-01T12:38:39","guid":{"rendered":"https:\/\/butterfly-editions.com\/?post_type=product&#038;p=6491"},"modified":"2026-01-28T11:42:20","modified_gmt":"2026-01-28T10:42:20","slug":"another-breath-de-mel-d","status":"publish","type":"product","link":"https:\/\/butterfly-editions.com\/index.php\/produit\/another-breath-de-mel-d\/","title":{"rendered":"Another Breath"},"content":{"rendered":"<p>Dix ans plus t\u00f4t, Miles d\u00e9cide de quitter Colarado Springs, sa ville natale, et sa famille en esp\u00e9rant pouvoir se reconstruire et devenir pilote de ligne. Alors qu&rsquo;il effectue un vol en direction de Denver, il ne s\u2019attendait pas \u00e0 se retrouver face \u00e0 Ivy, la seule femme qu\u2019il ait r\u00e9ellement aim\u00e9e&#8230;<br \/>\nDepuis dix ans, Ivy doit affronter seule les obstacles que la vie a sem\u00e9s sur son chemin. Elle tente tant bien que mal d\u2019avancer et de tirer un trait sur son pass\u00e9. Alors qu\u2019elle pensait ne jamais le revoir, sa route croise \u00e0 nouveau Miles, son amour d\u2019enfance&#8230;<br \/>\nLe pass\u00e9 les rattrape, comment g\u00e9reront-ils les \u00e9preuves qu\u2019ils vont, une fois de plus, devoir affronter ? Malgr\u00e9 l\u2019attirance qu\u2019ils ressentent l\u2019un et l\u2019autre, arriveront-ils \u00e0 faire table<br \/>\nrase du pass\u00e9 ?<br \/>\nLorsque le destin s\u2019en m\u00eale et que la v\u00e9rit\u00e9 reprend ses droits, les masquent tombent et une v\u00e9ritable course contre la montre commence&#8230;<\/p>\n<div id=\"richProductInformation_feature_div\" class=\"celwidget\" data-feature-name=\"richProductInformation\" data-csa-c-id=\"b27tmy-282sjt-giqord-oqi624\" data-cel-widget=\"richProductInformation_feature_div\"><\/div>\n<div data-csa-c-id=\"19wyq6-cgerxe-l6z22f-r8purq\" data-cel-widget=\"rich_product_information\"><\/div>\n","protected":false},"excerpt":{"rendered":"<p>Dix ans plus t\u00f4t, Miles d\u00e9cide de quitter Colarado Springs, sa ville natale, et sa famille en esp\u00e9rant pouvoir se reconstruire et devenir pilote de ligne. Alors qu&rsquo;il effectue un vol en direction de Denver, il ne s\u2019attendait pas \u00e0 se retrouver face \u00e0 Ivy, la seule femme qu\u2019il ait r\u00e9ellement aim\u00e9e&#8230; Depuis dix ans, [&hellip;]<\/p>\n","protected":false},"featured_media":6629,"comment_status":"open","ping_status":"closed","template":"","meta":{"_acf_changed":false,"content-type":""},"product_brand":[],"product_cat":[461],"product_tag":[],"class_list":{"0":"post-6491","1":"product","2":"type-product","3":"status-publish","4":"has-post-thumbnail","6":"product_cat-romance-contemporaine","8":"first","9":"outofstock","10":"sold-individually","11":"taxable","12":"shipping-taxable","13":"purchasable","14":"product-type-variable"},"acf":{"auteur":"Mel D. ","date_parution":"20190416","bestseller":false,"librairie":false},"aioseo_notices":[],"_links":{"self":[{"href":"https:\/\/butterfly-editions.com\/index.php\/wp-json\/wp\/v2\/product\/6491","targetHints":{"allow":["GET"]}}],"collection":[{"href":"https:\/\/butterfly-editions.com\/index.php\/wp-json\/wp\/v2\/product"}],"about":[{"href":"https:\/\/butterfly-editions.com\/index.php\/wp-json\/wp\/v2\/types\/product"}],"replies":[{"embeddable":true,"href":"https:\/\/butterfly-editions.com\/index.php\/wp-json\/wp\/v2\/comments?post=6491"}],"wp:featuredmedia":[{"embeddable":true,"href":"https:\/\/butterfly-editions.com\/index.php\/wp-json\/wp\/v2\/media\/6629"}],"wp:attachment":[{"href":"https:\/\/butterfly-editions.com\/index.php\/wp-json\/wp\/v2\/media?parent=6491"}],"wp:term":[{"taxonomy":"product_brand","embeddable":true,"href":"https:\/\/butterfly-editions.com\/index.php\/wp-json\/wp\/v2\/product_brand?post=6491"},{"taxonomy":"product_cat","embeddable":true,"href":"https:\/\/butterfly-editions.com\/index.php\/wp-json\/wp\/v2\/product_cat?post=6491"},{"taxonomy":"product_tag","embeddable":true,"href":"https:\/\/butterfly-editions.com\/index.php\/wp-json\/wp\/v2\/product_tag?post=6491"}],"curies":[{"name":"wp","href":"https:\/\/api.w.org\/{rel}","templated":true}]}}