{"id":6490,"date":"2024-09-01T13:38:39","date_gmt":"2024-09-01T12:38:39","guid":{"rendered":"https:\/\/butterfly-editions.com\/?post_type=product&#038;p=6490"},"modified":"2026-01-26T19:03:57","modified_gmt":"2026-01-26T18:03:57","slug":"another-chance-de-mel-d","status":"publish","type":"product","link":"https:\/\/butterfly-editions.com\/index.php\/produit\/another-chance-de-mel-d\/","title":{"rendered":"Another Chance"},"content":{"rendered":"<p>Lorsqu&rsquo;Alicia comprend que le traumatisme qu&rsquo;elle a v\u00e9cu ne cessera jamais de la hanter, elle d\u00e9cide de quitter New-York et ses parents afin de continuer ses \u00e9tudes \u00e0 Cambridge. Boulevers\u00e9e et bris\u00e9e, la jeune femme se jure de ne plus jamais tomber amoureuse. Elle y parvient&#8230; ou presque. Une rencontre fortuite au d\u00e9tour d&rsquo;un ascenseur, va donner un nouveau sens \u00e0 sa promesse. Et si cet inconnu, aussi d\u00e9testable que d\u00e9sirable, repr\u00e9sentait l&rsquo;antidote \u00e0 sa douleur? Alors qu&rsquo;elle commence \u00e0 s&rsquo;accorder une seconde chance en se laissant aller dans les bras de cet homme, les d\u00e9mons du pass\u00e9 refont surface, plus mena\u00e7ants que jamais. Leur relation naissante en sortira indemne ?<\/p>\n<div id=\"richProductInformation_feature_div\" class=\"celwidget\" data-feature-name=\"richProductInformation\" data-csa-c-id=\"b27tmy-282sjt-giqord-oqi624\" data-cel-widget=\"richProductInformation_feature_div\">\n<div id=\"rich_product_information\" class=\"a-section a-spacing-none celwidget\" data-csa-c-id=\"19wyq6-cgerxe-l6z22f-r8purq\" data-cel-widget=\"rich_product_information\"><\/div>\n<\/div>\n<div data-csa-c-id=\"19wyq6-cgerxe-l6z22f-r8purq\" data-cel-widget=\"rich_product_information\"><\/div>\n<div data-csa-c-id=\"19wyq6-cgerxe-l6z22f-r8purq\" data-cel-widget=\"rich_product_information\"><\/div>\n","protected":false},"excerpt":{"rendered":"<p>Lorsqu&rsquo;Alicia comprend que le traumatisme qu&rsquo;elle a v\u00e9cu ne cessera jamais de la hanter, elle d\u00e9cide de quitter New-York et ses parents afin de continuer ses \u00e9tudes \u00e0 Cambridge. Boulevers\u00e9e et bris\u00e9e, la jeune femme se jure de ne plus jamais tomber amoureuse. Elle y parvient&#8230; ou presque. Une rencontre fortuite au d\u00e9tour d&rsquo;un ascenseur, [&hellip;]<\/p>\n","protected":false},"featured_media":6544,"comment_status":"open","ping_status":"closed","template":"","meta":{"_acf_changed":false,"content-type":""},"product_brand":[],"product_cat":[461],"product_tag":[492,490,491],"class_list":{"0":"post-6490","1":"product","2":"type-product","3":"status-publish","4":"has-post-thumbnail","6":"product_cat-romance-contemporaine","7":"product_tag-decouverte","8":"product_tag-passion","9":"product_tag-spicy","11":"first","12":"instock","13":"sold-individually","14":"taxable","15":"shipping-taxable","16":"purchasable","17":"product-type-variable"},"acf":{"auteur":"Mel D. ","date_parution":"20170520","bestseller":true,"librairie":false},"aioseo_notices":[],"_links":{"self":[{"href":"https:\/\/butterfly-editions.com\/index.php\/wp-json\/wp\/v2\/product\/6490","targetHints":{"allow":["GET"]}}],"collection":[{"href":"https:\/\/butterfly-editions.com\/index.php\/wp-json\/wp\/v2\/product"}],"about":[{"href":"https:\/\/butterfly-editions.com\/index.php\/wp-json\/wp\/v2\/types\/product"}],"replies":[{"embeddable":true,"href":"https:\/\/butterfly-editions.com\/index.php\/wp-json\/wp\/v2\/comments?post=6490"}],"wp:featuredmedia":[{"embeddable":true,"href":"https:\/\/butterfly-editions.com\/index.php\/wp-json\/wp\/v2\/media\/6544"}],"wp:attachment":[{"href":"https:\/\/butterfly-editions.com\/index.php\/wp-json\/wp\/v2\/media?parent=6490"}],"wp:term":[{"taxonomy":"product_brand","embeddable":true,"href":"https:\/\/butterfly-editions.com\/index.php\/wp-json\/wp\/v2\/product_brand?post=6490"},{"taxonomy":"product_cat","embeddable":true,"href":"https:\/\/butterfly-editions.com\/index.php\/wp-json\/wp\/v2\/product_cat?post=6490"},{"taxonomy":"product_tag","embeddable":true,"href":"https:\/\/butterfly-editions.com\/index.php\/wp-json\/wp\/v2\/product_tag?post=6490"}],"curies":[{"name":"wp","href":"https:\/\/api.w.org\/{rel}","templated":true}]}}