{"id":6489,"date":"2024-09-01T13:38:39","date_gmt":"2024-09-01T12:38:39","guid":{"rendered":"https:\/\/butterfly-editions.com\/?post_type=product&#038;p=6489"},"modified":"2026-01-27T14:20:06","modified_gmt":"2026-01-27T13:20:06","slug":"love-experience-de-emma-p","status":"publish","type":"product","link":"https:\/\/butterfly-editions.com\/index.php\/produit\/love-experience-de-emma-p\/","title":{"rendered":"Love Experience"},"content":{"rendered":"<p><strong>Trouver l\u2019amour sur Internet ? Certains penseront qu\u2019il s\u2019agit d\u2019une supercherie. Mais quand on a tout essay\u00e9 et que rien ne fonctionne, ne serait-ce pas l\u2019ultime alternative ?<\/strong><\/p>\n<p>Mirabelle, journaliste pour un magazine f\u00e9minin parisien, et Graham, acteur anglo-saxon adul\u00e9 du public, ont un point commun : ils sont c\u00e9libataires. Souffrant tous deux de cette situation, ils s\u2019inscrivent, impulsivement, sur le dernier site de rencontre \u00e0 la mode. Cependant, il semblerait que mon\u00e2mesoeur.com ne soit pas une vitrine de l\u2019amour ordinaire. Le site propose un service TR\u00c8S particulier, pour le meilleur, comme pour le pire&#8230;<\/p>\n<p><em>Et si le bonheur \u00e9tait cach\u00e9 dans l\u2019inconnu ? Et si une simple promesse pouvait tout bouleverser ? Tout remettre en question ? Quitte \u00e0 se br\u00fbler les ailes, \u00e7a vaut le coup d\u2019essayer, non ?<\/em><\/p>\n<div id=\"richProductInformation_feature_div\" class=\"celwidget\" data-feature-name=\"richProductInformation\" data-csa-c-id=\"b27tmy-282sjt-giqord-oqi624\" data-cel-widget=\"richProductInformation_feature_div\"><\/div>\n","protected":false},"excerpt":{"rendered":"<p>Trouver l\u2019amour sur Internet ? Certains penseront qu\u2019il s\u2019agit d\u2019une supercherie. Mais quand on a tout essay\u00e9 et que rien ne fonctionne, ne serait-ce pas l\u2019ultime alternative ? Mirabelle, journaliste pour un magazine f\u00e9minin parisien, et Graham, acteur anglo-saxon adul\u00e9 du public, ont un point commun : ils sont c\u00e9libataires. Souffrant tous deux de cette [&hellip;]<\/p>\n","protected":false},"featured_media":6577,"comment_status":"open","ping_status":"closed","template":"","meta":{"_acf_changed":false,"content-type":""},"product_brand":[],"product_cat":[461],"product_tag":[490,491],"class_list":{"0":"post-6489","1":"product","2":"type-product","3":"status-publish","4":"has-post-thumbnail","6":"product_cat-romance-contemporaine","7":"product_tag-passion","8":"product_tag-spicy","10":"first","11":"instock","12":"sold-individually","13":"taxable","14":"shipping-taxable","15":"purchasable","16":"product-type-variable"},"acf":{"auteur":"Emma Pope","date_parution":"20220401","bestseller":false,"librairie":false},"aioseo_notices":[],"_links":{"self":[{"href":"https:\/\/butterfly-editions.com\/index.php\/wp-json\/wp\/v2\/product\/6489","targetHints":{"allow":["GET"]}}],"collection":[{"href":"https:\/\/butterfly-editions.com\/index.php\/wp-json\/wp\/v2\/product"}],"about":[{"href":"https:\/\/butterfly-editions.com\/index.php\/wp-json\/wp\/v2\/types\/product"}],"replies":[{"embeddable":true,"href":"https:\/\/butterfly-editions.com\/index.php\/wp-json\/wp\/v2\/comments?post=6489"}],"wp:featuredmedia":[{"embeddable":true,"href":"https:\/\/butterfly-editions.com\/index.php\/wp-json\/wp\/v2\/media\/6577"}],"wp:attachment":[{"href":"https:\/\/butterfly-editions.com\/index.php\/wp-json\/wp\/v2\/media?parent=6489"}],"wp:term":[{"taxonomy":"product_brand","embeddable":true,"href":"https:\/\/butterfly-editions.com\/index.php\/wp-json\/wp\/v2\/product_brand?post=6489"},{"taxonomy":"product_cat","embeddable":true,"href":"https:\/\/butterfly-editions.com\/index.php\/wp-json\/wp\/v2\/product_cat?post=6489"},{"taxonomy":"product_tag","embeddable":true,"href":"https:\/\/butterfly-editions.com\/index.php\/wp-json\/wp\/v2\/product_tag?post=6489"}],"curies":[{"name":"wp","href":"https:\/\/api.w.org\/{rel}","templated":true}]}}