{"id":6486,"date":"2024-09-01T13:38:38","date_gmt":"2024-09-01T12:38:38","guid":{"rendered":"https:\/\/butterfly-editions.com\/?post_type=product&#038;p=6486"},"modified":"2026-01-28T12:14:27","modified_gmt":"2026-01-28T11:14:27","slug":"dun-coup-de-baguette-mon-coeur-balance-de-angelique-ayraud","status":"publish","type":"product","link":"https:\/\/butterfly-editions.com\/index.php\/produit\/dun-coup-de-baguette-mon-coeur-balance-de-angelique-ayraud\/","title":{"rendered":"D&rsquo;un coup de baguette mon coeur balance"},"content":{"rendered":"<p>La vie d&rsquo;Alice va \u00eatre boulevers\u00e9e le jour o\u00f9 Orine, \u00e9ditrice Am\u00e9ricaine aussi d\u00e9jant\u00e9e qu&rsquo;attachante va lui proposer d&rsquo;adapter son histoire qu&rsquo;elle publie sur internet en film. Pouss\u00e9e par sa meilleure amie, elle d\u00e9cide de tout plaquer : direction Hollywood.<br \/>\nA peine arriv\u00e9e, les ennuis commencent. Elle se retrouve projet\u00e9e au milieu de ce pays des Merveilles rempli de paillettes, d&rsquo;acteurs aussi craquants que s\u00e9ducteurs, mais o\u00f9 tous les coups bas sont permis&#8230; Si jusque-l\u00e0 sa vie amoureuse est loin d&rsquo;\u00eatre tr\u00e9pidante, elle va devoir choisir entre deux hommes aussi diff\u00e9rents que s\u00e9duisants.<br \/>\nEntre trahisons et faux-semblants, arrivera-t-elle \u00e0 se d\u00e9cider ?<\/p>\n<div id=\"richProductInformation_feature_div\" class=\"celwidget\" data-feature-name=\"richProductInformation\" data-csa-c-id=\"b27tmy-282sjt-giqord-oqi624\" data-cel-widget=\"richProductInformation_feature_div\"><\/div>\n<div data-csa-c-id=\"19wyq6-cgerxe-l6z22f-r8purq\" data-cel-widget=\"rich_product_information\"><\/div>\n","protected":false},"excerpt":{"rendered":"<p>La vie d&rsquo;Alice va \u00eatre boulevers\u00e9e le jour o\u00f9 Orine, \u00e9ditrice Am\u00e9ricaine aussi d\u00e9jant\u00e9e qu&rsquo;attachante va lui proposer d&rsquo;adapter son histoire qu&rsquo;elle publie sur internet en film. Pouss\u00e9e par sa meilleure amie, elle d\u00e9cide de tout plaquer : direction Hollywood. A peine arriv\u00e9e, les ennuis commencent. Elle se retrouve projet\u00e9e au milieu de ce pays [&hellip;]<\/p>\n","protected":false},"featured_media":6574,"comment_status":"open","ping_status":"closed","template":"","meta":{"_acf_changed":false,"content-type":""},"product_brand":[],"product_cat":[460],"product_tag":[],"class_list":{"0":"post-6486","1":"product","2":"type-product","3":"status-publish","4":"has-post-thumbnail","6":"product_cat-rom-com","8":"first","9":"outofstock","10":"sold-individually","11":"taxable","12":"shipping-taxable","13":"purchasable","14":"product-type-variable"},"acf":{"auteur":"Ang\u00e9lique Ayraud","date_parution":"20180502","bestseller":false,"librairie":false},"aioseo_notices":[],"_links":{"self":[{"href":"https:\/\/butterfly-editions.com\/index.php\/wp-json\/wp\/v2\/product\/6486","targetHints":{"allow":["GET"]}}],"collection":[{"href":"https:\/\/butterfly-editions.com\/index.php\/wp-json\/wp\/v2\/product"}],"about":[{"href":"https:\/\/butterfly-editions.com\/index.php\/wp-json\/wp\/v2\/types\/product"}],"replies":[{"embeddable":true,"href":"https:\/\/butterfly-editions.com\/index.php\/wp-json\/wp\/v2\/comments?post=6486"}],"wp:featuredmedia":[{"embeddable":true,"href":"https:\/\/butterfly-editions.com\/index.php\/wp-json\/wp\/v2\/media\/6574"}],"wp:attachment":[{"href":"https:\/\/butterfly-editions.com\/index.php\/wp-json\/wp\/v2\/media?parent=6486"}],"wp:term":[{"taxonomy":"product_brand","embeddable":true,"href":"https:\/\/butterfly-editions.com\/index.php\/wp-json\/wp\/v2\/product_brand?post=6486"},{"taxonomy":"product_cat","embeddable":true,"href":"https:\/\/butterfly-editions.com\/index.php\/wp-json\/wp\/v2\/product_cat?post=6486"},{"taxonomy":"product_tag","embeddable":true,"href":"https:\/\/butterfly-editions.com\/index.php\/wp-json\/wp\/v2\/product_tag?post=6486"}],"curies":[{"name":"wp","href":"https:\/\/api.w.org\/{rel}","templated":true}]}}