{"id":6485,"date":"2024-09-01T13:38:38","date_gmt":"2024-09-01T12:38:38","guid":{"rendered":"https:\/\/butterfly-editions.com\/?post_type=product&#038;p=6485"},"modified":"2026-01-27T13:54:41","modified_gmt":"2026-01-27T12:54:41","slug":"joy-de-emma-p","status":"publish","type":"product","link":"https:\/\/butterfly-editions.com\/index.php\/produit\/joy-de-emma-p\/","title":{"rendered":"Joy"},"content":{"rendered":"<p>Introvertie jusqu&rsquo;au bout des ongles, Joy passe ses soir\u00e9es en solitaire \u00e0 relire ses romans favoris.<br \/>\nPage apr\u00e8s page, elle se plonge dans ces univers virtuels et se prend \u00e0 r\u00eaver \u00e0 une vie meilleure, un quotidien o\u00f9 ses relations avec les autres ne seraient pas mises \u00e0 mal.Alors qu&rsquo;elle vient de d\u00e9crocher le travail de ses r\u00eaves dans une maison d&rsquo;\u00e9dition parisienne, elle rencontre Isaac, un auteur arrogant \u00e0 l&rsquo;ego sur-dimensionn\u00e9.<br \/>\nIl la fascine, la captive et surtout, il la pousse \u00e0 bout. Et si cette rencontre n&rsquo;\u00e9tait pas due au hasard, mais plut\u00f4t au destin ? Et si cette coop\u00e9ration bousculait l&rsquo;ordre \u00e9tabli, pour le meilleur et pour le pire ?<br \/>\nEt si, finalement, il \u00e9tait temps de changer de livre pour commencer \u00e0 \u00eatre heureux ?<\/p>\n<div id=\"richProductInformation_feature_div\" class=\"celwidget\" data-feature-name=\"richProductInformation\" data-csa-c-id=\"b27tmy-282sjt-giqord-oqi624\" data-cel-widget=\"richProductInformation_feature_div\"><\/div>\n<div data-csa-c-id=\"19wyq6-cgerxe-l6z22f-r8purq\" data-cel-widget=\"rich_product_information\"><\/div>\n","protected":false},"excerpt":{"rendered":"<p>Introvertie jusqu&rsquo;au bout des ongles, Joy passe ses soir\u00e9es en solitaire \u00e0 relire ses romans favoris. Page apr\u00e8s page, elle se plonge dans ces univers virtuels et se prend \u00e0 r\u00eaver \u00e0 une vie meilleure, un quotidien o\u00f9 ses relations avec les autres ne seraient pas mises \u00e0 mal.Alors qu&rsquo;elle vient de d\u00e9crocher le travail [&hellip;]<\/p>\n","protected":false},"featured_media":6528,"comment_status":"open","ping_status":"closed","template":"","meta":{"_acf_changed":false,"content-type":""},"product_brand":[],"product_cat":[460],"product_tag":[527],"class_list":{"0":"post-6485","1":"product","2":"type-product","3":"status-publish","4":"has-post-thumbnail","6":"product_cat-rom-com","7":"product_tag-feel-good","9":"first","10":"instock","11":"sold-individually","12":"taxable","13":"shipping-taxable","14":"purchasable","15":"product-type-variable"},"acf":{"auteur":"Emma Pope","date_parution":"20170213","bestseller":false,"librairie":false},"aioseo_notices":[],"_links":{"self":[{"href":"https:\/\/butterfly-editions.com\/index.php\/wp-json\/wp\/v2\/product\/6485","targetHints":{"allow":["GET"]}}],"collection":[{"href":"https:\/\/butterfly-editions.com\/index.php\/wp-json\/wp\/v2\/product"}],"about":[{"href":"https:\/\/butterfly-editions.com\/index.php\/wp-json\/wp\/v2\/types\/product"}],"replies":[{"embeddable":true,"href":"https:\/\/butterfly-editions.com\/index.php\/wp-json\/wp\/v2\/comments?post=6485"}],"wp:featuredmedia":[{"embeddable":true,"href":"https:\/\/butterfly-editions.com\/index.php\/wp-json\/wp\/v2\/media\/6528"}],"wp:attachment":[{"href":"https:\/\/butterfly-editions.com\/index.php\/wp-json\/wp\/v2\/media?parent=6485"}],"wp:term":[{"taxonomy":"product_brand","embeddable":true,"href":"https:\/\/butterfly-editions.com\/index.php\/wp-json\/wp\/v2\/product_brand?post=6485"},{"taxonomy":"product_cat","embeddable":true,"href":"https:\/\/butterfly-editions.com\/index.php\/wp-json\/wp\/v2\/product_cat?post=6485"},{"taxonomy":"product_tag","embeddable":true,"href":"https:\/\/butterfly-editions.com\/index.php\/wp-json\/wp\/v2\/product_tag?post=6485"}],"curies":[{"name":"wp","href":"https:\/\/api.w.org\/{rel}","templated":true}]}}