{"id":6484,"date":"2024-09-01T13:38:38","date_gmt":"2024-09-01T12:38:38","guid":{"rendered":"https:\/\/butterfly-editions.com\/?post_type=product&#038;p=6484"},"modified":"2026-01-28T15:04:04","modified_gmt":"2026-01-28T14:04:04","slug":"wedding-trouble-de-anna-santos","status":"publish","type":"product","link":"https:\/\/butterfly-editions.com\/index.php\/produit\/wedding-trouble-de-anna-santos\/","title":{"rendered":"Wedding Trouble"},"content":{"rendered":"<p><strong>Avis de temp\u00eate chez Jane Patterson, wedding planer !<\/strong><\/p>\n<p>En organisant le mariage de l&rsquo;ann\u00e9e, elle s&rsquo;attendait \u00e0 tout sauf \u00e0 ce qu&rsquo;une autre c\u00e9r\u00e9monie se rajoute \u00e0 son planning et que le mari\u00e9 soit&#8230; son ex ! Son amour de jeunesse qui l&rsquo;a l\u00e2chement abandonn\u00e9e par peur de l&rsquo;engagement ! Rien ne sera plus difficile que de concilier travail et ranc\u0153urs pass\u00e9es, surtout quand deux fr\u00e8res sexys se rajoutent \u00e0 l&rsquo;\u00e9quation !<\/p>\n<p><em>Attention \u00e0 la tornade qui s&rsquo;annonce&#8230;<\/em><\/p>\n<div id=\"richProductInformation_feature_div\" class=\"celwidget\" data-feature-name=\"richProductInformation\" data-csa-c-id=\"b27tmy-282sjt-giqord-oqi624\" data-cel-widget=\"richProductInformation_feature_div\"><\/div>\n<div data-csa-c-id=\"19wyq6-cgerxe-l6z22f-r8purq\" data-cel-widget=\"rich_product_information\"><\/div>\n","protected":false},"excerpt":{"rendered":"<p>Avis de temp\u00eate chez Jane Patterson, wedding planer ! En organisant le mariage de l&rsquo;ann\u00e9e, elle s&rsquo;attendait \u00e0 tout sauf \u00e0 ce qu&rsquo;une autre c\u00e9r\u00e9monie se rajoute \u00e0 son planning et que le mari\u00e9 soit&#8230; son ex ! Son amour de jeunesse qui l&rsquo;a l\u00e2chement abandonn\u00e9e par peur de l&rsquo;engagement ! Rien ne sera plus [&hellip;]<\/p>\n","protected":false},"featured_media":6684,"comment_status":"open","ping_status":"closed","template":"","meta":{"_acf_changed":false,"content-type":""},"product_brand":[],"product_cat":[460],"product_tag":[],"class_list":{"0":"post-6484","1":"product","2":"type-product","3":"status-publish","4":"has-post-thumbnail","6":"product_cat-rom-com","8":"first","9":"instock","10":"sold-individually","11":"taxable","12":"shipping-taxable","13":"purchasable","14":"product-type-variable"},"acf":{"auteur":"Anna Santos","date_parution":"20220722","bestseller":false,"librairie":false},"aioseo_notices":[],"_links":{"self":[{"href":"https:\/\/butterfly-editions.com\/index.php\/wp-json\/wp\/v2\/product\/6484","targetHints":{"allow":["GET"]}}],"collection":[{"href":"https:\/\/butterfly-editions.com\/index.php\/wp-json\/wp\/v2\/product"}],"about":[{"href":"https:\/\/butterfly-editions.com\/index.php\/wp-json\/wp\/v2\/types\/product"}],"replies":[{"embeddable":true,"href":"https:\/\/butterfly-editions.com\/index.php\/wp-json\/wp\/v2\/comments?post=6484"}],"wp:featuredmedia":[{"embeddable":true,"href":"https:\/\/butterfly-editions.com\/index.php\/wp-json\/wp\/v2\/media\/6684"}],"wp:attachment":[{"href":"https:\/\/butterfly-editions.com\/index.php\/wp-json\/wp\/v2\/media?parent=6484"}],"wp:term":[{"taxonomy":"product_brand","embeddable":true,"href":"https:\/\/butterfly-editions.com\/index.php\/wp-json\/wp\/v2\/product_brand?post=6484"},{"taxonomy":"product_cat","embeddable":true,"href":"https:\/\/butterfly-editions.com\/index.php\/wp-json\/wp\/v2\/product_cat?post=6484"},{"taxonomy":"product_tag","embeddable":true,"href":"https:\/\/butterfly-editions.com\/index.php\/wp-json\/wp\/v2\/product_tag?post=6484"}],"curies":[{"name":"wp","href":"https:\/\/api.w.org\/{rel}","templated":true}]}}