{"id":6483,"date":"2024-09-01T13:38:38","date_gmt":"2024-09-01T12:38:38","guid":{"rendered":"https:\/\/butterfly-editions.com\/?post_type=product&#038;p=6483"},"modified":"2026-01-26T18:58:14","modified_gmt":"2026-01-26T17:58:14","slug":"obsession-tome-2-de-anna-santos","status":"publish","type":"product","link":"https:\/\/butterfly-editions.com\/index.php\/produit\/obsession-tome-2-de-anna-santos\/","title":{"rendered":"Obsession T2"},"content":{"rendered":"<p>La v\u00e9rit\u00e9. Voil\u00e0 ce qui terrorise Elena Scott. Et c\u2019est dans une simple lettre qu\u2019est dissimul\u00e9 le plus insoutenable des secrets.<br \/>\nCelui qui pourrait tout d\u00e9truire et tout remettre en question. Elena se retrouve face \u00e0 un choix, son choix : l\u2019ouvrir et risquer de faire voler en \u00e9clats sa relation naissante avec Ethan ?<br \/>\nOu, au contraire, se cacher de la possible r\u00e9alit\u00e9 en esp\u00e9rant que tout ne soit que mensonges ?<br \/>\nLe pass\u00e9 qu\u2019Ethan a mis tant de mal \u00e0 enfouir, semble se nourrir de cette incertitude, et rena\u00eetre de ses cendres.<br \/>\nLa nature de leur relation n\u2019est-elle que le seul obstacle auquel ils doivent faire face ? Une menace, bien plus grande, semble se dessiner.<br \/>\nUne ombre pourrait venir les emporter vers les t\u00e9n\u00e8bres.<br \/>\nEntre secrets, passion, mensonges et trahisons, Ethan et Elena devront faire face \u00e0 bien des dangers, pour tenter de reconstruire leur histoire&#8230;<\/p>\n","protected":false},"excerpt":{"rendered":"<p>La v\u00e9rit\u00e9. Voil\u00e0 ce qui terrorise Elena Scott. Et c\u2019est dans une simple lettre qu\u2019est dissimul\u00e9 le plus insoutenable des secrets. Celui qui pourrait tout d\u00e9truire et tout remettre en question. Elena se retrouve face \u00e0 un choix, son choix : l\u2019ouvrir et risquer de faire voler en \u00e9clats sa relation naissante avec Ethan ? [&hellip;]<\/p>\n","protected":false},"featured_media":9549,"comment_status":"open","ping_status":"closed","template":"","meta":{"_acf_changed":false,"content-type":""},"product_brand":[],"product_cat":[461],"product_tag":[490],"class_list":{"0":"post-6483","1":"product","2":"type-product","3":"status-publish","4":"has-post-thumbnail","6":"product_cat-romance-contemporaine","7":"product_tag-passion","9":"first","10":"instock","11":"sold-individually","12":"taxable","13":"shipping-taxable","14":"purchasable","15":"product-type-variable"},"acf":{"auteur":"Anna Santos","date_parution":"20170906","bestseller":false,"librairie":false},"aioseo_notices":[],"_links":{"self":[{"href":"https:\/\/butterfly-editions.com\/index.php\/wp-json\/wp\/v2\/product\/6483","targetHints":{"allow":["GET"]}}],"collection":[{"href":"https:\/\/butterfly-editions.com\/index.php\/wp-json\/wp\/v2\/product"}],"about":[{"href":"https:\/\/butterfly-editions.com\/index.php\/wp-json\/wp\/v2\/types\/product"}],"replies":[{"embeddable":true,"href":"https:\/\/butterfly-editions.com\/index.php\/wp-json\/wp\/v2\/comments?post=6483"}],"wp:featuredmedia":[{"embeddable":true,"href":"https:\/\/butterfly-editions.com\/index.php\/wp-json\/wp\/v2\/media\/9549"}],"wp:attachment":[{"href":"https:\/\/butterfly-editions.com\/index.php\/wp-json\/wp\/v2\/media?parent=6483"}],"wp:term":[{"taxonomy":"product_brand","embeddable":true,"href":"https:\/\/butterfly-editions.com\/index.php\/wp-json\/wp\/v2\/product_brand?post=6483"},{"taxonomy":"product_cat","embeddable":true,"href":"https:\/\/butterfly-editions.com\/index.php\/wp-json\/wp\/v2\/product_cat?post=6483"},{"taxonomy":"product_tag","embeddable":true,"href":"https:\/\/butterfly-editions.com\/index.php\/wp-json\/wp\/v2\/product_tag?post=6483"}],"curies":[{"name":"wp","href":"https:\/\/api.w.org\/{rel}","templated":true}]}}