{"id":6482,"date":"2024-12-01T13:38:38","date_gmt":"2024-12-01T12:38:38","guid":{"rendered":"https:\/\/butterfly-editions.com\/?post_type=product&#038;p=6482"},"modified":"2026-01-27T11:07:07","modified_gmt":"2026-01-27T10:07:07","slug":"love-in-melodies-de-milyi-kind","status":"publish","type":"product","link":"https:\/\/butterfly-editions.com\/index.php\/produit\/love-in-melodies-de-milyi-kind\/","title":{"rendered":"Love In Melodies"},"content":{"rendered":"<p>Quand S\u00e9l\u00e8ne accepte de travailler comme intendante pour Anton Khassiev, elle est loin de s\u2019imaginer combien sa vie est sur le point de basculer. Et pourtant&#8230; Cet homme aux facettes autant multiples que bris\u00e9es va devenir la cl\u00e9 de sol d\u2019une m\u00e9lodie incroyablement fascinante. Le percer \u00e0 jour sera alors son unique but.<\/p>\n<p>Lorsqu\u2019Anton embauche S\u00e9l\u00e8ne Baas afin de rendre service \u00e0 son cousin, il est loin de s\u2019imaginer combien sa vie est sur le point de basculer. Et pourtant&#8230; La jeune femme, aussi t\u00eatue qu\u2019espi\u00e8gle, va non seulement bouleverser son quotidien mais aussi menacer de mettre \u00e0 nu l\u2019horreur de sa nature.<br \/>\nDans une maison o\u00f9 le secret se cultive \u00e0 chaque recoin, ouvrir une simple porte peut se r\u00e9v\u00e9ler \u00eatre le d\u00e9fi d\u2019une vie. Sur leur \u00e9chiquier truqu\u00e9, o\u00f9 la folie devient un art, qui de la reine ou du fou renversera l\u2019autre ?<\/p>\n<hr \/>\n<p>\u00ab\u00a0Un coup de foudre monumental ! J\u2019ai achete\u0301 ce roman sans savoir ou\u0300 je mettais les pieds et merci mon Dieu de m\u2019avoir fait tomber sur cette MERVEILLE ! De\u0300s la premie\u0300re page, je suis tombe\u0301e amoureuse de la plume de l\u2019auteure !\u00a0\u00bb sabaheavenson<\/p>\n<div id=\"richProductInformation_feature_div\" class=\"celwidget\" data-feature-name=\"richProductInformation\" data-csa-c-id=\"b27tmy-282sjt-giqord-oqi624\" data-cel-widget=\"richProductInformation_feature_div\"><\/div>\n<div data-csa-c-id=\"19wyq6-cgerxe-l6z22f-r8purq\" data-cel-widget=\"rich_product_information\"><\/div>\n","protected":false},"excerpt":{"rendered":"<p>Quand S\u00e9l\u00e8ne accepte de travailler comme intendante pour Anton Khassiev, elle est loin de s\u2019imaginer combien sa vie est sur le point de basculer. Et pourtant&#8230; Cet homme aux facettes autant multiples que bris\u00e9es va devenir la cl\u00e9 de sol d\u2019une m\u00e9lodie incroyablement fascinante. Le percer \u00e0 jour sera alors son unique but. Lorsqu\u2019Anton embauche [&hellip;]<\/p>\n","protected":false},"featured_media":6576,"comment_status":"open","ping_status":"closed","template":"","meta":{"_acf_changed":false,"content-type":""},"product_brand":[],"product_cat":[459],"product_tag":[511,512,490,474,491],"class_list":{"0":"post-6482","1":"product","2":"type-product","3":"status-publish","4":"has-post-thumbnail","6":"product_cat-dark-romance","7":"product_tag-dark","8":"product_tag-erotisme","9":"product_tag-passion","10":"product_tag-secrets","11":"product_tag-spicy","13":"first","14":"outofstock","15":"sold-individually","16":"taxable","17":"shipping-taxable","18":"purchasable","19":"product-type-variable"},"acf":{"auteur":"Milyi Kind","date_parution":"20180518","bestseller":false,"librairie":false},"aioseo_notices":[],"_links":{"self":[{"href":"https:\/\/butterfly-editions.com\/index.php\/wp-json\/wp\/v2\/product\/6482","targetHints":{"allow":["GET"]}}],"collection":[{"href":"https:\/\/butterfly-editions.com\/index.php\/wp-json\/wp\/v2\/product"}],"about":[{"href":"https:\/\/butterfly-editions.com\/index.php\/wp-json\/wp\/v2\/types\/product"}],"replies":[{"embeddable":true,"href":"https:\/\/butterfly-editions.com\/index.php\/wp-json\/wp\/v2\/comments?post=6482"}],"wp:featuredmedia":[{"embeddable":true,"href":"https:\/\/butterfly-editions.com\/index.php\/wp-json\/wp\/v2\/media\/6576"}],"wp:attachment":[{"href":"https:\/\/butterfly-editions.com\/index.php\/wp-json\/wp\/v2\/media?parent=6482"}],"wp:term":[{"taxonomy":"product_brand","embeddable":true,"href":"https:\/\/butterfly-editions.com\/index.php\/wp-json\/wp\/v2\/product_brand?post=6482"},{"taxonomy":"product_cat","embeddable":true,"href":"https:\/\/butterfly-editions.com\/index.php\/wp-json\/wp\/v2\/product_cat?post=6482"},{"taxonomy":"product_tag","embeddable":true,"href":"https:\/\/butterfly-editions.com\/index.php\/wp-json\/wp\/v2\/product_tag?post=6482"}],"curies":[{"name":"wp","href":"https:\/\/api.w.org\/{rel}","templated":true}]}}