{"id":6480,"date":"2024-09-01T13:39:38","date_gmt":"2024-09-01T12:39:38","guid":{"rendered":"https:\/\/butterfly-editions.com\/?post_type=product&#038;p=6480"},"modified":"2026-01-27T11:12:22","modified_gmt":"2026-01-27T10:12:22","slug":"as-mad-as-you-are-sanmdis-angers-1-de-milyi-kind","status":"publish","type":"product","link":"https:\/\/butterfly-editions.com\/index.php\/produit\/as-mad-as-you-are-sanmdis-angers-1-de-milyi-kind\/","title":{"rendered":"Sanmdi&rsquo;s Angers T1 &#8211; As Mad As You Are"},"content":{"rendered":"<p>Sa famille. Pour elle, Awan, Native de la tribu Houma, donnerait tout. Absolument tout. Quitte \u00e0 s\u2019en oublier. Quitte \u00e0 vendre son \u00e2me au Diable.<\/p>\n<p>Son Club. Pour lui, Madsen, membre des Sanmdi\u2019s Angers, a ax\u00e9 sa vie selon trois lois fondamentales. Les fr\u00e8res. Le business. Son plaisir, toujours sans attaches. Quitte \u00e0 en crever. Quitte \u00e0 devenir le Diable.<\/p>\n<p>\u00ab Je t\u2019aurai. \u00bb Voil\u00e0 la promesse qu\u2019adolescent Madsen a faite \u00e0 Awan. Celle de parvenir \u00e0 ses fins avec la petite amie de son pote Jagger. Dix ans plus tard, le biker retrouve par hasard la jeune femme alors qu\u2019il rentre \u00e0 la Baraque, leur QG, apr\u00e8s un run. Plac\u00e9e de force dans un snack de seconde zone afin d\u2019\u00e9purer les dettes de son p\u00e8re, Awan s\u2019appr\u00eate \u00e0 \u00eatre une fois de plus abus\u00e9e lorsque les fant\u00f4mes de son pass\u00e9 ressurgissent pour la secourir.<\/p>\n<p>Sauf que les contes de f\u00e9es n\u2019existent pas au fin fond de la Louisiane. Pas quand votre sauveur est un salopard de motard brutal. Pas quand il s\u2019appelle MadMadsen. Pas quand il vous lib\u00e8re pour mieux vous garder prisonni\u00e8re.<\/p>\n<p>Dans le bayou, l\u00e0 o\u00f9 r\u00e8gne le vaudou et prolif\u00e8rent les alligators, la violence est un mode de vie. L\u2019amour, lui, une injure. Il ne se dit pas, se fait encore moins.<\/p>\n<p>Entre attirance et r\u00e9pulsion, quelle route Mad et sa Pocahontas choisiront-ils au risque de provoquer le Chaos ?<\/p>\n<p>L\u2019histoire d\u2019un cl\u00e9bard et de sa biche&#8230;<\/p>\n<div id=\"richProductInformation_feature_div\" class=\"celwidget\" data-feature-name=\"richProductInformation\" data-csa-c-id=\"b27tmy-282sjt-giqord-oqi624\" data-cel-widget=\"richProductInformation_feature_div\"><\/div>\n","protected":false},"excerpt":{"rendered":"<p>Sa famille. Pour elle, Awan, Native de la tribu Houma, donnerait tout. Absolument tout. Quitte \u00e0 s\u2019en oublier. Quitte \u00e0 vendre son \u00e2me au Diable. Son Club. Pour lui, Madsen, membre des Sanmdi\u2019s Angers, a ax\u00e9 sa vie selon trois lois fondamentales. Les fr\u00e8res. Le business. Son plaisir, toujours sans attaches. Quitte \u00e0 en crever. [&hellip;]<\/p>\n","protected":false},"featured_media":6688,"comment_status":"open","ping_status":"closed","template":"","meta":{"_acf_changed":false,"content-type":""},"product_brand":[],"product_cat":[466],"product_tag":[470,490,474,491],"class_list":{"0":"post-6480","1":"product","2":"type-product","3":"status-publish","4":"has-post-thumbnail","6":"product_cat-romance-sombre","7":"product_tag-bikers","8":"product_tag-passion","9":"product_tag-secrets","10":"product_tag-spicy","12":"first","13":"outofstock","14":"sold-individually","15":"taxable","16":"shipping-taxable","17":"purchasable","18":"product-type-variable"},"acf":{"auteur":"Milyi Kind","date_parution":null,"bestseller":false,"librairie":false},"aioseo_notices":[],"_links":{"self":[{"href":"https:\/\/butterfly-editions.com\/index.php\/wp-json\/wp\/v2\/product\/6480","targetHints":{"allow":["GET"]}}],"collection":[{"href":"https:\/\/butterfly-editions.com\/index.php\/wp-json\/wp\/v2\/product"}],"about":[{"href":"https:\/\/butterfly-editions.com\/index.php\/wp-json\/wp\/v2\/types\/product"}],"replies":[{"embeddable":true,"href":"https:\/\/butterfly-editions.com\/index.php\/wp-json\/wp\/v2\/comments?post=6480"}],"wp:featuredmedia":[{"embeddable":true,"href":"https:\/\/butterfly-editions.com\/index.php\/wp-json\/wp\/v2\/media\/6688"}],"wp:attachment":[{"href":"https:\/\/butterfly-editions.com\/index.php\/wp-json\/wp\/v2\/media?parent=6480"}],"wp:term":[{"taxonomy":"product_brand","embeddable":true,"href":"https:\/\/butterfly-editions.com\/index.php\/wp-json\/wp\/v2\/product_brand?post=6480"},{"taxonomy":"product_cat","embeddable":true,"href":"https:\/\/butterfly-editions.com\/index.php\/wp-json\/wp\/v2\/product_cat?post=6480"},{"taxonomy":"product_tag","embeddable":true,"href":"https:\/\/butterfly-editions.com\/index.php\/wp-json\/wp\/v2\/product_tag?post=6480"}],"curies":[{"name":"wp","href":"https:\/\/api.w.org\/{rel}","templated":true}]}}