{"id":6479,"date":"2024-09-01T13:38:38","date_gmt":"2024-09-01T12:38:38","guid":{"rendered":"https:\/\/butterfly-editions.com\/?post_type=product&#038;p=6479"},"modified":"2026-01-27T11:00:51","modified_gmt":"2026-01-27T10:00:51","slug":"jamais-2-sans-trois-de-milyi-kind","status":"publish","type":"product","link":"https:\/\/butterfly-editions.com\/index.php\/produit\/jamais-2-sans-trois-de-milyi-kind\/","title":{"rendered":"Jamais 2 sans trois"},"content":{"rendered":"<p>Prof d&rsquo;histoire, Capucine a r\u00e9ussi son entr\u00e9e dans la vie. Ainsi que le veut les dictas de la soci\u00e9t\u00e9, elle a un job s\u00fbr, un copain avec la t\u00eate sur les \u00e9paules, un appart carr\u00e9 et m\u00eame le chat rondouillard qui va avec la panoplie de la s\u00e9millante trentenaire. Pourtant&#8230; Capucine n&rsquo;est ni heureuse ni \u00e9panouie comme elle d\u00e9sesp\u00e8re de l&rsquo;\u00eatre. Quelque chose manque&#8230; quelque chose qu&rsquo;elle n&rsquo;arrive pas \u00e0 d\u00e9finir. Alors qu&rsquo;elle vient d&rsquo;accepter sans grand enthousiasme de devenir la femme de Gildas, la jeune femme se laisse entra\u00eener par ses amies dans le pub o\u00f9 bosse l&rsquo;une d&rsquo;entre elles, bien d\u00e9cid\u00e9e \u00e0 \u00e9vacuer toute sa frustration. C&rsquo;est l\u00e0-bas que Capucine va faire la rencontre de ce qui manquait tant \u00e0 sa vie&#8230; ou plut\u00f4t quelqu&rsquo;un&#8230; Andrea, le barman survolt\u00e9 mais aussi Vadim, le musicien taciturne. Apr\u00e8s tout, qui a d\u00e9cr\u00e9t\u00e9 qu&rsquo;il n&rsquo;y avait toujours qu&rsquo;un seul prince dans les histoires d&rsquo;amour? Et si la passion se vivait \u00e0 trois? Entour\u00e9s de leurs familles et de leurs amis, pourront-ils r\u00e9sister aux carcans d&rsquo;une soci\u00e9t\u00e9 bien trop moralisatrice vis-\u00e0-vis de cette libert\u00e9 d&rsquo;aimer qu&rsquo;ils revendiquent ?<\/p>\n<div id=\"richProductInformation_feature_div\" class=\"celwidget\" data-feature-name=\"richProductInformation\" data-csa-c-id=\"b27tmy-282sjt-giqord-oqi624\" data-cel-widget=\"richProductInformation_feature_div\">\n<div id=\"rich_product_information\" class=\"a-section a-spacing-none celwidget\" data-csa-c-id=\"19wyq6-cgerxe-l6z22f-r8purq\" data-cel-widget=\"rich_product_information\"><\/div>\n<\/div>\n","protected":false},"excerpt":{"rendered":"<p>Prof d&rsquo;histoire, Capucine a r\u00e9ussi son entr\u00e9e dans la vie. Ainsi que le veut les dictas de la soci\u00e9t\u00e9, elle a un job s\u00fbr, un copain avec la t\u00eate sur les \u00e9paules, un appart carr\u00e9 et m\u00eame le chat rondouillard qui va avec la panoplie de la s\u00e9millante trentenaire. Pourtant&#8230; Capucine n&rsquo;est ni heureuse ni [&hellip;]<\/p>\n","protected":false},"featured_media":6524,"comment_status":"open","ping_status":"closed","template":"","meta":{"_acf_changed":false,"content-type":""},"product_brand":[],"product_cat":[461],"product_tag":[490,491,509],"class_list":{"0":"post-6479","1":"product","2":"type-product","3":"status-publish","4":"has-post-thumbnail","6":"product_cat-romance-contemporaine","7":"product_tag-passion","8":"product_tag-spicy","9":"product_tag-trouple","11":"first","12":"outofstock","13":"sold-individually","14":"taxable","15":"shipping-taxable","16":"purchasable","17":"product-type-variable"},"acf":{"auteur":"Milyi Kind","date_parution":"20161119","bestseller":false,"librairie":false},"aioseo_notices":[],"_links":{"self":[{"href":"https:\/\/butterfly-editions.com\/index.php\/wp-json\/wp\/v2\/product\/6479","targetHints":{"allow":["GET"]}}],"collection":[{"href":"https:\/\/butterfly-editions.com\/index.php\/wp-json\/wp\/v2\/product"}],"about":[{"href":"https:\/\/butterfly-editions.com\/index.php\/wp-json\/wp\/v2\/types\/product"}],"replies":[{"embeddable":true,"href":"https:\/\/butterfly-editions.com\/index.php\/wp-json\/wp\/v2\/comments?post=6479"}],"wp:featuredmedia":[{"embeddable":true,"href":"https:\/\/butterfly-editions.com\/index.php\/wp-json\/wp\/v2\/media\/6524"}],"wp:attachment":[{"href":"https:\/\/butterfly-editions.com\/index.php\/wp-json\/wp\/v2\/media?parent=6479"}],"wp:term":[{"taxonomy":"product_brand","embeddable":true,"href":"https:\/\/butterfly-editions.com\/index.php\/wp-json\/wp\/v2\/product_brand?post=6479"},{"taxonomy":"product_cat","embeddable":true,"href":"https:\/\/butterfly-editions.com\/index.php\/wp-json\/wp\/v2\/product_cat?post=6479"},{"taxonomy":"product_tag","embeddable":true,"href":"https:\/\/butterfly-editions.com\/index.php\/wp-json\/wp\/v2\/product_tag?post=6479"}],"curies":[{"name":"wp","href":"https:\/\/api.w.org\/{rel}","templated":true}]}}