{"id":6478,"date":"2024-09-01T13:38:38","date_gmt":"2024-09-01T12:38:38","guid":{"rendered":"https:\/\/butterfly-editions.com\/?post_type=product&#038;p=6478"},"modified":"2026-01-26T18:41:56","modified_gmt":"2026-01-26T17:41:56","slug":"double-je-derek-t2-de-yan-robel","status":"publish","type":"product","link":"https:\/\/butterfly-editions.com\/index.php\/produit\/double-je-derek-t2-de-yan-robel\/","title":{"rendered":"Double Je T2 &#8211; Derek"},"content":{"rendered":"<p>Ma vie a brutalement chang\u00e9. Le jour o\u00f9 j&rsquo;ai sauv\u00e9 cette femme, elle a pris un virage \u00e0 360 degr\u00e9s. Je ne pensais pas tomber amoureux de cette inconnue. Je ne savais pas qu&rsquo;elle cachait un lourd secret. Elle a fini par tout avouer. J&rsquo;ai voulu m&rsquo;\u00e9loigner. Mes sentiments m&rsquo;ont rattrap\u00e9. Depuis, nous vivons une relation compliqu\u00e9e. Je ne sais pas de quoi seront faits nos lendemains. Nous n&rsquo;aurons peut-\u00eatre pas d&rsquo;avenir. Je veux juste continuer de l&rsquo;aimer&#8230; Continuer de l&rsquo;aimer, lui&#8230;.<\/p>\n","protected":false},"excerpt":{"rendered":"<p>Ma vie a brutalement chang\u00e9. Le jour o\u00f9 j&rsquo;ai sauv\u00e9 cette femme, elle a pris un virage \u00e0 360 degr\u00e9s. Je ne pensais pas tomber amoureux de cette inconnue. Je ne savais pas qu&rsquo;elle cachait un lourd secret. Elle a fini par tout avouer. J&rsquo;ai voulu m&rsquo;\u00e9loigner. Mes sentiments m&rsquo;ont rattrap\u00e9. Depuis, nous vivons une [&hellip;]<\/p>\n","protected":false},"featured_media":6545,"comment_status":"open","ping_status":"closed","template":"","meta":{"_acf_changed":false,"content-type":""},"product_brand":[],"product_cat":[463],"product_tag":[485,484,486],"class_list":{"0":"post-6478","1":"product","2":"type-product","3":"status-publish","4":"has-post-thumbnail","6":"product_cat-romantasy","7":"product_tag-fantastique","8":"product_tag-mxm","9":"product_tag-prophetie","11":"first","12":"instock","13":"sold-individually","14":"taxable","15":"shipping-taxable","16":"purchasable","17":"product-type-variable"},"acf":{"auteur":"Yan Robel","date_parution":"20170517","bestseller":false,"librairie":false},"aioseo_notices":[],"_links":{"self":[{"href":"https:\/\/butterfly-editions.com\/index.php\/wp-json\/wp\/v2\/product\/6478","targetHints":{"allow":["GET"]}}],"collection":[{"href":"https:\/\/butterfly-editions.com\/index.php\/wp-json\/wp\/v2\/product"}],"about":[{"href":"https:\/\/butterfly-editions.com\/index.php\/wp-json\/wp\/v2\/types\/product"}],"replies":[{"embeddable":true,"href":"https:\/\/butterfly-editions.com\/index.php\/wp-json\/wp\/v2\/comments?post=6478"}],"wp:featuredmedia":[{"embeddable":true,"href":"https:\/\/butterfly-editions.com\/index.php\/wp-json\/wp\/v2\/media\/6545"}],"wp:attachment":[{"href":"https:\/\/butterfly-editions.com\/index.php\/wp-json\/wp\/v2\/media?parent=6478"}],"wp:term":[{"taxonomy":"product_brand","embeddable":true,"href":"https:\/\/butterfly-editions.com\/index.php\/wp-json\/wp\/v2\/product_brand?post=6478"},{"taxonomy":"product_cat","embeddable":true,"href":"https:\/\/butterfly-editions.com\/index.php\/wp-json\/wp\/v2\/product_cat?post=6478"},{"taxonomy":"product_tag","embeddable":true,"href":"https:\/\/butterfly-editions.com\/index.php\/wp-json\/wp\/v2\/product_tag?post=6478"}],"curies":[{"name":"wp","href":"https:\/\/api.w.org\/{rel}","templated":true}]}}