{"id":6474,"date":"2024-09-01T13:38:37","date_gmt":"2024-09-01T12:38:37","guid":{"rendered":"https:\/\/butterfly-editions.com\/?post_type=product&#038;p=6474"},"modified":"2026-01-28T15:31:39","modified_gmt":"2026-01-28T14:31:39","slug":"my-lucky-star-de-jm-pery","status":"publish","type":"product","link":"https:\/\/butterfly-editions.com\/index.php\/produit\/my-lucky-star-de-jm-pery\/","title":{"rendered":"My Lucky Star"},"content":{"rendered":"<p>Rien ne pr\u00e9disposait Erin, jeune journaliste londonienne, \u00e0 rencontrer Adam, bassiste \u00e9cossais au coeur bris\u00e9. Rien, si ce n&rsquo;est une passion commune pour la musique. Il suffit d&rsquo;un album rare, d&rsquo;un blog et d&rsquo;un mail envoy\u00e9 comme une bouteille \u00e0 la mer pour que tout bascule.<br \/>\n\u00c0 pianoter sur un clavier, les sentiments s&rsquo;invitent au bout des doigts. H\u00e9las, le monde du rock&rsquo;n&rsquo;roll se montre vite sans piti\u00e9&#8230;<br \/>\nEntre doutes et espoirs d\u00e9\u00e7us, parviendront-ils \u00e0 croire de nouveau en leur bonne \u00e9toile ?<br \/>\nDu coup de c\u0153ur virtuel au coup de c\u0153ur r\u00e9el, il n&rsquo;y a qu&rsquo;un clic&#8230;<\/p>\n","protected":false},"excerpt":{"rendered":"<p>Rien ne pr\u00e9disposait Erin, jeune journaliste londonienne, \u00e0 rencontrer Adam, bassiste \u00e9cossais au coeur bris\u00e9. Rien, si ce n&rsquo;est une passion commune pour la musique. Il suffit d&rsquo;un album rare, d&rsquo;un blog et d&rsquo;un mail envoy\u00e9 comme une bouteille \u00e0 la mer pour que tout bascule. \u00c0 pianoter sur un clavier, les sentiments s&rsquo;invitent au [&hellip;]<\/p>\n","protected":false},"featured_media":6616,"comment_status":"open","ping_status":"closed","template":"","meta":{"_acf_changed":false,"content-type":""},"product_brand":[],"product_cat":[59],"product_tag":[],"class_list":{"0":"post-6474","1":"product","2":"type-product","3":"status-publish","4":"has-post-thumbnail","6":"product_cat-non-classe","8":"first","9":"outofstock","10":"sold-individually","11":"taxable","12":"shipping-taxable","13":"purchasable","14":"product-type-variable"},"acf":{"auteur":"JM Pery","date_parution":"20190111","bestseller":false,"librairie":false},"aioseo_notices":[],"_links":{"self":[{"href":"https:\/\/butterfly-editions.com\/index.php\/wp-json\/wp\/v2\/product\/6474","targetHints":{"allow":["GET"]}}],"collection":[{"href":"https:\/\/butterfly-editions.com\/index.php\/wp-json\/wp\/v2\/product"}],"about":[{"href":"https:\/\/butterfly-editions.com\/index.php\/wp-json\/wp\/v2\/types\/product"}],"replies":[{"embeddable":true,"href":"https:\/\/butterfly-editions.com\/index.php\/wp-json\/wp\/v2\/comments?post=6474"}],"wp:featuredmedia":[{"embeddable":true,"href":"https:\/\/butterfly-editions.com\/index.php\/wp-json\/wp\/v2\/media\/6616"}],"wp:attachment":[{"href":"https:\/\/butterfly-editions.com\/index.php\/wp-json\/wp\/v2\/media?parent=6474"}],"wp:term":[{"taxonomy":"product_brand","embeddable":true,"href":"https:\/\/butterfly-editions.com\/index.php\/wp-json\/wp\/v2\/product_brand?post=6474"},{"taxonomy":"product_cat","embeddable":true,"href":"https:\/\/butterfly-editions.com\/index.php\/wp-json\/wp\/v2\/product_cat?post=6474"},{"taxonomy":"product_tag","embeddable":true,"href":"https:\/\/butterfly-editions.com\/index.php\/wp-json\/wp\/v2\/product_tag?post=6474"}],"curies":[{"name":"wp","href":"https:\/\/api.w.org\/{rel}","templated":true}]}}