{"id":6473,"date":"2024-09-01T13:38:37","date_gmt":"2024-09-01T12:38:37","guid":{"rendered":"https:\/\/butterfly-editions.com\/?post_type=product&#038;p=6473"},"modified":"2026-01-27T16:19:27","modified_gmt":"2026-01-27T15:19:27","slug":"light-de-kessilya","status":"publish","type":"product","link":"https:\/\/butterfly-editions.com\/index.php\/produit\/light-de-kessilya\/","title":{"rendered":"Light"},"content":{"rendered":"<p>Le moins que l\u2019on puisse dire, c\u2019est que Light Lovegood n\u2019est pas une jeune femme comme les autres. Un brin folle, toujours tr\u00e8s direct, elle aime surprendre et \u00eatre l\u00e0 o\u00f9 on ne l\u2019attend pas. L\u2019Amour, elle connait. Elle l\u2019a v\u00e9cu, s\u2019est cass\u00e9e les dents dessus et s\u2019est jur\u00e9e de ne plus jamais retomber dans les filets du c\u00e9l\u00e8bre batteur des Blood Line. Pourtant, quoi qu\u2019elle fasse, tout semble toujours la ramener vers le beau Kerian. Tout ? Pas tout \u00e0 fait. Un grain de sable vient gripper les rouages et il a un nom : Rapha\u00ebl. \u00c0 l\u2019oppos\u00e9 de tout ce qu\u2019elle a toujours cherch\u00e9 chez un homme, le s\u00e9duisant m\u00e9decin parviendra-t-il \u00e0 lui faire oublier ses aprioris tout en sauvant Cerise, sa meilleure amie, de son tragique destin ? Quand l\u2019Amour sonne comme une double \u00e9vidence, quand l\u2019amiti\u00e9 nous porte au-del\u00e0 de nous-m\u00eame, quand notre c\u0153ur est tiraill\u00e9 de telle mani\u00e8re qu\u2019il nous devient impossible de respirer sans souffrir, que peut-il bien nous rester ?<\/p>\n","protected":false},"excerpt":{"rendered":"<p>Le moins que l\u2019on puisse dire, c\u2019est que Light Lovegood n\u2019est pas une jeune femme comme les autres. Un brin folle, toujours tr\u00e8s direct, elle aime surprendre et \u00eatre l\u00e0 o\u00f9 on ne l\u2019attend pas. L\u2019Amour, elle connait. Elle l\u2019a v\u00e9cu, s\u2019est cass\u00e9e les dents dessus et s\u2019est jur\u00e9e de ne plus jamais retomber dans [&hellip;]<\/p>\n","protected":false},"featured_media":6527,"comment_status":"open","ping_status":"closed","template":"","meta":{"_acf_changed":false,"content-type":""},"product_brand":[],"product_cat":[461],"product_tag":[],"class_list":{"0":"post-6473","1":"product","2":"type-product","3":"status-publish","4":"has-post-thumbnail","6":"product_cat-romance-contemporaine","8":"first","9":"outofstock","10":"sold-individually","11":"taxable","12":"shipping-taxable","13":"purchasable","14":"product-type-variable"},"acf":{"auteur":"Kessilya","date_parution":"20170202","bestseller":false,"librairie":false},"aioseo_notices":[],"_links":{"self":[{"href":"https:\/\/butterfly-editions.com\/index.php\/wp-json\/wp\/v2\/product\/6473","targetHints":{"allow":["GET"]}}],"collection":[{"href":"https:\/\/butterfly-editions.com\/index.php\/wp-json\/wp\/v2\/product"}],"about":[{"href":"https:\/\/butterfly-editions.com\/index.php\/wp-json\/wp\/v2\/types\/product"}],"replies":[{"embeddable":true,"href":"https:\/\/butterfly-editions.com\/index.php\/wp-json\/wp\/v2\/comments?post=6473"}],"wp:featuredmedia":[{"embeddable":true,"href":"https:\/\/butterfly-editions.com\/index.php\/wp-json\/wp\/v2\/media\/6527"}],"wp:attachment":[{"href":"https:\/\/butterfly-editions.com\/index.php\/wp-json\/wp\/v2\/media?parent=6473"}],"wp:term":[{"taxonomy":"product_brand","embeddable":true,"href":"https:\/\/butterfly-editions.com\/index.php\/wp-json\/wp\/v2\/product_brand?post=6473"},{"taxonomy":"product_cat","embeddable":true,"href":"https:\/\/butterfly-editions.com\/index.php\/wp-json\/wp\/v2\/product_cat?post=6473"},{"taxonomy":"product_tag","embeddable":true,"href":"https:\/\/butterfly-editions.com\/index.php\/wp-json\/wp\/v2\/product_tag?post=6473"}],"curies":[{"name":"wp","href":"https:\/\/api.w.org\/{rel}","templated":true}]}}