{"id":6472,"date":"2024-09-01T13:38:37","date_gmt":"2024-09-01T12:38:37","guid":{"rendered":"https:\/\/butterfly-editions.com\/?post_type=product&#038;p=6472"},"modified":"2026-01-26T18:27:46","modified_gmt":"2026-01-26T17:27:46","slug":"gabriel-de-kessilya","status":"publish","type":"product","link":"https:\/\/butterfly-editions.com\/index.php\/produit\/gabriel-de-kessilya\/","title":{"rendered":"Gabriel"},"content":{"rendered":"<p>Cerise et Gabriel ne semblent rien avoir en commun mis \u00e0 part leur amour pour la musique. Oui, mais pas seulement&#8230;Entra\u00een\u00e9s tous les deux dans une vie dont ils n\u2019ont pas voulue, ils lutteront, chacun \u00e0 leur mani\u00e8re, pour parvenir \u00e0 s\u2019en sortir indemne. Quand la vie devient trop courte pour attendre, quand l\u2019impossible devient possible, quand les r\u00eaves deviennent r\u00e9alit\u00e9&#8230;<br \/>\nVoici la rencontre de deux \u00eatres tiraill\u00e9s par leurs d\u00e9sirs et en qu\u00eate d\u2019un tout nouveau futur.<\/p>\n<div id=\"richProductInformation_feature_div\" class=\"celwidget\" data-feature-name=\"richProductInformation\" data-csa-c-id=\"b27tmy-282sjt-giqord-oqi624\" data-cel-widget=\"richProductInformation_feature_div\">\n<div id=\"rich_product_information\" class=\"a-section a-spacing-none celwidget\" data-csa-c-id=\"19wyq6-cgerxe-l6z22f-r8purq\" data-cel-widget=\"rich_product_information\"><\/div>\n<\/div>\n","protected":false},"excerpt":{"rendered":"<p>Cerise et Gabriel ne semblent rien avoir en commun mis \u00e0 part leur amour pour la musique. Oui, mais pas seulement&#8230;Entra\u00een\u00e9s tous les deux dans une vie dont ils n\u2019ont pas voulue, ils lutteront, chacun \u00e0 leur mani\u00e8re, pour parvenir \u00e0 s\u2019en sortir indemne. Quand la vie devient trop courte pour attendre, quand l\u2019impossible devient [&hellip;]<\/p>\n","protected":false},"featured_media":6522,"comment_status":"open","ping_status":"closed","template":"","meta":{"_acf_changed":false,"content-type":""},"product_brand":[],"product_cat":[461],"product_tag":[482,483],"class_list":{"0":"post-6472","1":"product","2":"type-product","3":"status-publish","4":"has-post-thumbnail","6":"product_cat-romance-contemporaine","7":"product_tag-courage","8":"product_tag-maladie","10":"first","11":"instock","12":"sold-individually","13":"taxable","14":"shipping-taxable","15":"purchasable","16":"product-type-variable"},"acf":{"auteur":"Kessilya","date_parution":"20160821","bestseller":false,"librairie":false},"aioseo_notices":[],"_links":{"self":[{"href":"https:\/\/butterfly-editions.com\/index.php\/wp-json\/wp\/v2\/product\/6472","targetHints":{"allow":["GET"]}}],"collection":[{"href":"https:\/\/butterfly-editions.com\/index.php\/wp-json\/wp\/v2\/product"}],"about":[{"href":"https:\/\/butterfly-editions.com\/index.php\/wp-json\/wp\/v2\/types\/product"}],"replies":[{"embeddable":true,"href":"https:\/\/butterfly-editions.com\/index.php\/wp-json\/wp\/v2\/comments?post=6472"}],"wp:featuredmedia":[{"embeddable":true,"href":"https:\/\/butterfly-editions.com\/index.php\/wp-json\/wp\/v2\/media\/6522"}],"wp:attachment":[{"href":"https:\/\/butterfly-editions.com\/index.php\/wp-json\/wp\/v2\/media?parent=6472"}],"wp:term":[{"taxonomy":"product_brand","embeddable":true,"href":"https:\/\/butterfly-editions.com\/index.php\/wp-json\/wp\/v2\/product_brand?post=6472"},{"taxonomy":"product_cat","embeddable":true,"href":"https:\/\/butterfly-editions.com\/index.php\/wp-json\/wp\/v2\/product_cat?post=6472"},{"taxonomy":"product_tag","embeddable":true,"href":"https:\/\/butterfly-editions.com\/index.php\/wp-json\/wp\/v2\/product_tag?post=6472"}],"curies":[{"name":"wp","href":"https:\/\/api.w.org\/{rel}","templated":true}]}}