{"id":6471,"date":"2024-09-01T13:38:37","date_gmt":"2024-09-01T12:38:37","guid":{"rendered":"https:\/\/butterfly-editions.com\/?post_type=product&#038;p=6471"},"modified":"2026-01-26T18:47:29","modified_gmt":"2026-01-26T17:47:29","slug":"obsession-de-anna-santos","status":"publish","type":"product","link":"https:\/\/butterfly-editions.com\/index.php\/produit\/obsession-de-anna-santos\/","title":{"rendered":"Obsession T1"},"content":{"rendered":"<p>Comment Elena Scott aurait pu penser qu\u2019un simple casting propos\u00e9 au sein de sa facult\u00e9 de droit allait changer le cours de son existence ? D\u00e8s qu\u2019elle apprend qu\u2019elle a \u00e9t\u00e9 retenue pour camper le r\u00f4le principal de ce film pr\u00e9vu au box-office, ses certitudes s\u2019envolent. Malgr\u00e9 des parents protecteurs et un petit-ami qu\u2019elle pense aimer passionn\u00e9ment, elle d\u00e9cide de laisser tomber ses \u00e9tudes qui ne l\u2019int\u00e9ressent pas et de se lancer dans l\u2019inconnu. Cette exp\u00e9rience va changer sa vie. Mais pas seulement&#8230; Lui, Ethan Stinson s\u2019appr\u00eate \u00e0 la bouleverser dans tous les sens du terme&#8230;Quelque chose d\u2019ind\u00e9finissable l\u2019attire en lui&#8230; Mais qui se cache derri\u00e8re cet acteur connu et reconnu mondialement ? Sa beaut\u00e9 n\u2019est-elle que le reflet de l\u2019attirance qu\u2019il lui inspire ? Ou cela va-t-il plus loin que ses croyances et ses certitudes ? Entre Paris, New York et Lisbonne, entre appr\u00e9hensions, mensonges et trahisons, la passion prendra-t-elle le dessus ? Les douloureux d\u00e9mons du pass\u00e9 qu\u2019Ethan tente de dissimuler risquent-ils de venir les hanter ?Une chose est s\u00fbre. Leur rencontre va les bouleverser bien plus qu\u2019ils ne se l\u2019imaginaient&#8230; Et si, au fond, leur vie n\u2019\u00e9tait qu\u2019un vaste mensonge ?<\/p>\n<div id=\"richProductInformation_feature_div\" class=\"celwidget\" data-feature-name=\"richProductInformation\" data-csa-c-id=\"b27tmy-282sjt-giqord-oqi624\" data-cel-widget=\"richProductInformation_feature_div\">\n<div id=\"rich_product_information\" class=\"a-section a-spacing-none celwidget\" data-csa-c-id=\"19wyq6-cgerxe-l6z22f-r8purq\" data-cel-widget=\"rich_product_information\"><\/div>\n<\/div>\n","protected":false},"excerpt":{"rendered":"<p>Comment Elena Scott aurait pu penser qu\u2019un simple casting propos\u00e9 au sein de sa facult\u00e9 de droit allait changer le cours de son existence ? D\u00e8s qu\u2019elle apprend qu\u2019elle a \u00e9t\u00e9 retenue pour camper le r\u00f4le principal de ce film pr\u00e9vu au box-office, ses certitudes s\u2019envolent. Malgr\u00e9 des parents protecteurs et un petit-ami qu\u2019elle pense [&hellip;]<\/p>\n","protected":false},"featured_media":6526,"comment_status":"open","ping_status":"closed","template":"","meta":{"_acf_changed":false,"content-type":""},"product_brand":[],"product_cat":[461],"product_tag":[487,488,489],"class_list":{"0":"post-6471","1":"product","2":"type-product","3":"status-publish","4":"has-post-thumbnail","6":"product_cat-romance-contemporaine","7":"product_tag-amour-interdit","8":"product_tag-film","9":"product_tag-new-york","11":"first","12":"instock","13":"sold-individually","14":"taxable","15":"shipping-taxable","16":"purchasable","17":"product-type-variable"},"acf":{"auteur":"Anna Santos","date_parution":"20170201","bestseller":false,"librairie":false},"aioseo_notices":[],"_links":{"self":[{"href":"https:\/\/butterfly-editions.com\/index.php\/wp-json\/wp\/v2\/product\/6471","targetHints":{"allow":["GET"]}}],"collection":[{"href":"https:\/\/butterfly-editions.com\/index.php\/wp-json\/wp\/v2\/product"}],"about":[{"href":"https:\/\/butterfly-editions.com\/index.php\/wp-json\/wp\/v2\/types\/product"}],"replies":[{"embeddable":true,"href":"https:\/\/butterfly-editions.com\/index.php\/wp-json\/wp\/v2\/comments?post=6471"}],"wp:featuredmedia":[{"embeddable":true,"href":"https:\/\/butterfly-editions.com\/index.php\/wp-json\/wp\/v2\/media\/6526"}],"wp:attachment":[{"href":"https:\/\/butterfly-editions.com\/index.php\/wp-json\/wp\/v2\/media?parent=6471"}],"wp:term":[{"taxonomy":"product_brand","embeddable":true,"href":"https:\/\/butterfly-editions.com\/index.php\/wp-json\/wp\/v2\/product_brand?post=6471"},{"taxonomy":"product_cat","embeddable":true,"href":"https:\/\/butterfly-editions.com\/index.php\/wp-json\/wp\/v2\/product_cat?post=6471"},{"taxonomy":"product_tag","embeddable":true,"href":"https:\/\/butterfly-editions.com\/index.php\/wp-json\/wp\/v2\/product_tag?post=6471"}],"curies":[{"name":"wp","href":"https:\/\/api.w.org\/{rel}","templated":true}]}}