{"id":6469,"date":"2024-09-01T13:38:37","date_gmt":"2024-09-01T12:38:37","guid":{"rendered":"https:\/\/butterfly-editions.com\/?post_type=product&#038;p=6469"},"modified":"2026-01-26T19:20:26","modified_gmt":"2026-01-26T18:20:26","slug":"dirty-love-3-se-relever-de-jolie-plume","status":"publish","type":"product","link":"https:\/\/butterfly-editions.com\/index.php\/produit\/dirty-love-3-se-relever-de-jolie-plume\/","title":{"rendered":"Dirty Love T3 &#8211; Se Relever"},"content":{"rendered":"<p>Je n&rsquo;arrive pas \u00e0 croire que j&rsquo;ai parcouru autant de chemin en si peu de temps. L&rsquo;ann\u00e9e derni\u00e8re encore, j&rsquo;\u00e9tais cette lyc\u00e9enne aux allures \u00e9tranges qui se prostituait pour survivre. Je croyais me conna\u00eetre jusqu&rsquo;\u00e0 ce que mon professeur vienne bousculer toutes mes certitudes, jusqu&rsquo;\u00e0 ce qu\u2019il m&rsquo;initie \u00e0 la douleur afin de me sauver de moi-m\u00eame&#8230;<br \/>\nS\u00e9par\u00e9ment, nous avons chut\u00e9; ensemble, nous avons appris \u00e0 renouer avec le bonheur. Bien qu&rsquo;officiellement en couple, des zones d&rsquo;ombres subsistent&#8230; Je ne les imaginais si nombreuses, si destructrices&#8230; Si autrefois, j\u2019ai \u00e9t\u00e9 capable de tol\u00e9rer l\u2019intol\u00e9rable, suis-je maintenant en mesure de pardonner l&rsquo;impardonnable ?<\/p>\n<p>***<\/p>\n<p>Quand je repense au chemin parcouru en si peu de temps, j&rsquo;ai du mal \u00e0 y croire. L&rsquo;ann\u00e9e derni\u00e8re encore, j&rsquo;incarnais cet \u00eatre sombre, tortur\u00e9 par les d\u00e9mons de son pass\u00e9. Je composais avec la vie; aujourd&rsquo;hui, me voil\u00e0 r\u00e9concili\u00e9 avec elle. Gr\u00e2ce \u00e0 mon ovni&#8230; Cette jeune femme extraordinaire qui m&rsquo;a oblig\u00e9 \u00e0 repousser mes propres limites, \u00e0 tol\u00e9rer l\u2019intol\u00e9rable pour briser les cha\u00eenes qui me retenaient prisonnier&#8230; Ensemble, nous devons d\u00e9sormais apprendre \u00e0 nous apprivoiser dans notre nouveau quotidien&#8230; Seulement, peut-on rester debout lorsque le pass\u00e9 se r\u00e9invite dans le pr\u00e9sent ?<br \/>\nJe l&rsquo;esp\u00e8re&#8230; Je veux croire que l&rsquo;amour reste plus fort que tout&#8230;<\/p>\n","protected":false},"excerpt":{"rendered":"<p>Je n&rsquo;arrive pas \u00e0 croire que j&rsquo;ai parcouru autant de chemin en si peu de temps. L&rsquo;ann\u00e9e derni\u00e8re encore, j&rsquo;\u00e9tais cette lyc\u00e9enne aux allures \u00e9tranges qui se prostituait pour survivre. Je croyais me conna\u00eetre jusqu&rsquo;\u00e0 ce que mon professeur vienne bousculer toutes mes certitudes, jusqu&rsquo;\u00e0 ce qu\u2019il m&rsquo;initie \u00e0 la douleur afin de me sauver [&hellip;]<\/p>\n","protected":false},"featured_media":6546,"comment_status":"open","ping_status":"closed","template":"","meta":{"_acf_changed":false,"content-type":""},"product_brand":[],"product_cat":[459],"product_tag":[493,496,490,497],"class_list":{"0":"post-6469","1":"product","2":"type-product","3":"status-publish","4":"has-post-thumbnail","6":"product_cat-dark-romance","7":"product_tag-bad-boy","8":"product_tag-dark-romance","9":"product_tag-passion","10":"product_tag-suspense","12":"first","13":"instock","14":"sold-individually","15":"taxable","16":"shipping-taxable","17":"purchasable","18":"product-type-variable"},"acf":{"auteur":"Jolie Plume","date_parution":"20170607","bestseller":false,"librairie":false},"aioseo_notices":[],"_links":{"self":[{"href":"https:\/\/butterfly-editions.com\/index.php\/wp-json\/wp\/v2\/product\/6469","targetHints":{"allow":["GET"]}}],"collection":[{"href":"https:\/\/butterfly-editions.com\/index.php\/wp-json\/wp\/v2\/product"}],"about":[{"href":"https:\/\/butterfly-editions.com\/index.php\/wp-json\/wp\/v2\/types\/product"}],"replies":[{"embeddable":true,"href":"https:\/\/butterfly-editions.com\/index.php\/wp-json\/wp\/v2\/comments?post=6469"}],"wp:featuredmedia":[{"embeddable":true,"href":"https:\/\/butterfly-editions.com\/index.php\/wp-json\/wp\/v2\/media\/6546"}],"wp:attachment":[{"href":"https:\/\/butterfly-editions.com\/index.php\/wp-json\/wp\/v2\/media?parent=6469"}],"wp:term":[{"taxonomy":"product_brand","embeddable":true,"href":"https:\/\/butterfly-editions.com\/index.php\/wp-json\/wp\/v2\/product_brand?post=6469"},{"taxonomy":"product_cat","embeddable":true,"href":"https:\/\/butterfly-editions.com\/index.php\/wp-json\/wp\/v2\/product_cat?post=6469"},{"taxonomy":"product_tag","embeddable":true,"href":"https:\/\/butterfly-editions.com\/index.php\/wp-json\/wp\/v2\/product_tag?post=6469"}],"curies":[{"name":"wp","href":"https:\/\/api.w.org\/{rel}","templated":true}]}}