{"id":6468,"date":"2024-09-01T13:38:36","date_gmt":"2024-09-01T12:38:36","guid":{"rendered":"https:\/\/butterfly-editions.com\/?post_type=product&#038;p=6468"},"modified":"2026-01-26T19:15:28","modified_gmt":"2026-01-26T18:15:28","slug":"dirty-love-2-apprendre-de-jolie-plume","status":"publish","type":"product","link":"https:\/\/butterfly-editions.com\/index.php\/produit\/dirty-love-2-apprendre-de-jolie-plume\/","title":{"rendered":"Dirty Love T2 &#8211; Apprendre"},"content":{"rendered":"<p>Tout a chang\u00e9 le jour o\u00f9 un inconnu m\u2019a sortie des griffes de mon prox\u00e9n\u00e8te&#8230; Je croyais ma double vie ma\u00eetris\u00e9e ? Je pensais que mon pr\u00e9sent me satisfaisait ? Gr\u00e2ce \u00e0 cet homme qui a chamboul\u00e9 les fondements de mon existence, j&rsquo;ai pu comprendre qu&rsquo;il n&rsquo;en \u00e9tait rien&#8230; Nous avons eu beau lutter contre notre attirance, la tentation a fini par l&#8217;emporter&#8230; Mais il restait mon \u00e9norme mensonge en toile de fond&#8230; Que va-t-il se passer maintenant qu\u2019il a d\u00e9couvert la v\u00e9rit\u00e9 ? Va-t-il me pardonner et ainsi me donner raison de croire \u00e0 nouveau en l&rsquo;amour ? ***Le voile s\u2019est peu \u00e0 peu lev\u00e9 le jour o\u00f9 j\u2019ai sorti une prostitu\u00e9e des griffes de son prox\u00e9n\u00e8te&#8230; Gr\u00e2ce \u00e0 cette femme qui a chamboul\u00e9 les fondements de mon existence, je pensais avoir dompt\u00e9 mes d\u00e9mons et j&rsquo;imaginais qu&rsquo;en cessant de lutter contre mon attirance pour y c\u00e9der, tout allait s&rsquo;arranger&#8230; En r\u00e9alit\u00e9, il n&rsquo;en est rien&#8230; Apr\u00e8s l&rsquo;avoir poss\u00e9d\u00e9e, j&rsquo;ai d\u00e9couvert que tout reposait sur un mensonge&#8230; L\u2019ampleur de mes sentiments r\u00e9ussira-t-elle \u00e0 effacer celle de ma haine ?<\/p>\n<div id=\"richProductInformation_feature_div\" class=\"celwidget\" data-feature-name=\"richProductInformation\" data-csa-c-id=\"b27tmy-282sjt-giqord-oqi624\" data-cel-widget=\"richProductInformation_feature_div\">\n<div id=\"rich_product_information\" class=\"a-section a-spacing-none celwidget\" data-csa-c-id=\"19wyq6-cgerxe-l6z22f-r8purq\" data-cel-widget=\"rich_product_information\"><\/div>\n<\/div>\n<div data-csa-c-id=\"19wyq6-cgerxe-l6z22f-r8purq\" data-cel-widget=\"rich_product_information\"><\/div>\n<div data-csa-c-id=\"19wyq6-cgerxe-l6z22f-r8purq\" data-cel-widget=\"rich_product_information\"><\/div>\n","protected":false},"excerpt":{"rendered":"<p>Tout a chang\u00e9 le jour o\u00f9 un inconnu m\u2019a sortie des griffes de mon prox\u00e9n\u00e8te&#8230; Je croyais ma double vie ma\u00eetris\u00e9e ? Je pensais que mon pr\u00e9sent me satisfaisait ? Gr\u00e2ce \u00e0 cet homme qui a chamboul\u00e9 les fondements de mon existence, j&rsquo;ai pu comprendre qu&rsquo;il n&rsquo;en \u00e9tait rien&#8230; Nous avons eu beau lutter contre [&hellip;]<\/p>\n","protected":false},"featured_media":6525,"comment_status":"open","ping_status":"closed","template":"","meta":{"_acf_changed":false,"content-type":""},"product_brand":[],"product_cat":[459],"product_tag":[493,494,490],"class_list":{"0":"post-6468","1":"product","2":"type-product","3":"status-publish","4":"has-post-thumbnail","6":"product_cat-dark-romance","7":"product_tag-bad-boy","8":"product_tag-desir","9":"product_tag-passion","11":"first","12":"instock","13":"sold-individually","14":"taxable","15":"shipping-taxable","16":"purchasable","17":"product-type-variable"},"acf":{"auteur":"Jolie Plume","date_parution":"20161127","bestseller":false,"librairie":false},"aioseo_notices":[],"_links":{"self":[{"href":"https:\/\/butterfly-editions.com\/index.php\/wp-json\/wp\/v2\/product\/6468","targetHints":{"allow":["GET"]}}],"collection":[{"href":"https:\/\/butterfly-editions.com\/index.php\/wp-json\/wp\/v2\/product"}],"about":[{"href":"https:\/\/butterfly-editions.com\/index.php\/wp-json\/wp\/v2\/types\/product"}],"replies":[{"embeddable":true,"href":"https:\/\/butterfly-editions.com\/index.php\/wp-json\/wp\/v2\/comments?post=6468"}],"wp:featuredmedia":[{"embeddable":true,"href":"https:\/\/butterfly-editions.com\/index.php\/wp-json\/wp\/v2\/media\/6525"}],"wp:attachment":[{"href":"https:\/\/butterfly-editions.com\/index.php\/wp-json\/wp\/v2\/media?parent=6468"}],"wp:term":[{"taxonomy":"product_brand","embeddable":true,"href":"https:\/\/butterfly-editions.com\/index.php\/wp-json\/wp\/v2\/product_brand?post=6468"},{"taxonomy":"product_cat","embeddable":true,"href":"https:\/\/butterfly-editions.com\/index.php\/wp-json\/wp\/v2\/product_cat?post=6468"},{"taxonomy":"product_tag","embeddable":true,"href":"https:\/\/butterfly-editions.com\/index.php\/wp-json\/wp\/v2\/product_tag?post=6468"}],"curies":[{"name":"wp","href":"https:\/\/api.w.org\/{rel}","templated":true}]}}