{"id":10980,"date":"2026-04-20T14:26:11","date_gmt":"2026-04-20T13:26:11","guid":{"rendered":"https:\/\/butterfly-editions.com\/?post_type=product&#038;p=10980"},"modified":"2026-04-20T14:34:54","modified_gmt":"2026-04-20T13:34:54","slug":"not-a-reason","status":"publish","type":"product","link":"https:\/\/butterfly-editions.com\/index.php\/produit\/not-a-reason\/","title":{"rendered":"Not A Reason"},"content":{"rendered":"<p><span class=\"a-text-bold\">Ils n\u2019ont rien en commun&#8230; sauf un pass\u00e9 qui les a bris\u00e9s, et une attirance qu\u2019ils refusent d\u2019avouer.<\/span><\/p>\n<p>En entrant \u00e0 la Sorbonne, Lou ne r\u00eave pas d\u2019une vie \u00e9tudiante id\u00e9ale : elle veut simplement survivre. Orpheline, responsable de son petit fr\u00e8re et coinc\u00e9e dans un foyer toxique, elle avance en silence, d\u00e9termin\u00e9e \u00e0 prot\u00e9ger ce qu\u2019il lui reste.<\/p>\n<p>\u00c0 l\u2019oppos\u00e9, Nils, h\u00e9ritier d\u2019une famille influente, cache sous son arrogance une douleur profonde qu\u2019il refuse d\u2019affronter. Entre pression familiale, souvenirs qu\u2019il \u00e9touffe et besoin maladif de contr\u00f4ler ses \u00e9motions, il ne laisse personne l\u2019approcher&#8230; sauf sa s\u0153ur.<\/p>\n<p>Quand Lou et Nils se rencontrent, le clash est imm\u00e9diat : ils se provoquent, se d\u00e9fient, se repoussent \u2013 mais chacun reconna\u00eet chez l\u2019autre une faille famili\u00e8re. De cours en confrontations, leurs vies s\u2019entrem\u00ealent malgr\u00e9 eux, r\u00e9v\u00e9lant une attirance qu\u2019ils n\u2019avaient pas pr\u00e9vue de g\u00e9rer.<\/p>\n<p><span class=\"a-text-italic\">Tr\u00e8s vite, une question s\u2019impose : vont-ils se d\u00e9truire&#8230; ou se r\u00e9parer ?<\/span><\/p>\n","protected":false},"excerpt":{"rendered":"<p>Ils n\u2019ont rien en commun&#8230; sauf un pass\u00e9 qui les a bris\u00e9s, et une attirance qu\u2019ils refusent d\u2019avouer. En entrant \u00e0 la Sorbonne, Lou ne r\u00eave pas d\u2019une vie \u00e9tudiante id\u00e9ale : elle veut simplement survivre. Orpheline, responsable de son petit fr\u00e8re et coinc\u00e9e dans un foyer toxique, elle avance en silence, d\u00e9termin\u00e9e \u00e0 prot\u00e9ger [&hellip;]<\/p>\n","protected":false},"featured_media":10982,"comment_status":"open","ping_status":"closed","template":"","meta":{"_acf_changed":false,"content-type":""},"product_brand":[],"product_cat":[461],"product_tag":[540,571],"class_list":{"0":"post-10980","1":"product","2":"type-product","3":"status-publish","4":"has-post-thumbnail","6":"product_cat-romance-contemporaine","7":"product_tag-campus","8":"product_tag-dessin","10":"first","11":"instock","12":"taxable","13":"shipping-taxable","14":"purchasable","15":"product-type-variable"},"acf":{"auteur":"Laura Collins","date_parution":"20260519","bestseller":false,"librairie":true},"aioseo_notices":[],"_links":{"self":[{"href":"https:\/\/butterfly-editions.com\/index.php\/wp-json\/wp\/v2\/product\/10980","targetHints":{"allow":["GET"]}}],"collection":[{"href":"https:\/\/butterfly-editions.com\/index.php\/wp-json\/wp\/v2\/product"}],"about":[{"href":"https:\/\/butterfly-editions.com\/index.php\/wp-json\/wp\/v2\/types\/product"}],"replies":[{"embeddable":true,"href":"https:\/\/butterfly-editions.com\/index.php\/wp-json\/wp\/v2\/comments?post=10980"}],"wp:featuredmedia":[{"embeddable":true,"href":"https:\/\/butterfly-editions.com\/index.php\/wp-json\/wp\/v2\/media\/10982"}],"wp:attachment":[{"href":"https:\/\/butterfly-editions.com\/index.php\/wp-json\/wp\/v2\/media?parent=10980"}],"wp:term":[{"taxonomy":"product_brand","embeddable":true,"href":"https:\/\/butterfly-editions.com\/index.php\/wp-json\/wp\/v2\/product_brand?post=10980"},{"taxonomy":"product_cat","embeddable":true,"href":"https:\/\/butterfly-editions.com\/index.php\/wp-json\/wp\/v2\/product_cat?post=10980"},{"taxonomy":"product_tag","embeddable":true,"href":"https:\/\/butterfly-editions.com\/index.php\/wp-json\/wp\/v2\/product_tag?post=10980"}],"curies":[{"name":"wp","href":"https:\/\/api.w.org\/{rel}","templated":true}]}}