{"id":10977,"date":"2026-04-20T14:21:32","date_gmt":"2026-04-20T13:21:32","guid":{"rendered":"https:\/\/butterfly-editions.com\/?post_type=product&#038;p=10977"},"modified":"2026-04-20T14:39:31","modified_gmt":"2026-04-20T13:39:31","slug":"savage-bikers-tome-1-wild-bikers","status":"publish","type":"product","link":"https:\/\/butterfly-editions.com\/index.php\/produit\/savage-bikers-tome-1-wild-bikers\/","title":{"rendered":"Savage Bikers &#8211; T1 &#8211; Wild Bikers"},"content":{"rendered":"<p><span class=\"a-text-bold\">Il impose ses lois. Elle n\u2019a jamais cess\u00e9 de fuir celles des autres.<\/span><\/p>\n<p>Depuis deux mois, Texas, ancienne \u00e9tudiante en m\u00e9decine, survit dans la rue, seule, m\u00e9fiante, pr\u00eate \u00e0 tout pour ne d\u00e9pendre de personne. En sauvant la vie d\u2019un inconnu, elle ignore qu\u2019elle vient d\u2019attirer l\u2019attention des Savage Tigers, un redoutable club de bikers. Et surtout celle de leur pr\u00e9sident, qui, ayant besoin d\u2019un nouveau docteur, donne l\u2019ordre de la faire enlever.<\/p>\n<p>Blake a toujours impos\u00e9 ses lois sans jamais faiblir. Marqu\u00e9 par la mort de son p\u00e8re, il a depuis longtemps ferm\u00e9 la porte aux sentiments. Jusqu\u2019\u00e0 Texas, dont la force, l\u2019insolence et les secrets fissurent peu \u00e0 peu le contr\u00f4le qu\u2019il croyait in\u00e9branlable.<\/p>\n<p>Car Texas n\u2019est pas arriv\u00e9e dans sa vie par hasard. Et quand pass\u00e9 et d\u00e9sir commencent \u00e0 se m\u00ealer, Blake pourrait bien d\u00e9couvrir que la seule femme capable de lui tenir t\u00eate est aussi celle qu\u2019il ne pourra plus laisser partir.<\/p>\n","protected":false},"excerpt":{"rendered":"<p>Il impose ses lois. Elle n\u2019a jamais cess\u00e9 de fuir celles des autres. Depuis deux mois, Texas, ancienne \u00e9tudiante en m\u00e9decine, survit dans la rue, seule, m\u00e9fiante, pr\u00eate \u00e0 tout pour ne d\u00e9pendre de personne. En sauvant la vie d\u2019un inconnu, elle ignore qu\u2019elle vient d\u2019attirer l\u2019attention des Savage Tigers, un redoutable club de bikers. [&hellip;]<\/p>\n","protected":false},"featured_media":10979,"comment_status":"open","ping_status":"closed","template":"","meta":{"_acf_changed":false,"content-type":""},"product_brand":[],"product_cat":[466],"product_tag":[470],"class_list":{"0":"post-10977","1":"product","2":"type-product","3":"status-publish","4":"has-post-thumbnail","6":"product_cat-romance-sombre","7":"product_tag-bikers","9":"first","10":"outofstock","11":"taxable","12":"shipping-taxable","13":"purchasable","14":"product-type-variable"},"acf":{"auteur":"Caroline Sauvage","date_parution":"20260514","bestseller":false,"librairie":false},"aioseo_notices":[],"_links":{"self":[{"href":"https:\/\/butterfly-editions.com\/index.php\/wp-json\/wp\/v2\/product\/10977","targetHints":{"allow":["GET"]}}],"collection":[{"href":"https:\/\/butterfly-editions.com\/index.php\/wp-json\/wp\/v2\/product"}],"about":[{"href":"https:\/\/butterfly-editions.com\/index.php\/wp-json\/wp\/v2\/types\/product"}],"replies":[{"embeddable":true,"href":"https:\/\/butterfly-editions.com\/index.php\/wp-json\/wp\/v2\/comments?post=10977"}],"wp:featuredmedia":[{"embeddable":true,"href":"https:\/\/butterfly-editions.com\/index.php\/wp-json\/wp\/v2\/media\/10979"}],"wp:attachment":[{"href":"https:\/\/butterfly-editions.com\/index.php\/wp-json\/wp\/v2\/media?parent=10977"}],"wp:term":[{"taxonomy":"product_brand","embeddable":true,"href":"https:\/\/butterfly-editions.com\/index.php\/wp-json\/wp\/v2\/product_brand?post=10977"},{"taxonomy":"product_cat","embeddable":true,"href":"https:\/\/butterfly-editions.com\/index.php\/wp-json\/wp\/v2\/product_cat?post=10977"},{"taxonomy":"product_tag","embeddable":true,"href":"https:\/\/butterfly-editions.com\/index.php\/wp-json\/wp\/v2\/product_tag?post=10977"}],"curies":[{"name":"wp","href":"https:\/\/api.w.org\/{rel}","templated":true}]}}