{"id":10974,"date":"2026-04-20T14:16:30","date_gmt":"2026-04-20T13:16:30","guid":{"rendered":"https:\/\/butterfly-editions.com\/?post_type=product&#038;p=10974"},"modified":"2026-04-20T14:20:31","modified_gmt":"2026-04-20T13:20:31","slug":"what-the-fuck","status":"publish","type":"product","link":"https:\/\/butterfly-editions.com\/index.php\/produit\/what-the-fuck\/","title":{"rendered":"What The Fuck !"},"content":{"rendered":"<p>Elle pensait avoir laiss\u00e9 son pass\u00e9 derri\u00e8re elle&#8230; jusqu&rsquo;\u00e0 ce qu&rsquo;un seul soir fasse tout exploser. Louise, \u00e9tudiante r\u00e9serv\u00e9e et hant\u00e9e par un pass\u00e9 humiliant, se r\u00e9veille apr\u00e8s une soir\u00e9e arros\u00e9e avec la certitude d&rsquo;avoir couch\u00e9 avec l&rsquo;un des deux hommes qu&rsquo;elle d\u00e9teste le plus : Ma\u00ebl, le fr\u00e8re de sa colocataire, ou Dorian, leur myst\u00e9rieux voisin. Entre quiproquos, attirance explosive, secrets toxiques et vie universitaire chaotique, elle tente de d\u00e9m\u00ealer ses \u00e9motions tout en affrontant les fant\u00f4mes qui menacent encore son pr\u00e9sent. Ce qui n&rsquo;\u00e9tait qu&rsquo;une erreur d&rsquo;un soir devient une histoire trouble, intense et dangereusement addictive &#8211; o\u00f9 d\u00e9sir, honte, loyaut\u00e9 et reconstruction s&rsquo;entrem\u00ealent. Quand les traumatismes ressurgissent et que le d\u00e9sir se m\u00eale \u00e0 la honte, Louise peut-elle encore choisir la personne qui la fera avancer&#8230; ou court-elle droit vers une nouvelle chute ?<\/p>\n","protected":false},"excerpt":{"rendered":"<p>Elle pensait avoir laiss\u00e9 son pass\u00e9 derri\u00e8re elle&#8230; jusqu&rsquo;\u00e0 ce qu&rsquo;un seul soir fasse tout exploser. Louise, \u00e9tudiante r\u00e9serv\u00e9e et hant\u00e9e par un pass\u00e9 humiliant, se r\u00e9veille apr\u00e8s une soir\u00e9e arros\u00e9e avec la certitude d&rsquo;avoir couch\u00e9 avec l&rsquo;un des deux hommes qu&rsquo;elle d\u00e9teste le plus : Ma\u00ebl, le fr\u00e8re de sa colocataire, ou Dorian, leur [&hellip;]<\/p>\n","protected":false},"featured_media":10976,"comment_status":"open","ping_status":"closed","template":"","meta":{"_acf_changed":false,"content-type":""},"product_brand":[],"product_cat":[461],"product_tag":[570,569,540],"class_list":{"0":"post-10974","1":"product","2":"type-product","3":"status-publish","4":"has-post-thumbnail","6":"product_cat-romance-contemporaine","7":"product_tag-bestfriends-brother","8":"product_tag-brothers-bestfriend","9":"product_tag-campus","11":"first","12":"instock","13":"taxable","14":"shipping-taxable","15":"purchasable","16":"product-type-variable"},"acf":{"auteur":"Dana Roccia","date_parution":"20260507","bestseller":false,"librairie":false},"aioseo_notices":[],"_links":{"self":[{"href":"https:\/\/butterfly-editions.com\/index.php\/wp-json\/wp\/v2\/product\/10974","targetHints":{"allow":["GET"]}}],"collection":[{"href":"https:\/\/butterfly-editions.com\/index.php\/wp-json\/wp\/v2\/product"}],"about":[{"href":"https:\/\/butterfly-editions.com\/index.php\/wp-json\/wp\/v2\/types\/product"}],"replies":[{"embeddable":true,"href":"https:\/\/butterfly-editions.com\/index.php\/wp-json\/wp\/v2\/comments?post=10974"}],"wp:featuredmedia":[{"embeddable":true,"href":"https:\/\/butterfly-editions.com\/index.php\/wp-json\/wp\/v2\/media\/10976"}],"wp:attachment":[{"href":"https:\/\/butterfly-editions.com\/index.php\/wp-json\/wp\/v2\/media?parent=10974"}],"wp:term":[{"taxonomy":"product_brand","embeddable":true,"href":"https:\/\/butterfly-editions.com\/index.php\/wp-json\/wp\/v2\/product_brand?post=10974"},{"taxonomy":"product_cat","embeddable":true,"href":"https:\/\/butterfly-editions.com\/index.php\/wp-json\/wp\/v2\/product_cat?post=10974"},{"taxonomy":"product_tag","embeddable":true,"href":"https:\/\/butterfly-editions.com\/index.php\/wp-json\/wp\/v2\/product_tag?post=10974"}],"curies":[{"name":"wp","href":"https:\/\/api.w.org\/{rel}","templated":true}]}}