{"id":10969,"date":"2026-04-20T14:06:21","date_gmt":"2026-04-20T13:06:21","guid":{"rendered":"https:\/\/butterfly-editions.com\/?post_type=product&#038;p=10969"},"modified":"2026-04-20T14:11:55","modified_gmt":"2026-04-20T13:11:55","slug":"wedding-tales","status":"publish","type":"product","link":"https:\/\/butterfly-editions.com\/index.php\/produit\/wedding-tales\/","title":{"rendered":"Wedding Tales"},"content":{"rendered":"<p><span class=\"a-text-bold\">Le d\u00e9sir est plus fort que la haine&#8230;<\/span><\/p>\n<p>&nbsp;<\/p>\n<p>Apr\u00e8s avoir pris la fuite pour refaire sa vie \u00e0 La Nouvelle-Orl\u00e9ans, Merlya Lawrence, une jeune femme fran\u00e7aise, a retrouv\u00e9 go\u00fbt \u00e0 la vie et s&rsquo;\u00e9panouit aupr\u00e8s de ses amis et dans son travail.<\/p>\n<p>\u00c0 la t\u00eate d&rsquo;une des plus grandes distilleries de La Nouvelle-Orl\u00e9ans, Spencer Lockwood, aussi beau que riche, est un jeune homme \u00e0 qui tout r\u00e9ussit.<\/p>\n<p>Merlya et Spencer partagent le m\u00eame cercle d&rsquo;amis et une passion commune : se d\u00e9tester. Chaque minute pass\u00e9e ensemble leur donne des envies de meurtre. Ils n&rsquo;imaginaient pas pire affront que de devoir se voir r\u00e9guli\u00e8rement. Quelle n&rsquo;est pas leur (mauvaise) surprise quand ils apprennent que tous leurs couples de copains ont d\u00e9cid\u00e9 de se marier la m\u00eame ann\u00e9e.<\/p>\n<p><span class=\"a-text-italic\">Les hostilit\u00e9s commencent, la guerre est d\u00e9clar\u00e9e et tous les coups sont permis.<\/span><\/p>\n","protected":false},"excerpt":{"rendered":"<p>Le d\u00e9sir est plus fort que la haine&#8230; &nbsp; Apr\u00e8s avoir pris la fuite pour refaire sa vie \u00e0 La Nouvelle-Orl\u00e9ans, Merlya Lawrence, une jeune femme fran\u00e7aise, a retrouv\u00e9 go\u00fbt \u00e0 la vie et s&rsquo;\u00e9panouit aupr\u00e8s de ses amis et dans son travail. \u00c0 la t\u00eate d&rsquo;une des plus grandes distilleries de La Nouvelle-Orl\u00e9ans, Spencer [&hellip;]<\/p>\n","protected":false},"featured_media":10973,"comment_status":"open","ping_status":"closed","template":"","meta":{"_acf_changed":false,"content-type":""},"product_brand":[],"product_cat":[460],"product_tag":[525],"class_list":{"0":"post-10969","1":"product","2":"type-product","3":"status-publish","4":"has-post-thumbnail","6":"product_cat-rom-com","7":"product_tag-enemies-to-lovers","9":"first","10":"instock","11":"taxable","12":"shipping-taxable","13":"purchasable","14":"product-type-variable"},"acf":{"auteur":"Mathilde Herv\u00e9","date_parution":"20260226","bestseller":false,"librairie":true},"aioseo_notices":[],"_links":{"self":[{"href":"https:\/\/butterfly-editions.com\/index.php\/wp-json\/wp\/v2\/product\/10969","targetHints":{"allow":["GET"]}}],"collection":[{"href":"https:\/\/butterfly-editions.com\/index.php\/wp-json\/wp\/v2\/product"}],"about":[{"href":"https:\/\/butterfly-editions.com\/index.php\/wp-json\/wp\/v2\/types\/product"}],"replies":[{"embeddable":true,"href":"https:\/\/butterfly-editions.com\/index.php\/wp-json\/wp\/v2\/comments?post=10969"}],"wp:featuredmedia":[{"embeddable":true,"href":"https:\/\/butterfly-editions.com\/index.php\/wp-json\/wp\/v2\/media\/10973"}],"wp:attachment":[{"href":"https:\/\/butterfly-editions.com\/index.php\/wp-json\/wp\/v2\/media?parent=10969"}],"wp:term":[{"taxonomy":"product_brand","embeddable":true,"href":"https:\/\/butterfly-editions.com\/index.php\/wp-json\/wp\/v2\/product_brand?post=10969"},{"taxonomy":"product_cat","embeddable":true,"href":"https:\/\/butterfly-editions.com\/index.php\/wp-json\/wp\/v2\/product_cat?post=10969"},{"taxonomy":"product_tag","embeddable":true,"href":"https:\/\/butterfly-editions.com\/index.php\/wp-json\/wp\/v2\/product_tag?post=10969"}],"curies":[{"name":"wp","href":"https:\/\/api.w.org\/{rel}","templated":true}]}}