{"id":10936,"date":"2026-04-14T09:24:37","date_gmt":"2026-04-14T08:24:37","guid":{"rendered":"https:\/\/butterfly-editions.com\/?post_type=product&#038;p=10936"},"modified":"2026-04-14T09:28:34","modified_gmt":"2026-04-14T08:28:34","slug":"oak-lake-ranch-resort-t1-lheritage","status":"publish","type":"product","link":"https:\/\/butterfly-editions.com\/index.php\/produit\/oak-lake-ranch-resort-t1-lheritage\/","title":{"rendered":"Oak Lake Ranch Resort &#8211; T1 &#8211; L&rsquo;H\u00e9ritage"},"content":{"rendered":"<p><span class=\"a-text-bold\">Un h\u00e9ritage inattendu. Un ranch en difficult\u00e9. Et un cowboy grognon qu\u2019elle ne parvient pas \u00e0 ignorer.<\/span><\/p>\n<p>De retour dans le Michigan apr\u00e8s le d\u00e9c\u00e8s de sa grand-m\u00e8re, Tessa h\u00e9rite de la maison de son enfance et accepte un poste saisonnier au ranch voisin, aujourd\u2019hui en difficult\u00e9.<\/p>\n<p>L\u00e0, elle retrouve les trois fr\u00e8res Kennedy \u2013 dont Waylon, le plus secret et le plus sauvage. Entre r\u00e9novation du ranch, balades \u00e0 cheval et \u00e9motions enfouies, Tessa d\u00e9couvre que travailler au Oak Lake Ranch Resort pourrait aussi bien la faire aller de l\u2019avant que la bouleverser.<\/p>\n<p><span class=\"a-text-italic\">Et au c\u0153ur de ce lieu charg\u00e9 de souvenirs, un amour inattendu pourrait bien na\u00eetre.<\/span><\/p>\n","protected":false},"excerpt":{"rendered":"<p>Un h\u00e9ritage inattendu. Un ranch en difficult\u00e9. Et un cowboy grognon qu\u2019elle ne parvient pas \u00e0 ignorer. De retour dans le Michigan apr\u00e8s le d\u00e9c\u00e8s de sa grand-m\u00e8re, Tessa h\u00e9rite de la maison de son enfance et accepte un poste saisonnier au ranch voisin, aujourd\u2019hui en difficult\u00e9. L\u00e0, elle retrouve les trois fr\u00e8res Kennedy \u2013 [&hellip;]<\/p>\n","protected":false},"featured_media":10938,"comment_status":"open","ping_status":"closed","template":"","meta":{"_acf_changed":false,"content-type":""},"product_brand":[],"product_cat":[460],"product_tag":[568,475,471],"class_list":{"0":"post-10936","1":"product","2":"type-product","3":"status-publish","4":"has-post-thumbnail","6":"product_cat-rom-com","7":"product_tag-cowboy","8":"product_tag-reconstruction","9":"product_tag-small-town","11":"first","12":"outofstock","13":"taxable","14":"shipping-taxable","15":"purchasable","16":"product-type-variable"},"acf":{"auteur":"Magali Santos","date_parution":"20260422","bestseller":false,"librairie":false},"aioseo_notices":[],"_links":{"self":[{"href":"https:\/\/butterfly-editions.com\/index.php\/wp-json\/wp\/v2\/product\/10936","targetHints":{"allow":["GET"]}}],"collection":[{"href":"https:\/\/butterfly-editions.com\/index.php\/wp-json\/wp\/v2\/product"}],"about":[{"href":"https:\/\/butterfly-editions.com\/index.php\/wp-json\/wp\/v2\/types\/product"}],"replies":[{"embeddable":true,"href":"https:\/\/butterfly-editions.com\/index.php\/wp-json\/wp\/v2\/comments?post=10936"}],"wp:featuredmedia":[{"embeddable":true,"href":"https:\/\/butterfly-editions.com\/index.php\/wp-json\/wp\/v2\/media\/10938"}],"wp:attachment":[{"href":"https:\/\/butterfly-editions.com\/index.php\/wp-json\/wp\/v2\/media?parent=10936"}],"wp:term":[{"taxonomy":"product_brand","embeddable":true,"href":"https:\/\/butterfly-editions.com\/index.php\/wp-json\/wp\/v2\/product_brand?post=10936"},{"taxonomy":"product_cat","embeddable":true,"href":"https:\/\/butterfly-editions.com\/index.php\/wp-json\/wp\/v2\/product_cat?post=10936"},{"taxonomy":"product_tag","embeddable":true,"href":"https:\/\/butterfly-editions.com\/index.php\/wp-json\/wp\/v2\/product_tag?post=10936"}],"curies":[{"name":"wp","href":"https:\/\/api.w.org\/{rel}","templated":true}]}}