{"id":10933,"date":"2026-04-14T09:21:58","date_gmt":"2026-04-14T08:21:58","guid":{"rendered":"https:\/\/butterfly-editions.com\/?post_type=product&#038;p=10933"},"modified":"2026-04-14T09:24:32","modified_gmt":"2026-04-14T08:24:32","slug":"trappers-love","status":"publish","type":"product","link":"https:\/\/butterfly-editions.com\/index.php\/produit\/trappers-love\/","title":{"rendered":"Trapper&rsquo;s Love"},"content":{"rendered":"<p><span class=\"a-text-bold\">Elle voulait fuir l\u2019amour. Il avait jur\u00e9 de ne plus jamais y croire.<\/span><\/p>\n<p>&nbsp;<\/p>\n<p>Quand Agate surprend son compagnon dans les bras d\u2019une autre, tout s\u2019effondre. Bris\u00e9e, elle accepte \u00e0 contrec\u0153ur un reportage en Alaska, loin de tout. Elle y rencontre Flynn, trappeur I\u00f1upiat au charisme indomptable&#8230; Un homme capable de bouleverser tous ses rep\u00e8res.<\/p>\n<p>&nbsp;<\/p>\n<p>Forc\u00e9s de cohabiter dans une cabane isol\u00e9e, ils se d\u00e9fient, se repoussent&#8230; avant de se d\u00e9couvrir.<\/p>\n<p>&nbsp;<\/p>\n<p><span class=\"a-text-italic\">Entre col\u00e8re, attirance et renaissance, ils devront apprendre qu\u2019en Alaska, le feu le plus dangereux n\u2019est pas celui qu\u2019on allume pour se r\u00e9chauffer&#8230;<\/span><\/p>\n","protected":false},"excerpt":{"rendered":"<p>Elle voulait fuir l\u2019amour. Il avait jur\u00e9 de ne plus jamais y croire. &nbsp; Quand Agate surprend son compagnon dans les bras d\u2019une autre, tout s\u2019effondre. Bris\u00e9e, elle accepte \u00e0 contrec\u0153ur un reportage en Alaska, loin de tout. Elle y rencontre Flynn, trappeur I\u00f1upiat au charisme indomptable&#8230; Un homme capable de bouleverser tous ses rep\u00e8res. [&hellip;]<\/p>\n","protected":false},"featured_media":10935,"comment_status":"open","ping_status":"closed","template":"","meta":{"_acf_changed":false,"content-type":""},"product_brand":[],"product_cat":[460],"product_tag":[567,480,475],"class_list":{"0":"post-10933","1":"product","2":"type-product","3":"status-publish","4":"has-post-thumbnail","6":"product_cat-rom-com","7":"product_tag-alaska","8":"product_tag-forced-proximity","9":"product_tag-reconstruction","11":"first","12":"outofstock","13":"taxable","14":"shipping-taxable","15":"purchasable","16":"product-type-variable"},"acf":{"auteur":"Azalyne Margot","date_parution":"20260416","bestseller":false,"librairie":false},"aioseo_notices":[],"_links":{"self":[{"href":"https:\/\/butterfly-editions.com\/index.php\/wp-json\/wp\/v2\/product\/10933","targetHints":{"allow":["GET"]}}],"collection":[{"href":"https:\/\/butterfly-editions.com\/index.php\/wp-json\/wp\/v2\/product"}],"about":[{"href":"https:\/\/butterfly-editions.com\/index.php\/wp-json\/wp\/v2\/types\/product"}],"replies":[{"embeddable":true,"href":"https:\/\/butterfly-editions.com\/index.php\/wp-json\/wp\/v2\/comments?post=10933"}],"wp:featuredmedia":[{"embeddable":true,"href":"https:\/\/butterfly-editions.com\/index.php\/wp-json\/wp\/v2\/media\/10935"}],"wp:attachment":[{"href":"https:\/\/butterfly-editions.com\/index.php\/wp-json\/wp\/v2\/media?parent=10933"}],"wp:term":[{"taxonomy":"product_brand","embeddable":true,"href":"https:\/\/butterfly-editions.com\/index.php\/wp-json\/wp\/v2\/product_brand?post=10933"},{"taxonomy":"product_cat","embeddable":true,"href":"https:\/\/butterfly-editions.com\/index.php\/wp-json\/wp\/v2\/product_cat?post=10933"},{"taxonomy":"product_tag","embeddable":true,"href":"https:\/\/butterfly-editions.com\/index.php\/wp-json\/wp\/v2\/product_tag?post=10933"}],"curies":[{"name":"wp","href":"https:\/\/api.w.org\/{rel}","templated":true}]}}