{"id":10685,"date":"2026-03-09T11:13:14","date_gmt":"2026-03-09T10:13:14","guid":{"rendered":"https:\/\/butterfly-editions.com\/?post_type=product&#038;p=10685"},"modified":"2026-03-22T12:42:09","modified_gmt":"2026-03-22T11:42:09","slug":"the-equation-of-us","status":"publish","type":"product","link":"https:\/\/butterfly-editions.com\/index.php\/produit\/the-equation-of-us\/","title":{"rendered":"The Equation Of Us"},"content":{"rendered":"<p><strong>Deux esprits scientifiques.<\/strong><\/p>\n<p><strong>Deux pass\u00e9s irr\u00e9solus.<\/strong><\/p>\n<p><strong>Une \u00e9quation que ni le temps ni la raison ne peuvent r\u00e9soudre.<\/strong><\/p>\n<p><strong>\u00a0<\/strong><\/p>\n<p>Il y a dix ans, Ana et Henri \u00e9taient les meilleurs \u00e9l\u00e8ves de leur promotion : deux prodiges fascin\u00e9s par la chimie\u2026 et l&rsquo;un par l\u2019autre.<\/p>\n<p>Entre exp\u00e9riences, rivalit\u00e9s et confidences vol\u00e9es, ils partageaient tout \u2014 jusqu\u2019au jour o\u00f9 Henri a tout fait exploser.<\/p>\n<p>Sans explication, il a disparu, brisant plus qu\u2019une amiti\u00e9.<\/p>\n<p>&nbsp;<\/p>\n<p>Aujourd\u2019hui, Ana est doctorante \u00e0 Oxford. La science guide sa vie, mais rien ne peut l\u2019aider \u00e0 combler le vide qui l&rsquo;habite.<\/p>\n<p>Jusqu\u2019\u00e0 ce qu\u2019elle tombe, par hasard, sur un portefeuille. Dedans, une photo d\u2019Henri. Mais un faux nom. Une fausse vie.<\/p>\n<p>Et un secret qui menace tout ce qu\u2019elle croyait savoir de lui.<\/p>\n<p>&nbsp;<\/p>\n<p>Quand Ana et Henri se recroisent, les lois de la logique vacillent.<\/p>\n<p>Les mensonges d\u2019hier se heurtent \u00e0 la v\u00e9rit\u00e9 d\u2019aujourd\u2019hui.<\/p>\n<p>Et l\u2019amour devient une r\u00e9action incontr\u00f4lable.<\/p>\n<p>&nbsp;<\/p>\n<p><em>Rendez-vous \u00e0 Oxford, le th\u00e9\u00e2tre d\u2019une romance intense, o\u00f9 la raison scientifique se confronte aux pulsions du c\u0153ur. O\u00f9 certaines \u00e9quations ne trouvent leur solution que dans le chaos.<\/em><\/p>\n","protected":false},"excerpt":{"rendered":"<p>Deux esprits scientifiques. Deux pass\u00e9s irr\u00e9solus. Une \u00e9quation que ni le temps ni la raison ne peuvent r\u00e9soudre. \u00a0 Il y a dix ans, Ana et Henri \u00e9taient les meilleurs \u00e9l\u00e8ves de leur promotion : deux prodiges fascin\u00e9s par la chimie\u2026 et l&rsquo;un par l\u2019autre. Entre exp\u00e9riences, rivalit\u00e9s et confidences vol\u00e9es, ils partageaient tout \u2014 [&hellip;]<\/p>\n","protected":false},"featured_media":10462,"comment_status":"open","ping_status":"closed","template":"","meta":{"_acf_changed":false,"content-type":""},"product_brand":[],"product_cat":[461],"product_tag":[562,561,563],"class_list":{"0":"post-10685","1":"product","2":"type-product","3":"status-publish","4":"has-post-thumbnail","6":"product_cat-romance-contemporaine","7":"product_tag-dark-academia","8":"product_tag-friends-to-enemies-to-lovers","9":"product_tag-stem","11":"first","12":"instock","13":"taxable","14":"shipping-taxable","15":"purchasable","16":"product-type-variable"},"acf":{"auteur":"Maya Brent","date_parution":"20260326","bestseller":false,"librairie":true},"aioseo_notices":[],"_links":{"self":[{"href":"https:\/\/butterfly-editions.com\/index.php\/wp-json\/wp\/v2\/product\/10685","targetHints":{"allow":["GET"]}}],"collection":[{"href":"https:\/\/butterfly-editions.com\/index.php\/wp-json\/wp\/v2\/product"}],"about":[{"href":"https:\/\/butterfly-editions.com\/index.php\/wp-json\/wp\/v2\/types\/product"}],"replies":[{"embeddable":true,"href":"https:\/\/butterfly-editions.com\/index.php\/wp-json\/wp\/v2\/comments?post=10685"}],"wp:featuredmedia":[{"embeddable":true,"href":"https:\/\/butterfly-editions.com\/index.php\/wp-json\/wp\/v2\/media\/10462"}],"wp:attachment":[{"href":"https:\/\/butterfly-editions.com\/index.php\/wp-json\/wp\/v2\/media?parent=10685"}],"wp:term":[{"taxonomy":"product_brand","embeddable":true,"href":"https:\/\/butterfly-editions.com\/index.php\/wp-json\/wp\/v2\/product_brand?post=10685"},{"taxonomy":"product_cat","embeddable":true,"href":"https:\/\/butterfly-editions.com\/index.php\/wp-json\/wp\/v2\/product_cat?post=10685"},{"taxonomy":"product_tag","embeddable":true,"href":"https:\/\/butterfly-editions.com\/index.php\/wp-json\/wp\/v2\/product_tag?post=10685"}],"curies":[{"name":"wp","href":"https:\/\/api.w.org\/{rel}","templated":true}]}}