{"id":10584,"date":"2026-03-06T16:52:38","date_gmt":"2026-03-06T15:52:38","guid":{"rendered":"https:\/\/butterfly-editions.com\/?post_type=product&#038;p=10584"},"modified":"2026-03-25T10:03:10","modified_gmt":"2026-03-25T09:03:10","slug":"cleaning-love","status":"publish","type":"product","link":"https:\/\/butterfly-editions.com\/index.php\/produit\/cleaning-love\/","title":{"rendered":"Cleaning Love"},"content":{"rendered":"<p><strong>Elle efface les traces des autres. Il vit sous les projecteurs. Rien ne les pr\u00e9parait \u00e0 l\u2019\u00e9tincelle. <\/strong><\/p>\n<p>Sultana \u00ab Sul \u00bb Ramos accepte un job de femme de chambre pour sauver sa famille. Sa premi\u00e8re mission : la suite de Jessie James, superstar coinc\u00e9e dans une romance de fa\u00e7ade. Entre piques et confidences, l\u2019attirance devient impossible \u00e0 ignorer. Mais quand secrets et tablo\u00efds s\u2019en m\u00ealent, ils devront choisir : se prot\u00e9ger\u2026 ou se br\u00fbler.<\/p>\n<p><em>Quand la c\u00e9l\u00e9brit\u00e9 se frotte au r\u00e9el, le c\u0153ur n\u2019ob\u00e9it plus \u00e0 aucune r\u00e8gle.<\/em><\/p>\n<p>&nbsp;<\/p>\n<p>&nbsp;<\/p>\n<p><strong>Les 20 premi\u00e8res commandes recevront, en m\u00eame temps que le roman, des goodies offerts par l&rsquo;auteure. Si vous faites parties des heureux chanceux, un mail vous sera envoy\u00e9 !\u00a0<\/strong><\/p>\n","protected":false},"excerpt":{"rendered":"<p>Elle efface les traces des autres. Il vit sous les projecteurs. Rien ne les pr\u00e9parait \u00e0 l\u2019\u00e9tincelle. Sultana \u00ab Sul \u00bb Ramos accepte un job de femme de chambre pour sauver sa famille. Sa premi\u00e8re mission : la suite de Jessie James, superstar coinc\u00e9e dans une romance de fa\u00e7ade. Entre piques et confidences, l\u2019attirance devient [&hellip;]<\/p>\n","protected":false},"featured_media":10586,"comment_status":"open","ping_status":"closed","template":"","meta":{"_acf_changed":false,"content-type":""},"product_brand":[],"product_cat":[461],"product_tag":[505,560,489,524],"class_list":{"0":"post-10584","1":"product","2":"type-product","3":"status-publish","4":"has-post-thumbnail","6":"product_cat-romance-contemporaine","7":"product_tag-acteur","8":"product_tag-green-flag","9":"product_tag-new-york","10":"product_tag-opposites-attract","12":"first","13":"instock","14":"taxable","15":"shipping-taxable","16":"purchasable","17":"product-type-variable"},"acf":{"auteur":"Fay M","date_parution":"20260318","bestseller":false,"librairie":false},"aioseo_notices":[],"_links":{"self":[{"href":"https:\/\/butterfly-editions.com\/index.php\/wp-json\/wp\/v2\/product\/10584","targetHints":{"allow":["GET"]}}],"collection":[{"href":"https:\/\/butterfly-editions.com\/index.php\/wp-json\/wp\/v2\/product"}],"about":[{"href":"https:\/\/butterfly-editions.com\/index.php\/wp-json\/wp\/v2\/types\/product"}],"replies":[{"embeddable":true,"href":"https:\/\/butterfly-editions.com\/index.php\/wp-json\/wp\/v2\/comments?post=10584"}],"wp:featuredmedia":[{"embeddable":true,"href":"https:\/\/butterfly-editions.com\/index.php\/wp-json\/wp\/v2\/media\/10586"}],"wp:attachment":[{"href":"https:\/\/butterfly-editions.com\/index.php\/wp-json\/wp\/v2\/media?parent=10584"}],"wp:term":[{"taxonomy":"product_brand","embeddable":true,"href":"https:\/\/butterfly-editions.com\/index.php\/wp-json\/wp\/v2\/product_brand?post=10584"},{"taxonomy":"product_cat","embeddable":true,"href":"https:\/\/butterfly-editions.com\/index.php\/wp-json\/wp\/v2\/product_cat?post=10584"},{"taxonomy":"product_tag","embeddable":true,"href":"https:\/\/butterfly-editions.com\/index.php\/wp-json\/wp\/v2\/product_tag?post=10584"}],"curies":[{"name":"wp","href":"https:\/\/api.w.org\/{rel}","templated":true}]}}