{"id":10545,"date":"2026-03-02T10:37:00","date_gmt":"2026-03-02T09:37:00","guid":{"rendered":"https:\/\/butterfly-editions.com\/?post_type=product&#038;p=10545"},"modified":"2026-03-09T17:00:43","modified_gmt":"2026-03-09T16:00:43","slug":"hate-to-love-you","status":"publish","type":"product","link":"https:\/\/butterfly-editions.com\/index.php\/produit\/hate-to-love-you\/","title":{"rendered":"Hate To Love You"},"content":{"rendered":"<p><span class=\"a-text-bold\">Elle est glaciale, inatteignable.<\/span><\/p>\n<p><span class=\"a-text-bold\">Il est lumineux, sociable et insupportablement charmant.<\/span><\/p>\n<p><span class=\"a-text-bold\">Et leur duo promet d\u2019exploser.<\/span><\/p>\n<p>&nbsp;<\/p>\n<p>S\u00e9l\u00e8ne a tout pour r\u00e9ussir : un job de r\u00eave, une r\u00e9putation de chroniqueuse brillante et une carapace \u00e0 toute \u00e9preuve. Froide, distante, elle n\u2019a besoin de personne, surtout pas d\u2019un homme.<\/p>\n<p>Aaron, star du sport reconvertie en journaliste, d\u00e9barque avec un sourire trop s\u00fbr de lui et un contrat qui l\u2019impose dans sa rubrique. Entre eux, le courant ne passe pas : \u00e9tincelles, piques assassines et tension permanente.<\/p>\n<p>Pourtant, \u00e0 chaque voyage, leurs fronti\u00e8res s\u2019effritent. Sous les clashs se cache une attirance br\u00fblante. Et si derri\u00e8re l\u2019ind\u00e9sirable se cachait celui capable de fissurer ses murs ?<\/p>\n<p>&nbsp;<\/p>\n<p><span class=\"a-text-italic\">Une romance piquante, \u00e9lectrique et passionn\u00e9e, o\u00f9 l\u2019amour frappe toujours l\u00e0 o\u00f9 on ne l\u2019attend pas.<\/span><\/p>\n","protected":false},"excerpt":{"rendered":"<p>Elle est glaciale, inatteignable. Il est lumineux, sociable et insupportablement charmant. Et leur duo promet d\u2019exploser. &nbsp; S\u00e9l\u00e8ne a tout pour r\u00e9ussir : un job de r\u00eave, une r\u00e9putation de chroniqueuse brillante et une carapace \u00e0 toute \u00e9preuve. Froide, distante, elle n\u2019a besoin de personne, surtout pas d\u2019un homme. Aaron, star du sport reconvertie en [&hellip;]<\/p>\n","protected":false},"featured_media":10547,"comment_status":"open","ping_status":"closed","template":"","meta":{"_acf_changed":false,"content-type":""},"product_brand":[],"product_cat":[461],"product_tag":[532,559,558],"class_list":{"0":"post-10545","1":"product","2":"type-product","3":"status-publish","4":"has-post-thumbnail","6":"product_cat-romance-contemporaine","7":"product_tag-ecosse","8":"product_tag-soulmates","9":"product_tag-wedding","11":"first","12":"instock","13":"taxable","14":"shipping-taxable","15":"purchasable","16":"product-type-variable"},"acf":{"auteur":"Audrey Carliz","date_parution":"20260311","bestseller":false,"librairie":false},"aioseo_notices":[],"_links":{"self":[{"href":"https:\/\/butterfly-editions.com\/index.php\/wp-json\/wp\/v2\/product\/10545","targetHints":{"allow":["GET"]}}],"collection":[{"href":"https:\/\/butterfly-editions.com\/index.php\/wp-json\/wp\/v2\/product"}],"about":[{"href":"https:\/\/butterfly-editions.com\/index.php\/wp-json\/wp\/v2\/types\/product"}],"replies":[{"embeddable":true,"href":"https:\/\/butterfly-editions.com\/index.php\/wp-json\/wp\/v2\/comments?post=10545"}],"wp:featuredmedia":[{"embeddable":true,"href":"https:\/\/butterfly-editions.com\/index.php\/wp-json\/wp\/v2\/media\/10547"}],"wp:attachment":[{"href":"https:\/\/butterfly-editions.com\/index.php\/wp-json\/wp\/v2\/media?parent=10545"}],"wp:term":[{"taxonomy":"product_brand","embeddable":true,"href":"https:\/\/butterfly-editions.com\/index.php\/wp-json\/wp\/v2\/product_brand?post=10545"},{"taxonomy":"product_cat","embeddable":true,"href":"https:\/\/butterfly-editions.com\/index.php\/wp-json\/wp\/v2\/product_cat?post=10545"},{"taxonomy":"product_tag","embeddable":true,"href":"https:\/\/butterfly-editions.com\/index.php\/wp-json\/wp\/v2\/product_tag?post=10545"}],"curies":[{"name":"wp","href":"https:\/\/api.w.org\/{rel}","templated":true}]}}