{"id":10542,"date":"2026-03-02T10:33:52","date_gmt":"2026-03-02T09:33:52","guid":{"rendered":"https:\/\/butterfly-editions.com\/?post_type=product&#038;p=10542"},"modified":"2026-03-04T14:25:09","modified_gmt":"2026-03-04T13:25:09","slug":"eternal-dance","status":"publish","type":"product","link":"https:\/\/butterfly-editions.com\/index.php\/produit\/eternal-dance\/","title":{"rendered":"Eternal Dance"},"content":{"rendered":"<p><span class=\"a-text-bold\">Elle danse pour exister. Il chante pour rena\u00eetre. Ensemble, ils doivent r\u00e9apprendre \u00e0 vivre.<\/span><\/p>\n<p>&nbsp;<\/p>\n<p>Delinda Lockwood, jeune danseuse marqu\u00e9e par une trag\u00e9die, a tout quitt\u00e9 pour recommencer \u00e0 z\u00e9ro \u00e0 Los Angeles. D\u00e9termin\u00e9e, passionn\u00e9e, elle d\u00e9croche une chance inesp\u00e9r\u00e9e : int\u00e9grer la troupe\u00a0<span class=\"a-text-italic\">Danse avec les \u00c9toiles<\/span>.<\/p>\n<p>Son partenaire ? Archer Douglas, star plan\u00e9taire en chute libre, dont la carri\u00e8re vacille sous le poids des scandales.<\/p>\n<p>Pour lui, l\u2019\u00e9mission ne repr\u00e9sente qu\u2019une strat\u00e9gie de sauvetage. Pour elle, c\u2019est l\u2019opportunit\u00e9 de sa vie.<\/p>\n<p>D\u00e8s leurs premiers pas sur le parquet, les \u00e9tincelles volent. Entre affrontements, attirance et confidences vol\u00e9es, leur duo devient aussi br\u00fblant sous les projecteurs qu\u2019en dehors. Mais quand les fant\u00f4mes du pass\u00e9 reviennent hanter leurs vies, la danse pourrait bien les rapprocher&#8230; ou les briser \u00e0 jamais.<\/p>\n<p>&nbsp;<\/p>\n<p><span class=\"a-text-italic\">Sous les projecteurs, une seule chose est certaine : une danse peut changer leur destin.<\/span><\/p>\n","protected":false},"excerpt":{"rendered":"<p>Elle danse pour exister. Il chante pour rena\u00eetre. Ensemble, ils doivent r\u00e9apprendre \u00e0 vivre. &nbsp; Delinda Lockwood, jeune danseuse marqu\u00e9e par une trag\u00e9die, a tout quitt\u00e9 pour recommencer \u00e0 z\u00e9ro \u00e0 Los Angeles. D\u00e9termin\u00e9e, passionn\u00e9e, elle d\u00e9croche une chance inesp\u00e9r\u00e9e : int\u00e9grer la troupe\u00a0Danse avec les \u00c9toiles. Son partenaire ? Archer Douglas, star plan\u00e9taire en [&hellip;]<\/p>\n","protected":false},"featured_media":10544,"comment_status":"open","ping_status":"closed","template":"","meta":{"_acf_changed":false,"content-type":""},"product_brand":[],"product_cat":[460],"product_tag":[532,559,558],"class_list":{"0":"post-10542","1":"product","2":"type-product","3":"status-publish","4":"has-post-thumbnail","6":"product_cat-rom-com","7":"product_tag-ecosse","8":"product_tag-soulmates","9":"product_tag-wedding","11":"first","12":"instock","13":"taxable","14":"shipping-taxable","15":"purchasable","16":"product-type-variable"},"acf":{"auteur":"Mathilde Herv\u00e9","date_parution":"20260304","bestseller":false,"librairie":false},"aioseo_notices":[],"_links":{"self":[{"href":"https:\/\/butterfly-editions.com\/index.php\/wp-json\/wp\/v2\/product\/10542","targetHints":{"allow":["GET"]}}],"collection":[{"href":"https:\/\/butterfly-editions.com\/index.php\/wp-json\/wp\/v2\/product"}],"about":[{"href":"https:\/\/butterfly-editions.com\/index.php\/wp-json\/wp\/v2\/types\/product"}],"replies":[{"embeddable":true,"href":"https:\/\/butterfly-editions.com\/index.php\/wp-json\/wp\/v2\/comments?post=10542"}],"wp:featuredmedia":[{"embeddable":true,"href":"https:\/\/butterfly-editions.com\/index.php\/wp-json\/wp\/v2\/media\/10544"}],"wp:attachment":[{"href":"https:\/\/butterfly-editions.com\/index.php\/wp-json\/wp\/v2\/media?parent=10542"}],"wp:term":[{"taxonomy":"product_brand","embeddable":true,"href":"https:\/\/butterfly-editions.com\/index.php\/wp-json\/wp\/v2\/product_brand?post=10542"},{"taxonomy":"product_cat","embeddable":true,"href":"https:\/\/butterfly-editions.com\/index.php\/wp-json\/wp\/v2\/product_cat?post=10542"},{"taxonomy":"product_tag","embeddable":true,"href":"https:\/\/butterfly-editions.com\/index.php\/wp-json\/wp\/v2\/product_tag?post=10542"}],"curies":[{"name":"wp","href":"https:\/\/api.w.org\/{rel}","templated":true}]}}