{"id":10539,"date":"2026-03-02T10:29:50","date_gmt":"2026-03-02T09:29:50","guid":{"rendered":"https:\/\/butterfly-editions.com\/?post_type=product&#038;p=10539"},"modified":"2026-03-02T10:33:29","modified_gmt":"2026-03-02T09:33:29","slug":"un-accord-completement-fou","status":"publish","type":"product","link":"https:\/\/butterfly-editions.com\/index.php\/produit\/un-accord-completement-fou\/","title":{"rendered":"Un Accord Compl\u00e8tement Fou"},"content":{"rendered":"<p><span class=\"a-text-bold\">Et si un mariage \u00e9tait le meilleur endroit pour rencontrer son \u00e2me s\u0153ur ?<\/span><\/p>\n<p>&nbsp;<\/p>\n<p>Ne souhaitant pas contrarier sa grand-m\u00e8re, Cornelia se retrouve demoiselle d&rsquo;honneur au mariage de sa cousine Rachel. La pire personne qu&rsquo;elle connaisse sur cette terre, ne volant pas sa r\u00e9putation.<\/p>\n<p>Alors qu&rsquo;elle l&rsquo;envoie jouer les videurs \u00e0 l&rsquo;entr\u00e9e de l&rsquo;abbaye, un homme cherche \u00e0 s&rsquo;incruster \u00e0 la c\u00e9r\u00e9monie.<\/p>\n<p>Qui peut bien vouloir s&rsquo;inviter \u00e0 un mariage ? Serait-il la solution pour supporter le reste de cette journ\u00e9e infernale ?<\/p>\n<p>Cornelia n&rsquo;en n&rsquo;est pas s\u00fbr, mais elle ne va pas avoir d&rsquo;autre choix que de s&rsquo;allier \u00e0 Jasper.<\/p>\n<p>&nbsp;<\/p>\n<p><span class=\"a-text-italic\">Est-ce qu&rsquo;ils vont sortir indemne de ce jour sans fin ?<\/span><\/p>\n","protected":false},"excerpt":{"rendered":"<p>Et si un mariage \u00e9tait le meilleur endroit pour rencontrer son \u00e2me s\u0153ur ? &nbsp; Ne souhaitant pas contrarier sa grand-m\u00e8re, Cornelia se retrouve demoiselle d&rsquo;honneur au mariage de sa cousine Rachel. La pire personne qu&rsquo;elle connaisse sur cette terre, ne volant pas sa r\u00e9putation. Alors qu&rsquo;elle l&rsquo;envoie jouer les videurs \u00e0 l&rsquo;entr\u00e9e de l&rsquo;abbaye, [&hellip;]<\/p>\n","protected":false},"featured_media":10541,"comment_status":"open","ping_status":"closed","template":"","meta":{"_acf_changed":false,"content-type":""},"product_brand":[],"product_cat":[460],"product_tag":[532,559,558],"class_list":{"0":"post-10539","1":"product","2":"type-product","3":"status-publish","4":"has-post-thumbnail","6":"product_cat-rom-com","7":"product_tag-ecosse","8":"product_tag-soulmates","9":"product_tag-wedding","11":"first","12":"instock","13":"taxable","14":"shipping-taxable","15":"purchasable","16":"product-type-variable"},"acf":{"auteur":"Julia Teis","date_parution":"20260227","bestseller":false,"librairie":false},"aioseo_notices":[],"_links":{"self":[{"href":"https:\/\/butterfly-editions.com\/index.php\/wp-json\/wp\/v2\/product\/10539","targetHints":{"allow":["GET"]}}],"collection":[{"href":"https:\/\/butterfly-editions.com\/index.php\/wp-json\/wp\/v2\/product"}],"about":[{"href":"https:\/\/butterfly-editions.com\/index.php\/wp-json\/wp\/v2\/types\/product"}],"replies":[{"embeddable":true,"href":"https:\/\/butterfly-editions.com\/index.php\/wp-json\/wp\/v2\/comments?post=10539"}],"wp:featuredmedia":[{"embeddable":true,"href":"https:\/\/butterfly-editions.com\/index.php\/wp-json\/wp\/v2\/media\/10541"}],"wp:attachment":[{"href":"https:\/\/butterfly-editions.com\/index.php\/wp-json\/wp\/v2\/media?parent=10539"}],"wp:term":[{"taxonomy":"product_brand","embeddable":true,"href":"https:\/\/butterfly-editions.com\/index.php\/wp-json\/wp\/v2\/product_brand?post=10539"},{"taxonomy":"product_cat","embeddable":true,"href":"https:\/\/butterfly-editions.com\/index.php\/wp-json\/wp\/v2\/product_cat?post=10539"},{"taxonomy":"product_tag","embeddable":true,"href":"https:\/\/butterfly-editions.com\/index.php\/wp-json\/wp\/v2\/product_tag?post=10539"}],"curies":[{"name":"wp","href":"https:\/\/api.w.org\/{rel}","templated":true}]}}