{"id":10201,"date":"2026-01-30T10:50:39","date_gmt":"2026-01-30T09:50:39","guid":{"rendered":"https:\/\/butterfly-editions.com\/?post_type=product&#038;p=10201"},"modified":"2026-03-04T14:25:09","modified_gmt":"2026-03-04T13:25:09","slug":"cosmic-girl","status":"publish","type":"product","link":"https:\/\/butterfly-editions.com\/index.php\/produit\/cosmic-girl\/","title":{"rendered":"Cosmic Girl"},"content":{"rendered":"<p><span class=\"a-text-bold\">Il ne jure que par le contr\u00f4le.<\/span><\/p>\n<p><span class=\"a-text-bold\">Elle m\u00e8ne sa vie selon les astres.<\/span><\/p>\n<p><span class=\"a-text-bold\">Et aucun des deux n\u2019\u00e9tait pr\u00eat \u00e0 ce que le destin s\u2019en m\u00eale.<\/span><\/p>\n<p>James Carter, r\u00e9dacteur en chef redout\u00e9, dirige son magazine avec une discipline de fer. Froideur, exigence, contr\u00f4le absolu : rien ne doit troubler son empire.<\/p>\n<p>Jusqu\u2019au jour o\u00f9 d\u00e9barque Tessa Jones, alias\u00a0<span class=\"a-text-italic\">Cosmic Girl<\/span>, astrologue rebelle et m\u00e8re c\u00e9libataire d\u00e9termin\u00e9e, bien d\u00e9cid\u00e9e \u00e0 imposer sa vision.<\/p>\n<p>Il veut l\u2019\u00e9carter. Elle refuse de plier.<\/p>\n<p>Entre affrontements et joutes verbales, l\u2019attirance devient explosive.<\/p>\n<p><span class=\"a-text-italic\">Quand la raison affronte les \u00e9toiles, le c\u0153ur n\u2019ob\u00e9it plus \u00e0 aucune r\u00e8gle.<\/span><\/p>\n","protected":false},"excerpt":{"rendered":"<p>Il ne jure que par le contr\u00f4le. Elle m\u00e8ne sa vie selon les astres. Et aucun des deux n\u2019\u00e9tait pr\u00eat \u00e0 ce que le destin s\u2019en m\u00eale. James Carter, r\u00e9dacteur en chef redout\u00e9, dirige son magazine avec une discipline de fer. Froideur, exigence, contr\u00f4le absolu : rien ne doit troubler son empire. Jusqu\u2019au jour o\u00f9 [&hellip;]<\/p>\n","protected":false},"featured_media":10205,"comment_status":"open","ping_status":"closed","template":"","meta":{"_acf_changed":false,"content-type":""},"product_brand":[],"product_cat":[461],"product_tag":[469,524,476,477],"class_list":{"0":"post-10201","1":"product","2":"type-product","3":"status-publish","4":"has-post-thumbnail","6":"product_cat-romance-contemporaine","7":"product_tag-boss","8":"product_tag-opposites-attract","9":"product_tag-single-mom","10":"product_tag-workplace-romance","12":"first","13":"instock","14":"taxable","15":"shipping-taxable","16":"purchasable","17":"product-type-variable"},"acf":{"auteur":"Myl\u00e8ne B. P.","date_parution":"20260204","bestseller":false,"librairie":false},"aioseo_notices":[],"_links":{"self":[{"href":"https:\/\/butterfly-editions.com\/index.php\/wp-json\/wp\/v2\/product\/10201","targetHints":{"allow":["GET"]}}],"collection":[{"href":"https:\/\/butterfly-editions.com\/index.php\/wp-json\/wp\/v2\/product"}],"about":[{"href":"https:\/\/butterfly-editions.com\/index.php\/wp-json\/wp\/v2\/types\/product"}],"replies":[{"embeddable":true,"href":"https:\/\/butterfly-editions.com\/index.php\/wp-json\/wp\/v2\/comments?post=10201"}],"wp:featuredmedia":[{"embeddable":true,"href":"https:\/\/butterfly-editions.com\/index.php\/wp-json\/wp\/v2\/media\/10205"}],"wp:attachment":[{"href":"https:\/\/butterfly-editions.com\/index.php\/wp-json\/wp\/v2\/media?parent=10201"}],"wp:term":[{"taxonomy":"product_brand","embeddable":true,"href":"https:\/\/butterfly-editions.com\/index.php\/wp-json\/wp\/v2\/product_brand?post=10201"},{"taxonomy":"product_cat","embeddable":true,"href":"https:\/\/butterfly-editions.com\/index.php\/wp-json\/wp\/v2\/product_cat?post=10201"},{"taxonomy":"product_tag","embeddable":true,"href":"https:\/\/butterfly-editions.com\/index.php\/wp-json\/wp\/v2\/product_tag?post=10201"}],"curies":[{"name":"wp","href":"https:\/\/api.w.org\/{rel}","templated":true}]}}