{"id":10189,"date":"2026-01-30T11:00:45","date_gmt":"2026-01-30T10:00:45","guid":{"rendered":"https:\/\/butterfly-editions.com\/?post_type=product&#038;p=10189"},"modified":"2026-03-10T10:53:45","modified_gmt":"2026-03-10T09:53:45","slug":"carpe-diem-t3-lexie","status":"publish","type":"product","link":"https:\/\/butterfly-editions.com\/index.php\/produit\/carpe-diem-t3-lexie\/","title":{"rendered":"Carpe Diem T3 &#8211; Lexie"},"content":{"rendered":"<p><strong>Elle fuit son pass\u00e9.<\/strong><\/p>\n<p><strong>Il cherche \u00e0 r\u00e9parer le sien.<\/strong><\/p>\n<p><strong>Et quand leurs chemins se croisent, plus rien ne peut les prot\u00e9ger.<\/strong><\/p>\n<p><strong>\u00a0<\/strong>R\u00e9fugi\u00e9e aux \u00c9tats-Unis sous une fausse identit\u00e9, Lexie pensait pouvoir prot\u00e9ger sa s\u0153ur et laisser derri\u00e8re elle la nuit qui a boulevers\u00e9 sa vie. Invisibilit\u00e9, prudence, silence : c\u2019est tout ce qui lui reste pour tenir debout alors que son pass\u00e9 la traque encore.<\/p>\n<p>De son c\u00f4t\u00e9, Noah refuse de rester prisonnier de ses erreurs pass\u00e9es. D\u00e9termin\u00e9 \u00e0 tourner la page, il accepte d\u2019aider la police \u00e0 pi\u00e9ger un criminel qu\u2019il est le seul \u00e0 pouvoir approcher. Une chance de prouver qu\u2019il peut changer.<\/p>\n<p>Leur rencontre n\u2019\u00e9tait pas pr\u00e9vue. Leur attirance, encore moins. Pourtant, quelque les unie\u00a0: une faille, une urgence, un besoin d\u2019\u00eatre enfin compris.<\/p>\n<p><em>Car parfois, le vrai danger n\u2019est pas celui qu\u2019on fuit\u2026 mais celui qui nous oblige \u00e0 ressentir de nouveau.<\/em><\/p>\n","protected":false},"excerpt":{"rendered":"<p>Elle fuit son pass\u00e9. Il cherche \u00e0 r\u00e9parer le sien. Et quand leurs chemins se croisent, plus rien ne peut les prot\u00e9ger. \u00a0R\u00e9fugi\u00e9e aux \u00c9tats-Unis sous une fausse identit\u00e9, Lexie pensait pouvoir prot\u00e9ger sa s\u0153ur et laisser derri\u00e8re elle la nuit qui a boulevers\u00e9 sa vie. Invisibilit\u00e9, prudence, silence : c\u2019est tout ce qui lui [&hellip;]<\/p>\n","protected":false},"featured_media":10194,"comment_status":"open","ping_status":"closed","template":"","meta":{"_acf_changed":false,"content-type":""},"product_brand":[],"product_cat":[461],"product_tag":[546,547,474,477],"class_list":{"0":"post-10189","1":"product","2":"type-product","3":"status-publish","4":"has-post-thumbnail","6":"product_cat-romance-contemporaine","7":"product_tag-fausse-identite","8":"product_tag-love-at-first-sight","9":"product_tag-secrets","10":"product_tag-workplace-romance","12":"first","13":"instock","14":"taxable","15":"shipping-taxable","16":"purchasable","17":"product-type-variable"},"acf":{"auteur":"Sissy Batzy","date_parution":"20260211","bestseller":false,"librairie":false},"aioseo_notices":[],"_links":{"self":[{"href":"https:\/\/butterfly-editions.com\/index.php\/wp-json\/wp\/v2\/product\/10189","targetHints":{"allow":["GET"]}}],"collection":[{"href":"https:\/\/butterfly-editions.com\/index.php\/wp-json\/wp\/v2\/product"}],"about":[{"href":"https:\/\/butterfly-editions.com\/index.php\/wp-json\/wp\/v2\/types\/product"}],"replies":[{"embeddable":true,"href":"https:\/\/butterfly-editions.com\/index.php\/wp-json\/wp\/v2\/comments?post=10189"}],"wp:featuredmedia":[{"embeddable":true,"href":"https:\/\/butterfly-editions.com\/index.php\/wp-json\/wp\/v2\/media\/10194"}],"wp:attachment":[{"href":"https:\/\/butterfly-editions.com\/index.php\/wp-json\/wp\/v2\/media?parent=10189"}],"wp:term":[{"taxonomy":"product_brand","embeddable":true,"href":"https:\/\/butterfly-editions.com\/index.php\/wp-json\/wp\/v2\/product_brand?post=10189"},{"taxonomy":"product_cat","embeddable":true,"href":"https:\/\/butterfly-editions.com\/index.php\/wp-json\/wp\/v2\/product_cat?post=10189"},{"taxonomy":"product_tag","embeddable":true,"href":"https:\/\/butterfly-editions.com\/index.php\/wp-json\/wp\/v2\/product_tag?post=10189"}],"curies":[{"name":"wp","href":"https:\/\/api.w.org\/{rel}","templated":true}]}}