{"id":10184,"date":"2026-01-30T10:29:26","date_gmt":"2026-01-30T09:29:26","guid":{"rendered":"https:\/\/butterfly-editions.com\/?post_type=product&#038;p=10184"},"modified":"2026-03-10T10:55:03","modified_gmt":"2026-03-10T09:55:03","slug":"carpe-diem-t2-arizona","status":"publish","type":"product","link":"https:\/\/butterfly-editions.com\/index.php\/produit\/carpe-diem-t2-arizona\/","title":{"rendered":"Carpe Diem T2 &#8211; Arizona"},"content":{"rendered":"<p><span class=\"a-text-bold\">Il a tout perdu, sauf son sens du devoir.<\/span><\/p>\n<p><span class=\"a-text-bold\">Elle a tout fui, sauf lui.<\/span><\/p>\n<p><span class=\"a-text-bold\">Et quand le pass\u00e9 les rattrape, aucun d\u2019eux ne peut en sortir indemne.<\/span><\/p>\n<p>Flic solitaire au pass\u00e9 trouble, Jonas s\u2019est jur\u00e9 de ne jamais accorder sa confiance. Mais, quand Arizona, la jeune s\u0153ur de son amie disparue, refait surface, ses certitudes vacillent.<\/p>\n<p>Bris\u00e9e par un ex violent, Arizona a cess\u00e9 de croire en l\u2019amour. Pourtant, au moment o\u00f9 Jonas lui tend la main pour l\u2019aider \u00e0 fuir, elle c\u00e8de. Au fond, elle l\u2019a toujours aim\u00e9. Aupr\u00e8s de lui, elle se sent enfin en s\u00e9curit\u00e9.<\/p>\n<p>Ce qui n\u2019aurait d\u00fb \u00eatre qu\u2019une protection devient un lien impossible \u00e0 rompre. Entre d\u00e9sir et culpabilit\u00e9, Jonas et Arizona s\u2019appr\u00eatent \u00e0 franchir une limite qui pourrait tout bouleverser.<\/p>\n<p><span class=\"a-text-italic\">Parfois, aimer, c\u2019est risquer bien plus que sa vie.<\/span><\/p>\n","protected":false},"excerpt":{"rendered":"<p>Il a tout perdu, sauf son sens du devoir. Elle a tout fui, sauf lui. Et quand le pass\u00e9 les rattrape, aucun d\u2019eux ne peut en sortir indemne. Flic solitaire au pass\u00e9 trouble, Jonas s\u2019est jur\u00e9 de ne jamais accorder sa confiance. Mais, quand Arizona, la jeune s\u0153ur de son amie disparue, refait surface, ses [&hellip;]<\/p>\n","protected":false},"featured_media":10188,"comment_status":"open","ping_status":"closed","template":"","meta":{"_acf_changed":false,"content-type":""},"product_brand":[],"product_cat":[461],"product_tag":[544,543,545,497],"class_list":{"0":"post-10184","1":"product","2":"type-product","3":"status-publish","4":"has-post-thumbnail","6":"product_cat-romance-contemporaine","7":"product_tag-bodyguard","8":"product_tag-garde-du-corps","9":"product_tag-protection","10":"product_tag-suspense","12":"first","13":"instock","14":"taxable","15":"shipping-taxable","16":"purchasable","17":"product-type-variable"},"acf":{"auteur":"Sissy Batzy","date_parution":"20260121","bestseller":false,"librairie":false},"aioseo_notices":[],"_links":{"self":[{"href":"https:\/\/butterfly-editions.com\/index.php\/wp-json\/wp\/v2\/product\/10184","targetHints":{"allow":["GET"]}}],"collection":[{"href":"https:\/\/butterfly-editions.com\/index.php\/wp-json\/wp\/v2\/product"}],"about":[{"href":"https:\/\/butterfly-editions.com\/index.php\/wp-json\/wp\/v2\/types\/product"}],"replies":[{"embeddable":true,"href":"https:\/\/butterfly-editions.com\/index.php\/wp-json\/wp\/v2\/comments?post=10184"}],"wp:featuredmedia":[{"embeddable":true,"href":"https:\/\/butterfly-editions.com\/index.php\/wp-json\/wp\/v2\/media\/10188"}],"wp:attachment":[{"href":"https:\/\/butterfly-editions.com\/index.php\/wp-json\/wp\/v2\/media?parent=10184"}],"wp:term":[{"taxonomy":"product_brand","embeddable":true,"href":"https:\/\/butterfly-editions.com\/index.php\/wp-json\/wp\/v2\/product_brand?post=10184"},{"taxonomy":"product_cat","embeddable":true,"href":"https:\/\/butterfly-editions.com\/index.php\/wp-json\/wp\/v2\/product_cat?post=10184"},{"taxonomy":"product_tag","embeddable":true,"href":"https:\/\/butterfly-editions.com\/index.php\/wp-json\/wp\/v2\/product_tag?post=10184"}],"curies":[{"name":"wp","href":"https:\/\/api.w.org\/{rel}","templated":true}]}}