{"id":10177,"date":"2026-01-30T10:23:58","date_gmt":"2026-01-30T09:23:58","guid":{"rendered":"https:\/\/butterfly-editions.com\/?post_type=product&#038;p=10177"},"modified":"2026-01-30T10:47:24","modified_gmt":"2026-01-30T09:47:24","slug":"tell-me-lies","status":"publish","type":"product","link":"https:\/\/butterfly-editions.com\/index.php\/produit\/tell-me-lies\/","title":{"rendered":"Tell Me Lies"},"content":{"rendered":"<p>Lucy Albright est loin de Long Island, o\u00f9 elle a grandi, lorsqu&rsquo;elle arrive sur le campus de sa petite universit\u00e9 californienne. Elle est heureuse d&rsquo;\u00eatre \u00e0 des centaines de kilom\u00e8tres de sa m\u00e8re, \u00e0 qui elle n&rsquo;a jamais pardonn\u00e9 une trahison commise lorsqu&rsquo;elle \u00e9tait adolescente. Saisissant rapidement cette nouvelle chance qui s&rsquo;offre \u00e0 elle, Lucy embrasse la vie universitaire et tout ce qu&rsquo;elle a \u00e0 offrir. C&rsquo;est alors qu&rsquo;elle rencontre Stephen DeMarco. Charmant. S\u00e9duisant. Compliqu\u00e9. D\u00e9vastateur.<\/p>\n<p>Confiant et s\u00fbr de lui, Stephen voit en Lucy quelque chose que personne d&rsquo;autre ne voit, et elle est rapidement s\u00e9duite par cette vision d&rsquo;elle-m\u00eame et par le sentiment de possibilit\u00e9s que son attention lui apporte. Pendant ce temps, Stephen est d\u00e9termin\u00e9 \u00e0 oublier un incident enfoui dans son pass\u00e9 qui, s&rsquo;il \u00e9tait r\u00e9v\u00e9l\u00e9, pourrait le ruiner, et sa volont\u00e9 farouche de r\u00e9ussir l&rsquo;am\u00e8ne \u00e0 conqu\u00e9rir et \u00e0 garder le c\u0153ur de Lucy.<\/p>\n<p>Lucy sait qu&rsquo;il y a quelque chose chez Stephen qui n&rsquo;est pas digne de confiance. Stephen sait que Lucy ne peut pas s&rsquo;\u00e9loigner de lui. Et leur relation addictive aura des cons\u00e9quences qu&rsquo;ils n&rsquo;auraient jamais pu imaginer.<\/p>\n","protected":false},"excerpt":{"rendered":"<p>Lucy Albright est loin de Long Island, o\u00f9 elle a grandi, lorsqu&rsquo;elle arrive sur le campus de sa petite universit\u00e9 californienne. Elle est heureuse d&rsquo;\u00eatre \u00e0 des centaines de kilom\u00e8tres de sa m\u00e8re, \u00e0 qui elle n&rsquo;a jamais pardonn\u00e9 une trahison commise lorsqu&rsquo;elle \u00e9tait adolescente. Saisissant rapidement cette nouvelle chance qui s&rsquo;offre \u00e0 elle, Lucy [&hellip;]<\/p>\n","protected":false},"featured_media":10179,"comment_status":"open","ping_status":"closed","template":"","meta":{"_acf_changed":false,"content-type":""},"product_brand":[],"product_cat":[466],"product_tag":[540,542,541],"class_list":{"0":"post-10177","1":"product","2":"type-product","3":"status-publish","4":"has-post-thumbnail","6":"product_cat-romance-sombre","7":"product_tag-campus","8":"product_tag-drame-romantique","9":"product_tag-relation-toxique","11":"first","12":"instock","13":"taxable","14":"shipping-taxable","15":"purchasable","16":"product-type-variable"},"acf":{"auteur":"Carola Lovering","date_parution":"20260115","bestseller":false,"librairie":true},"aioseo_notices":[],"_links":{"self":[{"href":"https:\/\/butterfly-editions.com\/index.php\/wp-json\/wp\/v2\/product\/10177","targetHints":{"allow":["GET"]}}],"collection":[{"href":"https:\/\/butterfly-editions.com\/index.php\/wp-json\/wp\/v2\/product"}],"about":[{"href":"https:\/\/butterfly-editions.com\/index.php\/wp-json\/wp\/v2\/types\/product"}],"replies":[{"embeddable":true,"href":"https:\/\/butterfly-editions.com\/index.php\/wp-json\/wp\/v2\/comments?post=10177"}],"wp:featuredmedia":[{"embeddable":true,"href":"https:\/\/butterfly-editions.com\/index.php\/wp-json\/wp\/v2\/media\/10179"}],"wp:attachment":[{"href":"https:\/\/butterfly-editions.com\/index.php\/wp-json\/wp\/v2\/media?parent=10177"}],"wp:term":[{"taxonomy":"product_brand","embeddable":true,"href":"https:\/\/butterfly-editions.com\/index.php\/wp-json\/wp\/v2\/product_brand?post=10177"},{"taxonomy":"product_cat","embeddable":true,"href":"https:\/\/butterfly-editions.com\/index.php\/wp-json\/wp\/v2\/product_cat?post=10177"},{"taxonomy":"product_tag","embeddable":true,"href":"https:\/\/butterfly-editions.com\/index.php\/wp-json\/wp\/v2\/product_tag?post=10177"}],"curies":[{"name":"wp","href":"https:\/\/api.w.org\/{rel}","templated":true}]}}