{"id":10101,"date":"2025-01-29T10:55:10","date_gmt":"2025-01-29T09:55:10","guid":{"rendered":"https:\/\/butterfly-editions.com\/?post_type=product&#038;p=10101"},"modified":"2026-01-29T10:58:45","modified_gmt":"2026-01-29T09:58:45","slug":"te-retrouver-integrale","status":"publish","type":"product","link":"https:\/\/butterfly-editions.com\/index.php\/produit\/te-retrouver-integrale\/","title":{"rendered":"Te retrouver &#8211; Int\u00e9grale"},"content":{"rendered":"<p><span class=\"a-text-bold\">Il suffit parfois d&rsquo;une seconde pour bouleverser nos vies \u00e0 tout jamais.<\/span><\/p>\n<p>Lena, prudente et r\u00e9serv\u00e9e, \u00e9tudie les sciences. Alex, aussi insouciant que t\u00e9m\u00e9raire, pr\u00e9f\u00e8re la litt\u00e9rature. Ils n&rsquo;auraient jamais d\u00fb se croiser, mais le destin en d\u00e9cide autrement.<\/p>\n<p>Deux rencontres.<\/p>\n<p>Deux moments qui chambouleront pour toujours le cours de leurs existences.<\/p>\n<p>Entre peurs, regrets, attirance et secrets, leur amour r\u00e9ussira-t-il \u00e0 triompher ?<\/p>\n<p>&nbsp;<\/p>\n<p><span class=\"a-text-bold\">***<\/span><\/p>\n<p>&nbsp;<\/p>\n<p>\u00a0\u00bb La porte s&rsquo;ouvre et la r\u00e9plique que je m&rsquo;appr\u00eatais \u00e0 sortir reste coinc\u00e9e dans ma gorge. Je me fige, et involontairement, je recule d&rsquo;un pas, choqu\u00e9.<\/p>\n<p>Elle est l\u00e0, devant moi, cette fille que je cherche partout depuis des mois.<\/p>\n<p>En une seconde, tout me revient : le laboratoire, notre premi\u00e8re rencontre, ses larmes, mon silence et mes regrets &#8230; Ces putains de regrets qui ne m&rsquo;ont plus l\u00e2ch\u00e9 depuis !<\/p>\n<p>Et dire que depuis le d\u00e9but elle \u00e9tait l\u00e0, si pr\u00e8s&#8230; \u00ab\u00a0<\/p>\n","protected":false},"excerpt":{"rendered":"<p>Il suffit parfois d&rsquo;une seconde pour bouleverser nos vies \u00e0 tout jamais. Lena, prudente et r\u00e9serv\u00e9e, \u00e9tudie les sciences. Alex, aussi insouciant que t\u00e9m\u00e9raire, pr\u00e9f\u00e8re la litt\u00e9rature. Ils n&rsquo;auraient jamais d\u00fb se croiser, mais le destin en d\u00e9cide autrement. Deux rencontres. Deux moments qui chambouleront pour toujours le cours de leurs existences. Entre peurs, regrets, [&hellip;]<\/p>\n","protected":false},"featured_media":10103,"comment_status":"open","ping_status":"closed","template":"","meta":{"_acf_changed":false,"content-type":""},"product_brand":[],"product_cat":[461],"product_tag":[],"class_list":{"0":"post-10101","1":"product","2":"type-product","3":"status-publish","4":"has-post-thumbnail","6":"product_cat-romance-contemporaine","8":"first","9":"instock","10":"downloadable","11":"virtual","12":"taxable","13":"purchasable","14":"product-type-simple"},"acf":{"auteur":"Louise Lucas","date_parution":"20200703","bestseller":false,"librairie":false},"aioseo_notices":[],"_links":{"self":[{"href":"https:\/\/butterfly-editions.com\/index.php\/wp-json\/wp\/v2\/product\/10101","targetHints":{"allow":["GET"]}}],"collection":[{"href":"https:\/\/butterfly-editions.com\/index.php\/wp-json\/wp\/v2\/product"}],"about":[{"href":"https:\/\/butterfly-editions.com\/index.php\/wp-json\/wp\/v2\/types\/product"}],"replies":[{"embeddable":true,"href":"https:\/\/butterfly-editions.com\/index.php\/wp-json\/wp\/v2\/comments?post=10101"}],"wp:featuredmedia":[{"embeddable":true,"href":"https:\/\/butterfly-editions.com\/index.php\/wp-json\/wp\/v2\/media\/10103"}],"wp:attachment":[{"href":"https:\/\/butterfly-editions.com\/index.php\/wp-json\/wp\/v2\/media?parent=10101"}],"wp:term":[{"taxonomy":"product_brand","embeddable":true,"href":"https:\/\/butterfly-editions.com\/index.php\/wp-json\/wp\/v2\/product_brand?post=10101"},{"taxonomy":"product_cat","embeddable":true,"href":"https:\/\/butterfly-editions.com\/index.php\/wp-json\/wp\/v2\/product_cat?post=10101"},{"taxonomy":"product_tag","embeddable":true,"href":"https:\/\/butterfly-editions.com\/index.php\/wp-json\/wp\/v2\/product_tag?post=10101"}],"curies":[{"name":"wp","href":"https:\/\/api.w.org\/{rel}","templated":true}]}}