{"id":10096,"date":"2025-01-29T10:50:14","date_gmt":"2025-01-29T09:50:14","guid":{"rendered":"https:\/\/butterfly-editions.com\/?post_type=product&#038;p=10096"},"modified":"2026-01-29T10:54:33","modified_gmt":"2026-01-29T09:54:33","slug":"love-to-death-integrale","status":"publish","type":"product","link":"https:\/\/butterfly-editions.com\/index.php\/produit\/love-to-death-integrale\/","title":{"rendered":"Love to death &#8211; Int\u00e9grale"},"content":{"rendered":"<div id=\"bookDescription_feature_div\" class=\"celwidget\" data-feature-name=\"bookDescription\" data-csa-c-type=\"widget\" data-csa-c-content-id=\"bookDescription\" data-csa-c-slot-id=\"bookDescription_feature_div\" data-csa-c-asin=\"\" data-csa-c-is-in-initial-active-row=\"false\" data-csa-c-id=\"7tfvv5-amn5gc-tip6q9-p60soo\" data-cel-widget=\"bookDescription_feature_div\">\n<div class=\"a-expander-collapsed-height a-row a-expander-container a-spacing-base a-expander-partial-collapse-container\" data-a-expander-name=\"book_description_expander\" data-a-expander-collapsed-height=\"280\">\n<div class=\"a-expander-content a-expander-partial-collapse-content\" data-expanded=\"false\">\n<p>\u00c0 dix-huit ans, Mila n&rsquo;a qu&rsquo;un seul r\u00eave, qu&rsquo;une seule obsession, se faire aimer d&rsquo;Andreas, le fr\u00e8re a\u00een\u00e9 de son meilleur ami Lucas, et d&rsquo;un jour l&rsquo;\u00e9pouser. Andreas, vingt-deux ans, aime la vie et tous ses plaisirs. Il collectionne les aventures comme d&rsquo;autres les timbres. Lorsqu&rsquo;il rentre pour les vacances, les choses s&rsquo;acc\u00e9l\u00e8rent. Si jusque-l\u00e0, Mila n&rsquo;a jamais r\u00e9ellement attis\u00e9 son d\u00e9sir, il se rend compte qu&rsquo;elle l&rsquo;attire irr\u00e9sistiblement. Pourtant, il n&rsquo;a de cesse de lui briser le coeur. Mila sera-t-elle pr\u00eate \u00e0 tout accepter pour arriver \u00e0 ses fins ? Andreas pourra-t-il r\u00e9ellement changer ? Entre d\u00e9ceptions et trahisons, pourront-ils voir leur amour triompher ?<\/p>\n<\/div>\n<\/div>\n<\/div>\n","protected":false},"excerpt":{"rendered":"<p>\u00c0 dix-huit ans, Mila n&rsquo;a qu&rsquo;un seul r\u00eave, qu&rsquo;une seule obsession, se faire aimer d&rsquo;Andreas, le fr\u00e8re a\u00een\u00e9 de son meilleur ami Lucas, et d&rsquo;un jour l&rsquo;\u00e9pouser. Andreas, vingt-deux ans, aime la vie et tous ses plaisirs. Il collectionne les aventures comme d&rsquo;autres les timbres. Lorsqu&rsquo;il rentre pour les vacances, les choses s&rsquo;acc\u00e9l\u00e8rent. Si jusque-l\u00e0, [&hellip;]<\/p>\n","protected":false},"featured_media":10100,"comment_status":"open","ping_status":"closed","template":"","meta":{"_acf_changed":false,"content-type":""},"product_brand":[],"product_cat":[461],"product_tag":[],"class_list":{"0":"post-10096","1":"product","2":"type-product","3":"status-publish","4":"has-post-thumbnail","6":"product_cat-romance-contemporaine","8":"first","9":"instock","10":"downloadable","11":"virtual","12":"taxable","13":"purchasable","14":"product-type-simple"},"acf":{"auteur":"Ava Krol","date_parution":"20200420","bestseller":false,"librairie":false},"aioseo_notices":[],"_links":{"self":[{"href":"https:\/\/butterfly-editions.com\/index.php\/wp-json\/wp\/v2\/product\/10096","targetHints":{"allow":["GET"]}}],"collection":[{"href":"https:\/\/butterfly-editions.com\/index.php\/wp-json\/wp\/v2\/product"}],"about":[{"href":"https:\/\/butterfly-editions.com\/index.php\/wp-json\/wp\/v2\/types\/product"}],"replies":[{"embeddable":true,"href":"https:\/\/butterfly-editions.com\/index.php\/wp-json\/wp\/v2\/comments?post=10096"}],"wp:featuredmedia":[{"embeddable":true,"href":"https:\/\/butterfly-editions.com\/index.php\/wp-json\/wp\/v2\/media\/10100"}],"wp:attachment":[{"href":"https:\/\/butterfly-editions.com\/index.php\/wp-json\/wp\/v2\/media?parent=10096"}],"wp:term":[{"taxonomy":"product_brand","embeddable":true,"href":"https:\/\/butterfly-editions.com\/index.php\/wp-json\/wp\/v2\/product_brand?post=10096"},{"taxonomy":"product_cat","embeddable":true,"href":"https:\/\/butterfly-editions.com\/index.php\/wp-json\/wp\/v2\/product_cat?post=10096"},{"taxonomy":"product_tag","embeddable":true,"href":"https:\/\/butterfly-editions.com\/index.php\/wp-json\/wp\/v2\/product_tag?post=10096"}],"curies":[{"name":"wp","href":"https:\/\/api.w.org\/{rel}","templated":true}]}}