{"id":10089,"date":"2025-01-29T10:46:03","date_gmt":"2025-01-29T09:46:03","guid":{"rendered":"https:\/\/butterfly-editions.com\/?post_type=product&#038;p=10089"},"modified":"2026-01-29T10:54:57","modified_gmt":"2026-01-29T09:54:57","slug":"love-box-integrale","status":"publish","type":"product","link":"https:\/\/butterfly-editions.com\/index.php\/produit\/love-box-integrale\/","title":{"rendered":"Love Box &#8211; Int\u00e9grale"},"content":{"rendered":"<p><span class=\"a-text-bold\">Trois amies.<\/span><\/p>\n<p><span class=\"a-text-bold\">Une bo\u00eete. Trois voeux. Autant de secrets.<\/span><\/p>\n<p><span class=\"a-text-bold\">Trois romances ind\u00e9pendantes issues d&rsquo;un m\u00eame univers. La Love BOX.<\/span><\/p>\n<p>&nbsp;<\/p>\n<p>Qu&rsquo;en est-il lorsque le souhait le plus fou de Sara d\u00e9pend de la volont\u00e9 de Sam, un patineur aussi troublant que sexy ?<\/p>\n<p>&nbsp;<\/p>\n<p>Elias, un acteur prometteur, \u00e9corch\u00e9 vif. Louise, une jeune femme perdue. Et si l&rsquo;amour frappait l\u00e0 o\u00f9 on s&rsquo;y attend le moins ?<\/p>\n<p>&nbsp;<\/p>\n<p>Ma\u00ebl, un hockeyeur\u00a0<span class=\"a-text-italic\">Bad boy<\/span>. Cam\u00e9lia, une jeune femme inexp\u00e9riment\u00e9e. Et si r\u00e9sister au coup de foudre \u00e9tait le pire des poisons ?<\/p>\n","protected":false},"excerpt":{"rendered":"<p>Trois amies. Une bo\u00eete. Trois voeux. Autant de secrets. Trois romances ind\u00e9pendantes issues d&rsquo;un m\u00eame univers. La Love BOX. &nbsp; Qu&rsquo;en est-il lorsque le souhait le plus fou de Sara d\u00e9pend de la volont\u00e9 de Sam, un patineur aussi troublant que sexy ? &nbsp; Elias, un acteur prometteur, \u00e9corch\u00e9 vif. Louise, une jeune femme perdue. [&hellip;]<\/p>\n","protected":false},"featured_media":10094,"comment_status":"open","ping_status":"closed","template":"","meta":{"_acf_changed":false,"content-type":""},"product_brand":[],"product_cat":[461],"product_tag":[],"class_list":{"0":"post-10089","1":"product","2":"type-product","3":"status-publish","4":"has-post-thumbnail","6":"product_cat-romance-contemporaine","8":"first","9":"instock","10":"downloadable","11":"virtual","12":"taxable","13":"purchasable","14":"product-type-simple"},"acf":{"auteur":"Juliette Mey","date_parution":"20200309","bestseller":false,"librairie":false},"aioseo_notices":[],"_links":{"self":[{"href":"https:\/\/butterfly-editions.com\/index.php\/wp-json\/wp\/v2\/product\/10089","targetHints":{"allow":["GET"]}}],"collection":[{"href":"https:\/\/butterfly-editions.com\/index.php\/wp-json\/wp\/v2\/product"}],"about":[{"href":"https:\/\/butterfly-editions.com\/index.php\/wp-json\/wp\/v2\/types\/product"}],"replies":[{"embeddable":true,"href":"https:\/\/butterfly-editions.com\/index.php\/wp-json\/wp\/v2\/comments?post=10089"}],"wp:featuredmedia":[{"embeddable":true,"href":"https:\/\/butterfly-editions.com\/index.php\/wp-json\/wp\/v2\/media\/10094"}],"wp:attachment":[{"href":"https:\/\/butterfly-editions.com\/index.php\/wp-json\/wp\/v2\/media?parent=10089"}],"wp:term":[{"taxonomy":"product_brand","embeddable":true,"href":"https:\/\/butterfly-editions.com\/index.php\/wp-json\/wp\/v2\/product_brand?post=10089"},{"taxonomy":"product_cat","embeddable":true,"href":"https:\/\/butterfly-editions.com\/index.php\/wp-json\/wp\/v2\/product_cat?post=10089"},{"taxonomy":"product_tag","embeddable":true,"href":"https:\/\/butterfly-editions.com\/index.php\/wp-json\/wp\/v2\/product_tag?post=10089"}],"curies":[{"name":"wp","href":"https:\/\/api.w.org\/{rel}","templated":true}]}}