{"id":10082,"date":"2025-01-29T10:34:18","date_gmt":"2025-01-29T09:34:18","guid":{"rendered":"https:\/\/butterfly-editions.com\/?post_type=product&#038;p=10082"},"modified":"2026-01-29T10:36:03","modified_gmt":"2026-01-29T09:36:03","slug":"psychotic-christmas-2","status":"publish","type":"product","link":"https:\/\/butterfly-editions.com\/index.php\/produit\/psychotic-christmas-2\/","title":{"rendered":"Psychotic Christmas"},"content":{"rendered":"<p><span class=\"a-text-bold\">Il voulait la d\u00e9truire&#8230; Il va la d\u00e9sirer&#8230;<\/span><\/p>\n<p>&nbsp;<\/p>\n<p>Depuis deux ans, Lia m\u00e8ne une vie paisible sans histoire aupr\u00e8s de sa soeur, J\u00e9hanie.<br \/>\nPeu avant No\u00ebl, alors qu&rsquo;elle s&rsquo;appr\u00eate \u00e0 passer les f\u00eates en famille, la magie vire au cauchemar.<br \/>\nLia se fait kidnapper. Bien que son ravisseur respire le danger et la peur, elle d\u00e9cide de s&rsquo;accrocher au moindre espoir. Au moindre regard. Au moindre rapprochement&#8230;<br \/>\nQui est-il ? Que lui veut-il ? Pourquoi elle ?<br \/>\nLia n&rsquo;a plus qu&rsquo;un but : percer son secret avant qu&rsquo;il ne soit trop tard et que sonne le glas de son dernier No\u00ebl.<\/p>\n<p>&nbsp;<\/p>\n<p><span class=\"a-text-italic\">\u00ab\u00a0Combien de manches pourras-tu tenir, Lia ? Le compte a rebours est lanc\u00e9, que la partie commence&#8230;\u00a0\u00bb<\/span><\/p>\n","protected":false},"excerpt":{"rendered":"<p>Il voulait la d\u00e9truire&#8230; Il va la d\u00e9sirer&#8230; &nbsp; Depuis deux ans, Lia m\u00e8ne une vie paisible sans histoire aupr\u00e8s de sa soeur, J\u00e9hanie. Peu avant No\u00ebl, alors qu&rsquo;elle s&rsquo;appr\u00eate \u00e0 passer les f\u00eates en famille, la magie vire au cauchemar. Lia se fait kidnapper. Bien que son ravisseur respire le danger et la peur, [&hellip;]<\/p>\n","protected":false},"featured_media":10077,"comment_status":"open","ping_status":"closed","template":"","meta":{"_acf_changed":false,"content-type":""},"product_brand":[],"product_cat":[464],"product_tag":[],"class_list":{"0":"post-10082","1":"product","2":"type-product","3":"status-publish","4":"has-post-thumbnail","6":"product_cat-romance-de-noel","8":"first","9":"outofstock","10":"downloadable","11":"virtual","12":"sold-individually","13":"taxable","14":"purchasable","15":"product-type-simple"},"acf":{"auteur":"MadiLie V.","date_parution":"20191203","bestseller":false,"librairie":false},"aioseo_notices":[],"_links":{"self":[{"href":"https:\/\/butterfly-editions.com\/index.php\/wp-json\/wp\/v2\/product\/10082","targetHints":{"allow":["GET"]}}],"collection":[{"href":"https:\/\/butterfly-editions.com\/index.php\/wp-json\/wp\/v2\/product"}],"about":[{"href":"https:\/\/butterfly-editions.com\/index.php\/wp-json\/wp\/v2\/types\/product"}],"replies":[{"embeddable":true,"href":"https:\/\/butterfly-editions.com\/index.php\/wp-json\/wp\/v2\/comments?post=10082"}],"wp:featuredmedia":[{"embeddable":true,"href":"https:\/\/butterfly-editions.com\/index.php\/wp-json\/wp\/v2\/media\/10077"}],"wp:attachment":[{"href":"https:\/\/butterfly-editions.com\/index.php\/wp-json\/wp\/v2\/media?parent=10082"}],"wp:term":[{"taxonomy":"product_brand","embeddable":true,"href":"https:\/\/butterfly-editions.com\/index.php\/wp-json\/wp\/v2\/product_brand?post=10082"},{"taxonomy":"product_cat","embeddable":true,"href":"https:\/\/butterfly-editions.com\/index.php\/wp-json\/wp\/v2\/product_cat?post=10082"},{"taxonomy":"product_tag","embeddable":true,"href":"https:\/\/butterfly-editions.com\/index.php\/wp-json\/wp\/v2\/product_tag?post=10082"}],"curies":[{"name":"wp","href":"https:\/\/api.w.org\/{rel}","templated":true}]}}