{"id":10072,"date":"2025-01-29T10:23:56","date_gmt":"2025-01-29T09:23:56","guid":{"rendered":"https:\/\/butterfly-editions.com\/?post_type=product&#038;p=10072"},"modified":"2026-01-29T10:29:18","modified_gmt":"2026-01-29T09:29:18","slug":"santa-baby","status":"publish","type":"product","link":"https:\/\/butterfly-editions.com\/index.php\/produit\/santa-baby\/","title":{"rendered":"Santa Baby"},"content":{"rendered":"<p>Apr\u00e8s des mois \u00e0 se croiser entre deux d\u00e9placements professionnels, Callahan et Savannah O&rsquo;Shea, d\u00e9sormais mari\u00e9s, peuvent enfin profiter d&rsquo;une semaine de repos bien m\u00e9rit\u00e9 \u00e0 la montagne.<\/p>\n<p>Au programme des ces vacances de no\u00ebl : concours de bonhomme de neige, r\u00e9veillon en famille et siestes d\u00e9licieusement crapuleuses devant la chemin\u00e9e&#8230;<\/p>\n<p>Seulement, cette ann\u00e9e, le P\u00e8re No\u00ebl pourrait bien apporter son lot de surprises&#8230;<\/p>\n","protected":false},"excerpt":{"rendered":"<p>Apr\u00e8s des mois \u00e0 se croiser entre deux d\u00e9placements professionnels, Callahan et Savannah O&rsquo;Shea, d\u00e9sormais mari\u00e9s, peuvent enfin profiter d&rsquo;une semaine de repos bien m\u00e9rit\u00e9 \u00e0 la montagne. Au programme des ces vacances de no\u00ebl : concours de bonhomme de neige, r\u00e9veillon en famille et siestes d\u00e9licieusement crapuleuses devant la chemin\u00e9e&#8230; Seulement, cette ann\u00e9e, le [&hellip;]<\/p>\n","protected":false},"featured_media":10074,"comment_status":"open","ping_status":"closed","template":"","meta":{"_acf_changed":false,"content-type":""},"product_brand":[],"product_cat":[464],"product_tag":[],"class_list":{"0":"post-10072","1":"product","2":"type-product","3":"status-publish","4":"has-post-thumbnail","6":"product_cat-romance-de-noel","8":"first","9":"outofstock","10":"downloadable","11":"virtual","12":"sold-individually","13":"taxable","14":"purchasable","15":"product-type-simple"},"acf":{"auteur":"Diane Hart","date_parution":"20191202","bestseller":false,"librairie":false},"aioseo_notices":[],"_links":{"self":[{"href":"https:\/\/butterfly-editions.com\/index.php\/wp-json\/wp\/v2\/product\/10072","targetHints":{"allow":["GET"]}}],"collection":[{"href":"https:\/\/butterfly-editions.com\/index.php\/wp-json\/wp\/v2\/product"}],"about":[{"href":"https:\/\/butterfly-editions.com\/index.php\/wp-json\/wp\/v2\/types\/product"}],"replies":[{"embeddable":true,"href":"https:\/\/butterfly-editions.com\/index.php\/wp-json\/wp\/v2\/comments?post=10072"}],"wp:featuredmedia":[{"embeddable":true,"href":"https:\/\/butterfly-editions.com\/index.php\/wp-json\/wp\/v2\/media\/10074"}],"wp:attachment":[{"href":"https:\/\/butterfly-editions.com\/index.php\/wp-json\/wp\/v2\/media?parent=10072"}],"wp:term":[{"taxonomy":"product_brand","embeddable":true,"href":"https:\/\/butterfly-editions.com\/index.php\/wp-json\/wp\/v2\/product_brand?post=10072"},{"taxonomy":"product_cat","embeddable":true,"href":"https:\/\/butterfly-editions.com\/index.php\/wp-json\/wp\/v2\/product_cat?post=10072"},{"taxonomy":"product_tag","embeddable":true,"href":"https:\/\/butterfly-editions.com\/index.php\/wp-json\/wp\/v2\/product_tag?post=10072"}],"curies":[{"name":"wp","href":"https:\/\/api.w.org\/{rel}","templated":true}]}}