{"id":90,"date":"2016-06-09T22:30:11","date_gmt":"2016-06-09T21:30:11","guid":{"rendered":"http:\/\/butterfly-editions.com\/?page_id=90"},"modified":"2020-03-29T12:39:15","modified_gmt":"2020-03-29T11:39:15","slug":"mentions-legales","status":"publish","type":"page","link":"https:\/\/butterfly-editions.com\/index.php\/la-societe\/mentions-legales\/","title":{"rendered":"Mentions Legales"},"content":{"rendered":"<h4>Ce site est publi\u00e9 par Butterfly Editions SAS, une soci\u00e9t\u00e9 par actions simplifi\u00e9es immatricul\u00e9e au Registre du Commerce et des Soci\u00e9t\u00e9s de Versailles sous le num\u00e9ro 820\u00a0742\u00a0591, au capital de 1500\u20ac, situ\u00e9e au 9 rue de l&rsquo;\u00e9glise, 78770, Thoiry.<\/h4>\n<h4><\/h4>\n<h4><strong>Copyright<\/strong><\/h4>\n<p>Le contenu \u00e9ditorial de ce site est l\u2019unique propri\u00e9t\u00e9 de Butterfly Editions SAS.<\/p>\n<p>L\u2019ensemble des publications, textes, images et vid\u00e9os, pr\u00e9sent\u00e9s sur ce blog appartiennent \u00e0 Butterfly Editions SAS, sauf mention contraire.<\/p>\n<p><strong>Il est interdit de les copier, reproduire ou redistribuer sous quelque forme que ce soit. Si vous souhaitez le faire {uniquement dans un cadre non commercial}, n\u2019h\u00e9sitez pas \u00e0 prendre contact avec nous (contact@butterfly-editions.com) pour solliciter une autorisation.<\/strong><strong><br \/>\n<\/strong><\/p>\n<p>L\u2019utilisateur est inform\u00e9 que, lors de ses visites sur le site, un cookie peut, le cas \u00e9ch\u00e9ant, s\u2019installer automatiquement sur son logiciel de navigation. Le cookie est un petit bloc de donn\u00e9es qui ne permet pas d\u2019identifier l\u2019utilisateur mais sert \u00e0 enregistrer les informations relatives \u00e0 la navigation de celui-ci sur le site. Le param\u00e9trage du logiciel de navigation permet d\u2019informer de la pr\u00e9sence de cookies et \u00e9ventuellement de la refuser de la mani\u00e8re d\u00e9crite sur le site de la CNIL.<\/p>\n<h4><strong>H\u00e9bergement<\/strong><\/h4>\n<p>Le site butterfly-editions.com est propuls\u00e9 par WordPress. Il est h\u00e9berg\u00e9 par OVH, dont le si\u00e8ge social se trouve 2 rue Kellermann \u2013 59100 Roubaix \u2013 France.<\/p>\n","protected":false},"excerpt":{"rendered":"<p>Ce site est publi\u00e9 par Butterfly Editions SAS, une soci\u00e9t\u00e9 par actions simplifi\u00e9es immatricul\u00e9e au Registre du Commerce et des Soci\u00e9t\u00e9s de Versailles sous le num\u00e9ro 820\u00a0742\u00a0591, au capital de 1500\u20ac, situ\u00e9e au 9 rue de l&rsquo;\u00e9glise, 78770, Thoiry. Copyright Le contenu \u00e9ditorial de ce site est l\u2019unique propri\u00e9t\u00e9 de Butterfly Editions SAS. L\u2019ensemble des [&hellip;]<\/p>\n","protected":false},"author":1,"featured_media":0,"parent":31,"menu_order":0,"comment_status":"closed","ping_status":"closed","template":"","meta":{"_acf_changed":false,"content-type":"","footnotes":""},"class_list":["post-90","page","type-page","status-publish","hentry"],"blocksy_meta":[],"acf":[],"aioseo_notices":[],"_links":{"self":[{"href":"https:\/\/butterfly-editions.com\/index.php\/wp-json\/wp\/v2\/pages\/90","targetHints":{"allow":["GET"]}}],"collection":[{"href":"https:\/\/butterfly-editions.com\/index.php\/wp-json\/wp\/v2\/pages"}],"about":[{"href":"https:\/\/butterfly-editions.com\/index.php\/wp-json\/wp\/v2\/types\/page"}],"author":[{"embeddable":true,"href":"https:\/\/butterfly-editions.com\/index.php\/wp-json\/wp\/v2\/users\/1"}],"replies":[{"embeddable":true,"href":"https:\/\/butterfly-editions.com\/index.php\/wp-json\/wp\/v2\/comments?post=90"}],"version-history":[{"count":5,"href":"https:\/\/butterfly-editions.com\/index.php\/wp-json\/wp\/v2\/pages\/90\/revisions"}],"predecessor-version":[{"id":1446,"href":"https:\/\/butterfly-editions.com\/index.php\/wp-json\/wp\/v2\/pages\/90\/revisions\/1446"}],"up":[{"embeddable":true,"href":"https:\/\/butterfly-editions.com\/index.php\/wp-json\/wp\/v2\/pages\/31"}],"wp:attachment":[{"href":"https:\/\/butterfly-editions.com\/index.php\/wp-json\/wp\/v2\/media?parent=90"}],"curies":[{"name":"wp","href":"https:\/\/api.w.org\/{rel}","templated":true}]}}